{"id":28984,"date":"2024-05-03T10:38:27","date_gmt":"2024-05-03T08:38:27","guid":{"rendered":"https:\/\/dev.varimixer.com\/omkring\/"},"modified":"2024-06-07T11:32:26","modified_gmt":"2024-06-07T09:32:26","slug":"om","status":"publish","type":"page","link":"https:\/\/dev.varimixer.com\/da\/om\/","title":{"rendered":"Om"},"content":{"rendered":"\t\t<div data-elementor-type=\"wp-page\" data-elementor-id=\"28984\" class=\"elementor elementor-28984 elementor-17091\" data-elementor-post-type=\"page\">\n\t\t\t\t\t\t<section class=\"elementor-section elementor-top-section elementor-element elementor-element-d38797b elementor-section-height-min-height elementor-section-content-bottom elementor-section-boxed elementor-section-height-default elementor-section-items-middle\" data-id=\"d38797b\" data-element_type=\"section\" data-e-type=\"section\" data-settings=\"{&quot;background_background&quot;:&quot;classic&quot;}\">\n\t\t\t\t\t\t<div class=\"elementor-container elementor-column-gap-default\">\n\t\t\t\t\t<div class=\"elementor-column elementor-col-100 elementor-top-column elementor-element elementor-element-f2fd531\" data-id=\"f2fd531\" data-element_type=\"column\" data-e-type=\"column\">\n\t\t\t<div class=\"elementor-widget-wrap elementor-element-populated\">\n\t\t\t\t\t\t<div class=\"elementor-element elementor-element-fa37baa elementor-widget elementor-widget-heading\" data-id=\"fa37baa\" data-element_type=\"widget\" data-e-type=\"widget\" data-widget_type=\"heading.default\">\n\t\t\t\t<div class=\"elementor-widget-container\">\n\t\t\t\t\t<h3 class=\"elementor-heading-title elementor-size-default\">Om os<\/h3>\t\t\t\t<\/div>\n\t\t\t\t<\/div>\n\t\t\t\t<div class=\"elementor-element elementor-element-188b05b elementor-widget elementor-widget-text-editor\" data-id=\"188b05b\" data-element_type=\"widget\" data-e-type=\"widget\" data-widget_type=\"text-editor.default\">\n\t\t\t\t<div class=\"elementor-widget-container\">\n\t\t\t\t\t\t\t\t\t<p>I 1915 grundlagde den unge danske mekaniker Palle Hoff Wodschow virksomheden, der skulle blive verdenskendt for at v\u00e6re \u2019St\u00e6rk som en Bj\u00f8rn\u2019. Det handlede fra starten om r\u00f8remaskiner til professionelle, og det g\u00f8r det ogs\u00e5 i dag. Og kun r\u00f8remaskiner, med den styrke og ekspertise, som denne specialisering giver. Og bj\u00f8rnen er stadig varem\u00e6rke og symbol for mere end 100 \u00e5rs dansk h\u00e5ndv\u00e6rk, kvalitet og banebrydende design og funktion.<\/p>\t\t\t\t\t\t\t\t<\/div>\n\t\t\t\t<\/div>\n\t\t\t\t\t<\/div>\n\t\t<\/div>\n\t\t\t\t\t<\/div>\n\t\t<\/section>\n\t\t\t\t<section class=\"elementor-section elementor-top-section elementor-element elementor-element-5f23820 elementor-section-boxed elementor-section-height-default elementor-section-height-default\" data-id=\"5f23820\" data-element_type=\"section\" data-e-type=\"section\">\n\t\t\t\t\t\t<div class=\"elementor-container elementor-column-gap-default\">\n\t\t\t\t\t<div class=\"elementor-column elementor-col-66 elementor-top-column elementor-element elementor-element-64d6071\" data-id=\"64d6071\" data-element_type=\"column\" data-e-type=\"column\">\n\t\t\t<div class=\"elementor-widget-wrap elementor-element-populated\">\n\t\t\t\t\t\t<div class=\"elementor-element elementor-element-f8adf15 elementor-widget elementor-widget-text-editor\" data-id=\"f8adf15\" data-element_type=\"widget\" data-e-type=\"widget\" data-widget_type=\"text-editor.default\">\n\t\t\t\t<div class=\"elementor-widget-container\">\n\t\t\t\t\t\t\t\t\t<p>DANSK DESIGN OG KVALITET<\/p><p>Det kan ses. Det kan h\u00f8res. Det kan m\u00e6rkes. Varimixer er solidt kram, der er skabt til at holde i \u00e5revis. R\u00f8remaskiner, som t\u00e5ler dagligt, h\u00e5rdt arbejde i bagerier, k\u00f8kkener, f\u00f8devareproduktioner og i medicinalindustrien. I de sm\u00e5 og i de helt store produktioner.<\/p><p>Det er r\u00f8remaskiner, der bygger p\u00e5 tradition for godt h\u00e5ndv\u00e6rk og en unik id\u00e9, n\u00e5r r\u00f8rev\u00e6rkt\u00f8jerne roterer om sin egen akse samtidig med, at de f\u00f8res rundt i en cirkelbev\u00e6gfelse i kedlen \u2013 som planeter omkring solen. Det betyder, at hele massen i kedlen bearbejdes og alle punkter langs kedelv\u00e6ggen n\u00e5s.<\/p><p>Det er tradition for nyt\u00e6nkning. Tradition for produktudvikling baseret p\u00e5 et indg\u00e5ende kendskab til brugernes behov og dagligdag og brugerdrevet innovation p\u00e5 forkant med fremtiden. Resultatet er professionelle r\u00f8remaskiner, der tager ansvar for ergonomi, hygiejne og nem reng\u00f8ring.<\/p><p>Dansk design og kvalitet. Med udvalgte, veluddannede og professionelle distribut\u00f8rer over hele verden som garant for fuld tilfredshed f\u00f8r, under og efter installationen<\/p>\t\t\t\t\t\t\t\t<\/div>\n\t\t\t\t<\/div>\n\t\t\t\t\t<\/div>\n\t\t<\/div>\n\t\t\t\t<div class=\"elementor-column elementor-col-33 elementor-top-column elementor-element elementor-element-0d79466\" data-id=\"0d79466\" data-element_type=\"column\" data-e-type=\"column\">\n\t\t\t<div class=\"elementor-widget-wrap elementor-element-populated\">\n\t\t\t\t\t\t<div class=\"elementor-element elementor-element-694bc14 elementor-widget elementor-widget-image\" data-id=\"694bc14\" data-element_type=\"widget\" data-e-type=\"widget\" data-widget_type=\"image.default\">\n\t\t\t\t<div class=\"elementor-widget-container\">\n\t\t\t\t\t\t\t\t\t\t\t\t\t\t\t<img decoding=\"async\" src=\"https:\/\/dev.varimixer.com\/wp-content\/uploads\/2017\/09\/15L_OK.jpg\" title=\"\" alt=\"\" loading=\"lazy\" \/>\t\t\t\t\t\t\t\t\t\t\t\t\t\t\t<\/div>\n\t\t\t\t<\/div>\n\t\t\t\t<div class=\"elementor-element elementor-element-003f32a elementor-widget elementor-widget-text-editor\" data-id=\"003f32a\" data-element_type=\"widget\" data-e-type=\"widget\" data-widget_type=\"text-editor.default\">\n\t\t\t\t<div class=\"elementor-widget-container\">\n\t\t\t\t\t\t\t\t\t<p><i>S\u00e5dan begyndte det i 1915 \u2013 en 15 liter R\u00f8re-, Piske- og \u00c6ltemaskine<\/i><\/p>\t\t\t\t\t\t\t\t<\/div>\n\t\t\t\t<\/div>\n\t\t\t\t\t<\/div>\n\t\t<\/div>\n\t\t\t\t\t<\/div>\n\t\t<\/section>\n\t\t\t\t<section class=\"elementor-section elementor-top-section elementor-element elementor-element-859ce8a elementor-section-full_width elementor-section-height-default elementor-section-height-default\" data-id=\"859ce8a\" data-element_type=\"section\" data-e-type=\"section\" data-settings=\"{&quot;background_background&quot;:&quot;classic&quot;}\">\n\t\t\t\t\t\t<div class=\"elementor-container elementor-column-gap-default\">\n\t\t\t\t\t<div class=\"elementor-column elementor-col-100 elementor-top-column elementor-element elementor-element-17e53da\" data-id=\"17e53da\" data-element_type=\"column\" data-e-type=\"column\">\n\t\t\t<div class=\"elementor-widget-wrap elementor-element-populated\">\n\t\t\t\t\t\t<div class=\"elementor-element elementor-element-493416c elementor-widget elementor-widget-image\" data-id=\"493416c\" data-element_type=\"widget\" data-e-type=\"widget\" data-widget_type=\"image.default\">\n\t\t\t\t<div class=\"elementor-widget-container\">\n\t\t\t\t\t\t\t\t\t\t\t\t\t\t\t<img decoding=\"async\" src=\"https:\/\/dev.varimixer.com\/wp-content\/uploads\/2017\/09\/About_Haandvaerk_1.jpg\" title=\"\" alt=\"\" loading=\"lazy\" \/>\t\t\t\t\t\t\t\t\t\t\t\t\t\t\t<\/div>\n\t\t\t\t<\/div>\n\t\t\t\t\t<\/div>\n\t\t<\/div>\n\t\t\t\t\t<\/div>\n\t\t<\/section>\n\t\t\t\t<section class=\"elementor-section elementor-top-section elementor-element elementor-element-1820174 elementor-section-boxed elementor-section-height-default elementor-section-height-default\" data-id=\"1820174\" data-element_type=\"section\" data-e-type=\"section\" data-settings=\"{&quot;background_background&quot;:&quot;classic&quot;}\">\n\t\t\t\t\t\t<div class=\"elementor-container elementor-column-gap-default\">\n\t\t\t\t\t<div class=\"elementor-column elementor-col-100 elementor-top-column elementor-element elementor-element-89a42df\" data-id=\"89a42df\" data-element_type=\"column\" data-e-type=\"column\">\n\t\t\t<div class=\"elementor-widget-wrap elementor-element-populated\">\n\t\t\t\t\t\t<div class=\"elementor-element elementor-element-de408fe elementor-widget elementor-widget-text-editor\" data-id=\"de408fe\" data-element_type=\"widget\" data-e-type=\"widget\" data-widget_type=\"text-editor.default\">\n\t\t\t\t<div class=\"elementor-widget-container\">\n\t\t\t\t\t\t\t\t\t<p>Varimixer er ikke masseproduktion. Det er menneskers v\u00e6rk. Intet samleb\u00e5nd, erfarne fagfolk, der p\u00e5 fabrikken i K\u00f8benhavn h\u00e5ndbygger hver enkelt r\u00f8remaskine med faglig stolthed. Det er den samme medarbejder, der har ansvaret for f\u00e6rdigg\u00f8relsen fra start til slut. Assisteret af den nyeste, fleksible produktionsteknologi og 100 \u00e5r gamle v\u00e6rdier: P\u00e5lidelighed. Ansvarlighed. \u00c6rlighed.<\/p>\t\t\t\t\t\t\t\t<\/div>\n\t\t\t\t<\/div>\n\t\t\t\t\t<\/div>\n\t\t<\/div>\n\t\t\t\t\t<\/div>\n\t\t<\/section>\n\t\t\t\t<section class=\"elementor-section elementor-top-section elementor-element elementor-element-6c7a0ce elementor-section-full_width elementor-section-height-default elementor-section-height-default\" data-id=\"6c7a0ce\" data-element_type=\"section\" data-e-type=\"section\" data-settings=\"{&quot;background_background&quot;:&quot;classic&quot;}\">\n\t\t\t\t\t\t<div class=\"elementor-container elementor-column-gap-default\">\n\t\t\t\t\t<div class=\"elementor-column elementor-col-25 elementor-top-column elementor-element elementor-element-6fd58a0\" data-id=\"6fd58a0\" data-element_type=\"column\" data-e-type=\"column\">\n\t\t\t<div class=\"elementor-widget-wrap elementor-element-populated\">\n\t\t\t\t\t\t<div class=\"elementor-element elementor-element-5549728 elementor-widget elementor-widget-image\" data-id=\"5549728\" data-element_type=\"widget\" data-e-type=\"widget\" data-widget_type=\"image.default\">\n\t\t\t\t<div class=\"elementor-widget-container\">\n\t\t\t\t\t\t\t\t\t\t\t\t\t\t\t<img decoding=\"async\" src=\"https:\/\/dev.varimixer.com\/wp-content\/uploads\/2017\/09\/Varimixer_About_1.jpg\" title=\"\" alt=\"\" loading=\"lazy\" \/>\t\t\t\t\t\t\t\t\t\t\t\t\t\t\t<\/div>\n\t\t\t\t<\/div>\n\t\t\t\t\t<\/div>\n\t\t<\/div>\n\t\t\t\t<div class=\"elementor-column elementor-col-25 elementor-top-column elementor-element elementor-element-e820f48\" data-id=\"e820f48\" data-element_type=\"column\" data-e-type=\"column\">\n\t\t\t<div class=\"elementor-widget-wrap elementor-element-populated\">\n\t\t\t\t\t\t<div class=\"elementor-element elementor-element-50a99fb elementor-widget elementor-widget-image\" data-id=\"50a99fb\" data-element_type=\"widget\" data-e-type=\"widget\" data-widget_type=\"image.default\">\n\t\t\t\t<div class=\"elementor-widget-container\">\n\t\t\t\t\t\t\t\t\t\t\t\t\t\t\t<img decoding=\"async\" src=\"https:\/\/dev.varimixer.com\/wp-content\/uploads\/2017\/09\/Varimixer_About_2.jpg\" title=\"\" alt=\"\" loading=\"lazy\" \/>\t\t\t\t\t\t\t\t\t\t\t\t\t\t\t<\/div>\n\t\t\t\t<\/div>\n\t\t\t\t\t<\/div>\n\t\t<\/div>\n\t\t\t\t<div class=\"elementor-column elementor-col-25 elementor-top-column elementor-element elementor-element-73c64d4\" data-id=\"73c64d4\" data-element_type=\"column\" data-e-type=\"column\">\n\t\t\t<div class=\"elementor-widget-wrap elementor-element-populated\">\n\t\t\t\t\t\t<div class=\"elementor-element elementor-element-e525960 elementor-widget elementor-widget-image\" data-id=\"e525960\" data-element_type=\"widget\" data-e-type=\"widget\" data-widget_type=\"image.default\">\n\t\t\t\t<div class=\"elementor-widget-container\">\n\t\t\t\t\t\t\t\t\t\t\t\t\t\t\t<img decoding=\"async\" src=\"https:\/\/dev.varimixer.com\/wp-content\/uploads\/2017\/09\/Varimixer_About_3.jpg\" title=\"\" alt=\"\" loading=\"lazy\" \/>\t\t\t\t\t\t\t\t\t\t\t\t\t\t\t<\/div>\n\t\t\t\t<\/div>\n\t\t\t\t\t<\/div>\n\t\t<\/div>\n\t\t\t\t<div class=\"elementor-column elementor-col-25 elementor-top-column elementor-element elementor-element-0fea70c\" data-id=\"0fea70c\" data-element_type=\"column\" data-e-type=\"column\">\n\t\t\t<div class=\"elementor-widget-wrap elementor-element-populated\">\n\t\t\t\t\t\t<div class=\"elementor-element elementor-element-2d2d4b3 elementor-widget elementor-widget-image\" data-id=\"2d2d4b3\" data-element_type=\"widget\" data-e-type=\"widget\" data-widget_type=\"image.default\">\n\t\t\t\t<div class=\"elementor-widget-container\">\n\t\t\t\t\t\t\t\t\t\t\t\t\t\t\t<img decoding=\"async\" src=\"https:\/\/dev.varimixer.com\/wp-content\/uploads\/2017\/09\/Varimixer_About_4.jpg\" title=\"\" alt=\"\" loading=\"lazy\" \/>\t\t\t\t\t\t\t\t\t\t\t\t\t\t\t<\/div>\n\t\t\t\t<\/div>\n\t\t\t\t\t<\/div>\n\t\t<\/div>\n\t\t\t\t\t<\/div>\n\t\t<\/section>\n\t\t\t\t<section class=\"elementor-section elementor-top-section elementor-element elementor-element-ffd6ea3 elementor-section-boxed elementor-section-height-default elementor-section-height-default\" data-id=\"ffd6ea3\" data-element_type=\"section\" data-e-type=\"section\">\n\t\t\t\t\t\t<div class=\"elementor-container elementor-column-gap-default\">\n\t\t\t\t\t<div class=\"elementor-column elementor-col-100 elementor-top-column elementor-element elementor-element-4896cdc\" data-id=\"4896cdc\" data-element_type=\"column\" data-e-type=\"column\">\n\t\t\t<div class=\"elementor-widget-wrap elementor-element-populated\">\n\t\t\t\t\t\t<div class=\"elementor-element elementor-element-56910f4 elementor-widget elementor-widget-text-editor\" data-id=\"56910f4\" data-element_type=\"widget\" data-e-type=\"widget\" data-widget_type=\"text-editor.default\">\n\t\t\t\t<div class=\"elementor-widget-container\">\n\t\t\t\t\t\t\t\t\t<p>H\u00c5NDV\u00c6RK OG NY TEKNOLOGI<\/p><p>Der er maskiner, der er opfundet til form\u00e5let for \u00e5rtier siden. En h\u00e5ndbetjent maskine til hver enkelt bukning p\u00e5 piskerisets tr\u00e5de eller krogens buk f.eks. Der er de nyeste versioner af fleksible robotter, som arbejder ubemandet i d\u00f8gndrift med pr\u00e6cisionsfremstilling af elementer i de absolut bedste materialer.<\/p><p>Og s\u00e5 er der medarbejderne, der har bygget r\u00f8remaskiner i \u00e5revis. H\u00e5ndv\u00e6rkere med personligt engagement, faglig stolthed og en h\u00f8j grad af ansvarsf\u00f8lelse for d\u00e9t, som mange kalder verdens bedste r\u00f8remaskine.<\/p><p>Store ord, der kan lyde som floskler. Uden indhold ville ordene v\u00e6re v\u00e6rdil\u00f8se, men n\u00e5r ordene svarer til oplevelserne i virkeligheden, er det v\u00e6rdier, der g\u00f8r en virksomhed virkelig st\u00e6rk.<\/p><p>St\u00e6rk som en Bj\u00f8rn.<\/p>\t\t\t\t\t\t\t\t<\/div>\n\t\t\t\t<\/div>\n\t\t\t\t\t<\/div>\n\t\t<\/div>\n\t\t\t\t\t<\/div>\n\t\t<\/section>\n\t\t\t\t<\/div>\n\t\t","protected":false},"excerpt":{"rendered":"<p>Om os I 1915 grundlagde den unge danske mekaniker Palle Hoff Wodschow virksomheden, der skulle blive verdenskendt for at v\u00e6re \u2019St\u00e6rk som en Bj\u00f8rn\u2019. Det handlede fra starten om r\u00f8remaskiner til professionelle, og det g\u00f8r det ogs\u00e5 i dag. Og kun r\u00f8remaskiner, med den styrke og ekspertise, som denne specialisering giver. Og bj\u00f8rnen er stadig [&hellip;]<\/p>\n","protected":false},"author":388,"featured_media":0,"parent":0,"menu_order":0,"comment_status":"closed","ping_status":"closed","template":"","meta":{"_acf_changed":false,"footnotes":""},"class_list":["post-28984","page","type-page","status-publish","hentry"],"acf":[],"aioseo_notices":[],"_links":{"self":[{"href":"https:\/\/dev.varimixer.com\/da\/wp-json\/wp\/v2\/pages\/28984","targetHints":{"allow":["GET"]}}],"collection":[{"href":"https:\/\/dev.varimixer.com\/da\/wp-json\/wp\/v2\/pages"}],"about":[{"href":"https:\/\/dev.varimixer.com\/da\/wp-json\/wp\/v2\/types\/page"}],"author":[{"embeddable":true,"href":"https:\/\/dev.varimixer.com\/da\/wp-json\/wp\/v2\/users\/388"}],"replies":[{"embeddable":true,"href":"https:\/\/dev.varimixer.com\/da\/wp-json\/wp\/v2\/comments?post=28984"}],"version-history":[{"count":0,"href":"https:\/\/dev.varimixer.com\/da\/wp-json\/wp\/v2\/pages\/28984\/revisions"}],"wp:attachment":[{"href":"https:\/\/dev.varimixer.com\/da\/wp-json\/wp\/v2\/media?parent=28984"}],"curies":[{"name":"wp","href":"https:\/\/api.w.org\/{rel}","templated":true}]}}