{"id":30300,"date":"2024-05-03T11:31:40","date_gmt":"2024-05-03T09:31:40","guid":{"rendered":"https:\/\/dev.varimixer.com\/brug-i-hjemmet\/"},"modified":"2025-05-21T10:53:54","modified_gmt":"2025-05-21T08:53:54","slug":"den-ultimative-roeremaskine-til-hjemmet","status":"publish","type":"page","link":"https:\/\/dev.varimixer.com\/da\/den-ultimative-roeremaskine-til-hjemmet\/","title":{"rendered":"Den ultimative r\u00f8remaskine til hjemmet"},"content":{"rendered":"\t\t<div data-elementor-type=\"wp-page\" data-elementor-id=\"30300\" class=\"elementor elementor-30300 elementor-21443\" data-elementor-post-type=\"page\">\n\t\t\t\t\t\t<section class=\"elementor-section elementor-top-section elementor-element elementor-element-618723d elementor-section-height-min-height elementor-section-boxed elementor-section-height-default elementor-section-items-middle\" data-id=\"618723d\" data-element_type=\"section\" data-e-type=\"section\" data-settings=\"{&quot;background_background&quot;:&quot;classic&quot;}\">\n\t\t\t\t\t\t<div class=\"elementor-container elementor-column-gap-default\">\n\t\t\t\t\t<div class=\"elementor-column elementor-col-100 elementor-top-column elementor-element elementor-element-89119a7\" data-id=\"89119a7\" data-element_type=\"column\" data-e-type=\"column\">\n\t\t\t<div class=\"elementor-widget-wrap\">\n\t\t\t\t\t\t\t<\/div>\n\t\t<\/div>\n\t\t\t\t\t<\/div>\n\t\t<\/section>\n\t\t\t\t<section class=\"elementor-section elementor-top-section elementor-element elementor-element-2793cf2 elementor-section-boxed elementor-section-height-default elementor-section-height-default\" data-id=\"2793cf2\" data-element_type=\"section\" data-e-type=\"section\">\n\t\t\t\t\t\t<div class=\"elementor-container elementor-column-gap-default\">\n\t\t\t\t\t<div class=\"elementor-column elementor-col-100 elementor-top-column elementor-element elementor-element-6dabe0b\" data-id=\"6dabe0b\" data-element_type=\"column\" data-e-type=\"column\">\n\t\t\t<div class=\"elementor-widget-wrap elementor-element-populated\">\n\t\t\t\t\t\t<div class=\"elementor-element elementor-element-b983e14 elementor-widget elementor-widget-heading\" data-id=\"b983e14\" data-element_type=\"widget\" data-e-type=\"widget\" data-widget_type=\"heading.default\">\n\t\t\t\t<div class=\"elementor-widget-container\">\n\t\t\t\t\t<h2 class=\"elementor-heading-title elementor-size-default\">Den ultimative hjemme r\u00f8remaskine<\/h2>\t\t\t\t<\/div>\n\t\t\t\t<\/div>\n\t\t\t\t\t<\/div>\n\t\t<\/div>\n\t\t\t\t\t<\/div>\n\t\t<\/section>\n\t\t\t\t<section class=\"elementor-section elementor-top-section elementor-element elementor-element-fe475f6 elementor-section-boxed elementor-section-height-default elementor-section-height-default\" data-id=\"fe475f6\" data-element_type=\"section\" data-e-type=\"section\">\n\t\t\t\t\t\t<div class=\"elementor-container elementor-column-gap-default\">\n\t\t\t\t\t<div class=\"elementor-column elementor-col-50 elementor-top-column elementor-element elementor-element-26c72ef\" data-id=\"26c72ef\" data-element_type=\"column\" data-e-type=\"column\">\n\t\t\t<div class=\"elementor-widget-wrap elementor-element-populated\">\n\t\t\t\t\t\t<div class=\"elementor-element elementor-element-e7dc039 elementor-widget elementor-widget-text-editor\" data-id=\"e7dc039\" data-element_type=\"widget\" data-e-type=\"widget\" data-widget_type=\"text-editor.default\">\n\t\t\t\t<div class=\"elementor-widget-container\">\n\t\t\t\t\t\t\t\t\t<p>Varimixer Teddy er elite r\u00f8remaskinen til dit hjem, hvis du ikke vil g\u00e5 p\u00e5 kompromis med dit k\u00f8kkenudstyr. Med Teddy f\u00e5r du styrken og funktionaliteten fra en professionel r\u00f8remaskine i en lille forbrugermikser pakket ind i stilfuldt dansk design.<\/p><p>\u00a0<\/p><h3>St\u00e6rk som en bj\u00f8rn<\/h3><p>TEDDY-mixeren er som ingen anden, n\u00e5r det g\u00e6lder kvalitet og styrke. Ligesom de kommercielle r\u00f8remaskiner fra Varimixer er TEDDY bygget til at holde. Den 5-liters r\u00f8remaskine giver en ubesv\u00e6ret oplevelse, uanset om du skal piske en let fl\u00f8de eller \u00e6lte en tung rugbr\u00f8dsdej. TEDDY er solidt udstyr, der er designet til at klare mange \u00e5rs h\u00e5rdt arbejde.<\/p>\t\t\t\t\t\t\t\t<\/div>\n\t\t\t\t<\/div>\n\t\t\t\t<div class=\"elementor-element elementor-element-60ba297 elementor-widget elementor-widget-text-editor\" data-id=\"60ba297\" data-element_type=\"widget\" data-e-type=\"widget\" data-widget_type=\"text-editor.default\">\n\t\t\t\t<div class=\"elementor-widget-container\">\n\t\t\t\t\t\t\t\t\t<div style=\"padding:100% 0 0 0;position:relative;\"><iframe src=\"https:\/\/player.vimeo.com\/video\/771912766?badge=0&amp;autopause=0&amp;player_id=0&amp;app_id=58479\" frameborder=\"0\" allow=\"autoplay; fullscreen; picture-in-picture; clipboard-write; encrypted-media\" style=\"position:absolute;top:0;left:0;width:100%;height:100%;\" title=\"Varimixer - Teddy Mixer\"><\/iframe><\/div>\t\t\t\t\t\t\t\t<\/div>\n\t\t\t\t<\/div>\n\t\t\t\t\t<\/div>\n\t\t<\/div>\n\t\t\t\t<div class=\"elementor-column elementor-col-50 elementor-top-column elementor-element elementor-element-b4b95bb\" data-id=\"b4b95bb\" data-element_type=\"column\" data-e-type=\"column\">\n\t\t\t<div class=\"elementor-widget-wrap elementor-element-populated\">\n\t\t\t\t\t\t<div class=\"elementor-element elementor-element-6f7fab2 elementor-widget elementor-widget-image\" data-id=\"6f7fab2\" data-element_type=\"widget\" data-e-type=\"widget\" data-widget_type=\"image.default\">\n\t\t\t\t<div class=\"elementor-widget-container\">\n\t\t\t\t\t\t\t\t\t\t\t\t\t\t\t<img fetchpriority=\"high\" decoding=\"async\" width=\"418\" height=\"296\" src=\"https:\/\/dev.varimixer.com\/wp-content\/uploads\/2021\/12\/Landing-page-residential-image-1.jpg\" class=\"attachment-large size-large wp-image-10959\" alt=\"\" srcset=\"https:\/\/dev.varimixer.com\/wp-content\/uploads\/2021\/12\/Landing-page-residential-image-1.jpg 418w, https:\/\/dev.varimixer.com\/wp-content\/uploads\/2021\/12\/Landing-page-residential-image-1-300x212.jpg 300w, https:\/\/dev.varimixer.com\/wp-content\/uploads\/2021\/12\/Landing-page-residential-image-1-64x45.jpg 64w\" sizes=\"(max-width: 418px) 100vw, 418px\" \/>\t\t\t\t\t\t\t\t\t\t\t\t\t\t\t<\/div>\n\t\t\t\t<\/div>\n\t\t\t\t\t<\/div>\n\t\t<\/div>\n\t\t\t\t\t<\/div>\n\t\t<\/section>\n\t\t\t\t<section class=\"elementor-section elementor-top-section elementor-element elementor-element-9129b05 elementor-section-boxed elementor-section-height-default elementor-section-height-default\" data-id=\"9129b05\" data-element_type=\"section\" data-e-type=\"section\">\n\t\t\t\t\t\t<div class=\"elementor-container elementor-column-gap-default\">\n\t\t\t\t\t<div class=\"elementor-column elementor-col-50 elementor-top-column elementor-element elementor-element-30f8954\" data-id=\"30f8954\" data-element_type=\"column\" data-e-type=\"column\">\n\t\t\t<div class=\"elementor-widget-wrap elementor-element-populated\">\n\t\t\t\t\t\t<div class=\"elementor-element elementor-element-ef34e30 elementor-widget elementor-widget-text-editor\" data-id=\"ef34e30\" data-element_type=\"widget\" data-e-type=\"widget\" data-widget_type=\"text-editor.default\">\n\t\t\t\t<div class=\"elementor-widget-container\">\n\t\t\t\t\t\t\t\t\t\n<h3>Stille som en mus<\/h3>\nTEDDY er udstyret med en kraftig, st\u00f8jsvag motor, der g\u00f8r tilberedning af mad til en leg. I mods\u00e6tning til de fleste andre sm\u00e5 r\u00f8remaskiner er denne specialdesignede motor i stand til at blande tunge og vanskelige ingredienser ved meget lave hastigheder. Hastigheden kan justeres trinl\u00f8st ved hj\u00e6lp af maskinens ene betjeningsknap. Knappen g\u00e5r gennem enheden, s\u00e5 Teddy kan betjenes fra begge sider med begge h\u00e6nder.\n\n<h3>Elsket af brugerne<\/h3>\nTEDDY har en loyal skare af fans og har f\u00e5et mange positive anmeldelser fra brugere og madbloggere.\n\t\t\t\t\t\t\t\t<\/div>\n\t\t\t\t<\/div>\n\t\t\t\t\t<\/div>\n\t\t<\/div>\n\t\t\t\t<div class=\"elementor-column elementor-col-50 elementor-top-column elementor-element elementor-element-d72f7e7\" data-id=\"d72f7e7\" data-element_type=\"column\" data-e-type=\"column\">\n\t\t\t<div class=\"elementor-widget-wrap elementor-element-populated\">\n\t\t\t\t\t\t<div class=\"elementor-element elementor-element-579d90c elementor-widget elementor-widget-image\" data-id=\"579d90c\" data-element_type=\"widget\" data-e-type=\"widget\" data-widget_type=\"image.default\">\n\t\t\t\t<div class=\"elementor-widget-container\">\n\t\t\t\t\t\t\t\t\t\t\t\t\t\t\t<img decoding=\"async\" width=\"418\" height=\"296\" src=\"https:\/\/dev.varimixer.com\/wp-content\/uploads\/2021\/12\/Landing-page-residential-image-2.jpg\" class=\"attachment-large size-large wp-image-10961\" alt=\"\" srcset=\"https:\/\/dev.varimixer.com\/wp-content\/uploads\/2021\/12\/Landing-page-residential-image-2.jpg 418w, https:\/\/dev.varimixer.com\/wp-content\/uploads\/2021\/12\/Landing-page-residential-image-2-300x212.jpg 300w, https:\/\/dev.varimixer.com\/wp-content\/uploads\/2021\/12\/Landing-page-residential-image-2-64x45.jpg 64w\" sizes=\"(max-width: 418px) 100vw, 418px\" \/>\t\t\t\t\t\t\t\t\t\t\t\t\t\t\t<\/div>\n\t\t\t\t<\/div>\n\t\t\t\t\t<\/div>\n\t\t<\/div>\n\t\t\t\t\t<\/div>\n\t\t<\/section>\n\t\t\t\t<section class=\"elementor-section elementor-top-section elementor-element elementor-element-bfcd5ff elementor-section-boxed elementor-section-height-default elementor-section-height-default\" data-id=\"bfcd5ff\" data-element_type=\"section\" data-e-type=\"section\" data-settings=\"{&quot;background_background&quot;:&quot;classic&quot;}\">\n\t\t\t\t\t\t<div class=\"elementor-container elementor-column-gap-default\">\n\t\t\t\t\t<div class=\"elementor-column elementor-col-33 elementor-top-column elementor-element elementor-element-f03c62d\" data-id=\"f03c62d\" data-element_type=\"column\" data-e-type=\"column\">\n\t\t\t<div class=\"elementor-widget-wrap elementor-element-populated\">\n\t\t\t\t\t\t<div class=\"elementor-element elementor-element-e4d5b70 elementor-widget elementor-widget-heading\" data-id=\"e4d5b70\" data-element_type=\"widget\" data-e-type=\"widget\" data-widget_type=\"heading.default\">\n\t\t\t\t<div class=\"elementor-widget-container\">\n\t\t\t\t\t<h2 class=\"elementor-heading-title elementor-size-default\">TEDDY<\/h2>\t\t\t\t<\/div>\n\t\t\t\t<\/div>\n\t\t\t\t<div class=\"elementor-element elementor-element-cc8f52f elementor-widget elementor-widget-text-editor\" data-id=\"cc8f52f\" data-element_type=\"widget\" data-e-type=\"widget\" data-widget_type=\"text-editor.default\">\n\t\t\t\t<div class=\"elementor-widget-container\">\n\t\t\t\t\t\t\t\t\t<h3 class=\"frontpage-slide-subheader\">Step Up<\/h3>\n\t\t\t\t\t\t\t\t<\/div>\n\t\t\t\t<\/div>\n\t\t\t\t\t<\/div>\n\t\t<\/div>\n\t\t\t\t<div class=\"elementor-column elementor-col-33 elementor-top-column elementor-element elementor-element-6eaac7c\" data-id=\"6eaac7c\" data-element_type=\"column\" data-e-type=\"column\">\n\t\t\t<div class=\"elementor-widget-wrap elementor-element-populated\">\n\t\t\t\t\t\t<div class=\"elementor-element elementor-element-c4eb475 elementor-widget elementor-widget-image\" data-id=\"c4eb475\" data-element_type=\"widget\" data-e-type=\"widget\" data-widget_type=\"image.default\">\n\t\t\t\t<div class=\"elementor-widget-container\">\n\t\t\t\t\t\t\t\t\t\t\t\t\t\t\t<img decoding=\"async\" width=\"300\" height=\"300\" src=\"https:\/\/dev.varimixer.com\/wp-content\/uploads\/2023\/02\/frontpage_varimixer_teddy_section_image.png\" class=\"attachment-large size-large wp-image-32017\" alt=\"\" srcset=\"https:\/\/dev.varimixer.com\/wp-content\/uploads\/2023\/02\/frontpage_varimixer_teddy_section_image.png 300w, https:\/\/dev.varimixer.com\/wp-content\/uploads\/2023\/02\/frontpage_varimixer_teddy_section_image-100x100.png 100w, https:\/\/dev.varimixer.com\/wp-content\/uploads\/2023\/02\/frontpage_varimixer_teddy_section_image-150x150.png 150w, https:\/\/dev.varimixer.com\/wp-content\/uploads\/2023\/02\/frontpage_varimixer_teddy_section_image-96x96.png 96w\" sizes=\"(max-width: 300px) 100vw, 300px\" \/>\t\t\t\t\t\t\t\t\t\t\t\t\t\t\t<\/div>\n\t\t\t\t<\/div>\n\t\t\t\t\t<\/div>\n\t\t<\/div>\n\t\t\t\t<div class=\"elementor-column elementor-col-33 elementor-top-column elementor-element elementor-element-c7301c7\" data-id=\"c7301c7\" data-element_type=\"column\" data-e-type=\"column\">\n\t\t\t<div class=\"elementor-widget-wrap elementor-element-populated\">\n\t\t\t\t\t\t<div class=\"elementor-element elementor-element-b7cb289 elementor-widget elementor-widget-text-editor\" data-id=\"b7cb289\" data-element_type=\"widget\" data-e-type=\"widget\" data-widget_type=\"text-editor.default\">\n\t\t\t\t<div class=\"elementor-widget-container\">\n\t\t\t\t\t\t\t\t\tTEDDY er en st\u00e6rk, professionel 5-liters r\u00f8remaskine til sm\u00e5 daglige opgaver i bageriet, k\u00f8kkenet eller laboratoriet. Smart design med fokus p\u00e5 ergonomi, hygiejne og nem reng\u00f8ring samt kvalitet til at klare h\u00e5rdt arbejde \u00e5r efter \u00e5r.\n\n\n<hr class=\"main-site-slides-hr\">\n\n<div class=\"main-site-slides-shopping-icon\"><\/div>\n<div class=\"main-site-slides-webshop-info\">Distribut\u00f8rer: B2B-indk\u00f8b<br>\nSlutbrugere: Anmod om et tilbud<\/div>\t\t\t\t\t\t\t\t<\/div>\n\t\t\t\t<\/div>\n\t\t\t\t<div class=\"elementor-element elementor-element-41decc4 elementor-widget__width-auto elementor-widget-mobile__width-inherit elementor-widget elementor-widget-button\" data-id=\"41decc4\" data-element_type=\"widget\" data-e-type=\"widget\" data-widget_type=\"button.default\">\n\t\t\t\t<div class=\"elementor-widget-container\">\n\t\t\t\t\t\t\t\t\t<div class=\"elementor-button-wrapper\">\n\t\t\t\t\t<a class=\"elementor-button elementor-button-link elementor-size-xs\" href=\"\/product-category\/teddy\/\">\n\t\t\t\t\t\t<span class=\"elementor-button-content-wrapper\">\n\t\t\t\t\t\t<span class=\"elementor-button-icon\">\n\t\t\t\t<svg aria-hidden=\"true\" class=\"e-font-icon-svg e-fas-shopping-cart\" viewBox=\"0 0 576 512\" xmlns=\"http:\/\/www.w3.org\/2000\/svg\"><path d=\"M528.12 301.319l47.273-208C578.806 78.301 567.391 64 551.99 64H159.208l-9.166-44.81C147.758 8.021 137.93 0 126.529 0H24C10.745 0 0 10.745 0 24v16c0 13.255 10.745 24 24 24h69.883l70.248 343.435C147.325 417.1 136 435.222 136 456c0 30.928 25.072 56 56 56s56-25.072 56-56c0-15.674-6.447-29.835-16.824-40h209.647C430.447 426.165 424 440.326 424 456c0 30.928 25.072 56 56 56s56-25.072 56-56c0-22.172-12.888-41.332-31.579-50.405l5.517-24.276c3.413-15.018-8.002-29.319-23.403-29.319H218.117l-6.545-32h293.145c11.206 0 20.92-7.754 23.403-18.681z\"><\/path><\/svg>\t\t\t<\/span>\n\t\t\t\t\t\t\t\t\t<span class=\"elementor-button-text\">K\u00d8B HER<\/span>\n\t\t\t\t\t<\/span>\n\t\t\t\t\t<\/a>\n\t\t\t\t<\/div>\n\t\t\t\t\t\t\t\t<\/div>\n\t\t\t\t<\/div>\n\t\t\t\t\t<\/div>\n\t\t<\/div>\n\t\t\t\t\t<\/div>\n\t\t<\/section>\n\t\t\t\t<section class=\"elementor-section elementor-top-section elementor-element elementor-element-27bbcf3 elementor-section-boxed elementor-section-height-default elementor-section-height-default\" data-id=\"27bbcf3\" data-element_type=\"section\" data-e-type=\"section\" data-settings=\"{&quot;background_background&quot;:&quot;classic&quot;}\">\n\t\t\t\t\t\t<div class=\"elementor-container elementor-column-gap-default\">\n\t\t\t\t\t<div class=\"elementor-column elementor-col-50 elementor-top-column elementor-element elementor-element-744ce60\" data-id=\"744ce60\" data-element_type=\"column\" data-e-type=\"column\">\n\t\t\t<div class=\"elementor-widget-wrap elementor-element-populated\">\n\t\t\t\t\t\t<div class=\"elementor-element elementor-element-aa0f513 elementor-widget elementor-widget-image\" data-id=\"aa0f513\" data-element_type=\"widget\" data-e-type=\"widget\" data-widget_type=\"image.default\">\n\t\t\t\t<div class=\"elementor-widget-container\">\n\t\t\t\t\t\t\t\t\t\t\t\t\t\t\t\t<a href=\"\/wp-content\/uploads\/2017\/09\/varimixer_serie_presentation_ar_ergo_kodiak_teddy_high_end_quality_planetary_mIxer_for_professional_food_production_30_40_60_80_100_140_and_200_liter_mixers.pdf\" target=\"_blank\">\n\t\t\t\t\t\t\t<img loading=\"lazy\" decoding=\"async\" width=\"600\" height=\"849\" src=\"https:\/\/dev.varimixer.com\/wp-content\/uploads\/2017\/09\/varimixer_serie_presentation_ar_ergo_kodiak_teddy_high_end_quality_planetary_mIxer_for_professional_food_production_30_40_60_80_100_140_and_200_liter_mixers_thumbnail.jpg\" class=\"attachment-large size-large wp-image-30171\" alt=\"\" srcset=\"https:\/\/dev.varimixer.com\/wp-content\/uploads\/2017\/09\/varimixer_serie_presentation_ar_ergo_kodiak_teddy_high_end_quality_planetary_mIxer_for_professional_food_production_30_40_60_80_100_140_and_200_liter_mixers_thumbnail.jpg 600w, https:\/\/dev.varimixer.com\/wp-content\/uploads\/2017\/09\/varimixer_serie_presentation_ar_ergo_kodiak_teddy_high_end_quality_planetary_mIxer_for_professional_food_production_30_40_60_80_100_140_and_200_liter_mixers_thumbnail-212x300.jpg 212w\" sizes=\"(max-width: 600px) 100vw, 600px\" \/>\t\t\t\t\t\t\t\t<\/a>\n\t\t\t\t\t\t\t\t\t\t\t\t\t\t\t<\/div>\n\t\t\t\t<\/div>\n\t\t\t\t\t<\/div>\n\t\t<\/div>\n\t\t\t\t<div class=\"elementor-column elementor-col-50 elementor-top-column elementor-element elementor-element-bddf753\" data-id=\"bddf753\" data-element_type=\"column\" data-e-type=\"column\">\n\t\t\t<div class=\"elementor-widget-wrap elementor-element-populated\">\n\t\t\t\t\t\t<div class=\"elementor-element elementor-element-1a41a44 elementor-widget elementor-widget-heading\" data-id=\"1a41a44\" data-element_type=\"widget\" data-e-type=\"widget\" data-widget_type=\"heading.default\">\n\t\t\t\t<div class=\"elementor-widget-container\">\n\t\t\t\t\t<h2 class=\"elementor-heading-title elementor-size-default\">Download<br>Brochure om alle serier<\/h2>\t\t\t\t<\/div>\n\t\t\t\t<\/div>\n\t\t\t\t<div class=\"elementor-element elementor-element-3e10dbb elementor-widget elementor-widget-heading\" data-id=\"3e10dbb\" data-element_type=\"widget\" data-e-type=\"widget\" data-widget_type=\"heading.default\">\n\t\t\t\t<div class=\"elementor-widget-container\">\n\t\t\t\t\t<p class=\"elementor-heading-title elementor-size-default\">AR - ERGO - KODIAK - TEDDY<\/p>\t\t\t\t<\/div>\n\t\t\t\t<\/div>\n\t\t\t\t<div class=\"elementor-element elementor-element-59d4975 elementor-view-default elementor-widget elementor-widget-icon\" data-id=\"59d4975\" data-element_type=\"widget\" data-e-type=\"widget\" data-widget_type=\"icon.default\">\n\t\t\t\t<div class=\"elementor-widget-container\">\n\t\t\t\t\t\t\t<div class=\"elementor-icon-wrapper\">\n\t\t\t<a class=\"elementor-icon\" href=\"\/wp-content\/uploads\/2017\/09\/varimixer_serie_presentation_ar_ergo_kodiak_teddy_high_end_quality_planetary_mIxer_for_professional_food_production_30_40_60_80_100_140_and_200_liter_mixers.pdf\" target=\"_blank\">\n\t\t\t<svg aria-hidden=\"true\" class=\"e-font-icon-svg e-far-arrow-alt-circle-down\" viewBox=\"0 0 512 512\" xmlns=\"http:\/\/www.w3.org\/2000\/svg\"><path d=\"M256 8C119 8 8 119 8 256s111 248 248 248 248-111 248-248S393 8 256 8zm0 448c-110.5 0-200-89.5-200-200S145.5 56 256 56s200 89.5 200 200-89.5 200-200 200zm-32-316v116h-67c-10.7 0-16 12.9-8.5 20.5l99 99c4.7 4.7 12.3 4.7 17 0l99-99c7.6-7.6 2.2-20.5-8.5-20.5h-67V140c0-6.6-5.4-12-12-12h-40c-6.6 0-12 5.4-12 12z\"><\/path><\/svg>\t\t\t<\/a>\n\t\t<\/div>\n\t\t\t\t\t\t<\/div>\n\t\t\t\t<\/div>\n\t\t\t\t\t<\/div>\n\t\t<\/div>\n\t\t\t\t\t<\/div>\n\t\t<\/section>\n\t\t\t\t<section class=\"elementor-section elementor-top-section elementor-element elementor-element-46d5e39 elementor-section-boxed elementor-section-height-default elementor-section-height-default\" data-id=\"46d5e39\" data-element_type=\"section\" data-e-type=\"section\" data-settings=\"{&quot;background_background&quot;:&quot;classic&quot;}\">\n\t\t\t\t\t\t<div class=\"elementor-container elementor-column-gap-default\">\n\t\t\t\t\t<div class=\"elementor-column elementor-col-100 elementor-top-column elementor-element elementor-element-48b7f57\" data-id=\"48b7f57\" data-element_type=\"column\" data-e-type=\"column\">\n\t\t\t<div class=\"elementor-widget-wrap elementor-element-populated\">\n\t\t\t\t\t\t<div class=\"elementor-element elementor-element-c7743b4 elementor-widget elementor-widget-heading\" data-id=\"c7743b4\" data-element_type=\"widget\" data-e-type=\"widget\" data-widget_type=\"heading.default\">\n\t\t\t\t<div class=\"elementor-widget-container\">\n\t\t\t\t\t<h2 class=\"elementor-heading-title elementor-size-default\">Kontakt en Varimixer-specialist<\/h2>\t\t\t\t<\/div>\n\t\t\t\t<\/div>\n\t\t\t\t<div class=\"elementor-element elementor-element-bd815b5 elementor-widget elementor-widget-heading\" data-id=\"bd815b5\" data-element_type=\"widget\" data-e-type=\"widget\" data-widget_type=\"heading.default\">\n\t\t\t\t<div class=\"elementor-widget-container\">\n\t\t\t\t\t<h4 class=\"elementor-heading-title elementor-size-default\">Kontakt en af vores dygtige forhandlere for at f\u00e5 flere oplysninger om TEDDY-serien.<\/h4>\t\t\t\t<\/div>\n\t\t\t\t<\/div>\n\t\t\t\t<div class=\"elementor-element elementor-element-9ee338c elementor-align-left elementor-mobile-align-left elementor-widget elementor-widget-button\" data-id=\"9ee338c\" data-element_type=\"widget\" data-e-type=\"widget\" data-widget_type=\"button.default\">\n\t\t\t\t<div class=\"elementor-widget-container\">\n\t\t\t\t\t\t\t\t\t<div class=\"elementor-button-wrapper\">\n\t\t\t\t\t<a class=\"elementor-button elementor-button-link elementor-size-sm\" href=\"\/da\/forhandlere\/\" data-ga-cta=\"\">\n\t\t\t\t\t\t<span class=\"elementor-button-content-wrapper\">\n\t\t\t\t\t\t<span class=\"elementor-button-icon\">\n\t\t\t\t<svg aria-hidden=\"true\" class=\"e-font-icon-svg e-fas-map-marker-alt\" viewBox=\"0 0 384 512\" xmlns=\"http:\/\/www.w3.org\/2000\/svg\"><path d=\"M172.268 501.67C26.97 291.031 0 269.413 0 192 0 85.961 85.961 0 192 0s192 85.961 192 192c0 77.413-26.97 99.031-172.268 309.67-9.535 13.774-29.93 13.773-39.464 0zM192 272c44.183 0 80-35.817 80-80s-35.817-80-80-80-80 35.817-80 80 35.817 80 80 80z\"><\/path><\/svg>\t\t\t<\/span>\n\t\t\t\t\t\t\t\t\t<span class=\"elementor-button-text\">Find en forhandler i dit omr\u00e5de<\/span>\n\t\t\t\t\t<\/span>\n\t\t\t\t\t<\/a>\n\t\t\t\t<\/div>\n\t\t\t\t\t\t\t\t<\/div>\n\t\t\t\t<\/div>\n\t\t\t\t\t<\/div>\n\t\t<\/div>\n\t\t\t\t\t<\/div>\n\t\t<\/section>\n\t\t\t\t<\/div>\n\t\t","protected":false},"excerpt":{"rendered":"<p>Den ultimative hjemme r\u00f8remaskine Varimixer Teddy er elite r\u00f8remaskinen til dit hjem, hvis du ikke vil g\u00e5 p\u00e5 kompromis med dit k\u00f8kkenudstyr. Med Teddy f\u00e5r du styrken og funktionaliteten fra en professionel r\u00f8remaskine i en lille forbrugermikser pakket ind i stilfuldt dansk design. \u00a0 St\u00e6rk som en bj\u00f8rn TEDDY-mixeren er som ingen anden, n\u00e5r det [&hellip;]<\/p>\n","protected":false},"author":388,"featured_media":0,"parent":0,"menu_order":0,"comment_status":"closed","ping_status":"closed","template":"","meta":{"_acf_changed":false,"footnotes":""},"class_list":["post-30300","page","type-page","status-publish","hentry"],"acf":[],"aioseo_notices":[],"_links":{"self":[{"href":"https:\/\/dev.varimixer.com\/da\/wp-json\/wp\/v2\/pages\/30300","targetHints":{"allow":["GET"]}}],"collection":[{"href":"https:\/\/dev.varimixer.com\/da\/wp-json\/wp\/v2\/pages"}],"about":[{"href":"https:\/\/dev.varimixer.com\/da\/wp-json\/wp\/v2\/types\/page"}],"author":[{"embeddable":true,"href":"https:\/\/dev.varimixer.com\/da\/wp-json\/wp\/v2\/users\/388"}],"replies":[{"embeddable":true,"href":"https:\/\/dev.varimixer.com\/da\/wp-json\/wp\/v2\/comments?post=30300"}],"version-history":[{"count":0,"href":"https:\/\/dev.varimixer.com\/da\/wp-json\/wp\/v2\/pages\/30300\/revisions"}],"wp:attachment":[{"href":"https:\/\/dev.varimixer.com\/da\/wp-json\/wp\/v2\/media?parent=30300"}],"curies":[{"name":"wp","href":"https:\/\/api.w.org\/{rel}","templated":true}]}}