{"id":30337,"date":"2024-05-03T11:31:45","date_gmt":"2024-05-03T09:31:45","guid":{"rendered":"https:\/\/dev.varimixer.com\/vl5-kontrolpanel\/"},"modified":"2024-09-04T14:33:27","modified_gmt":"2024-09-04T12:33:27","slug":"vl5-kontrolpanel","status":"publish","type":"page","link":"https:\/\/dev.varimixer.com\/da\/om\/vl5-kontrolpanel\/","title":{"rendered":"VL5-kontrolpanel"},"content":{"rendered":"\t\t<div data-elementor-type=\"wp-page\" data-elementor-id=\"30337\" class=\"elementor elementor-30337 elementor-19370\" data-elementor-post-type=\"page\">\n\t\t\t\t\t\t<section class=\"elementor-section elementor-top-section elementor-element elementor-element-2191d6d elementor-section-height-min-height elementor-section-content-bottom elementor-section-boxed elementor-section-height-default elementor-section-items-middle\" data-id=\"2191d6d\" data-element_type=\"section\" data-e-type=\"section\" data-settings=\"{&quot;background_background&quot;:&quot;classic&quot;}\">\n\t\t\t\t\t\t<div class=\"elementor-container elementor-column-gap-default\">\n\t\t\t\t\t<div class=\"elementor-column elementor-col-100 elementor-top-column elementor-element elementor-element-7ec7dc7\" data-id=\"7ec7dc7\" data-element_type=\"column\" data-e-type=\"column\">\n\t\t\t<div class=\"elementor-widget-wrap elementor-element-populated\">\n\t\t\t\t\t\t<div class=\"elementor-element elementor-element-c8c8f3d elementor-widget elementor-widget-heading\" data-id=\"c8c8f3d\" data-element_type=\"widget\" data-e-type=\"widget\" data-widget_type=\"heading.default\">\n\t\t\t\t<div class=\"elementor-widget-container\">\n\t\t\t\t\t<h3 class=\"elementor-heading-title elementor-size-default\">VL-5 kontrolpanel<\/h3>\t\t\t\t<\/div>\n\t\t\t\t<\/div>\n\t\t\t\t<div class=\"elementor-element elementor-element-101e6a6 elementor-widget elementor-widget-text-editor\" data-id=\"101e6a6\" data-element_type=\"widget\" data-e-type=\"widget\" data-widget_type=\"text-editor.default\">\n\t\t\t\t<div class=\"elementor-widget-container\">\n\t\t\t\t\t\t\t\t\t<p>Ber\u00f8ringspanel til betjening:<\/p>\n<p>ERGO60 &#8211; ERGO100 &#8211; ERGO140 &#8211; AR200<\/p>\n\t\t\t\t\t\t\t\t<\/div>\n\t\t\t\t<\/div>\n\t\t\t\t<div class=\"elementor-element elementor-element-53b84dd elementor-align-center scrollDownArrow elementor-widget elementor-widget-button\" data-id=\"53b84dd\" data-element_type=\"widget\" data-e-type=\"widget\" data-widget_type=\"button.default\">\n\t\t\t\t<div class=\"elementor-widget-container\">\n\t\t\t\t\t\t\t\t\t<div class=\"elementor-button-wrapper\">\n\t\t\t\t\t<a class=\"elementor-button elementor-size-sm\" role=\"button\">\n\t\t\t\t\t\t<span class=\"elementor-button-content-wrapper\">\n\t\t\t\t\t\t<span class=\"elementor-button-icon\">\n\t\t\t\t\t\t\t<\/span>\n\t\t\t\t\t\t\t\t<\/span>\n\t\t\t\t\t<\/a>\n\t\t\t\t<\/div>\n\t\t\t\t\t\t\t\t<\/div>\n\t\t\t\t<\/div>\n\t\t\t\t\t<\/div>\n\t\t<\/div>\n\t\t\t\t\t<\/div>\n\t\t<\/section>\n\t\t\t\t<section class=\"elementor-section elementor-top-section elementor-element elementor-element-92fb570 elementor-section-boxed elementor-section-height-default elementor-section-height-default\" data-id=\"92fb570\" data-element_type=\"section\" data-e-type=\"section\">\n\t\t\t\t\t\t<div class=\"elementor-container elementor-column-gap-default\">\n\t\t\t\t\t<div class=\"elementor-column elementor-col-50 elementor-top-column elementor-element elementor-element-f168282\" data-id=\"f168282\" data-element_type=\"column\" data-e-type=\"column\">\n\t\t\t<div class=\"elementor-widget-wrap elementor-element-populated\">\n\t\t\t\t\t\t<div class=\"elementor-element elementor-element-b98885a elementor-widget elementor-widget-heading\" data-id=\"b98885a\" data-element_type=\"widget\" data-e-type=\"widget\" data-widget_type=\"heading.default\">\n\t\t\t\t<div class=\"elementor-widget-container\">\n\t\t\t\t\t<h2 class=\"elementor-heading-title elementor-size-default\">Egenskaber:\u200b<\/h2>\t\t\t\t<\/div>\n\t\t\t\t<\/div>\n\t\t\t\t<div class=\"elementor-element elementor-element-d27040a elementor-widget elementor-widget-text-editor\" data-id=\"d27040a\" data-element_type=\"widget\" data-e-type=\"widget\" data-widget_type=\"text-editor.default\">\n\t\t\t\t<div class=\"elementor-widget-container\">\n\t\t\t\t\t\t\t\t\t<ul>\n \t<li>Autoskift til stort tidst\u00e6ller<\/li>\n \t<li>Dobbeltklip p\u00e5 kedels\u00e6nk for no touch kedel s\u00e6nk<\/li>\n \t<li>Direkte indstilling af tid ved tryk p\u00e5 ur<\/li>\n \t<li>Favoritknapper for hurtig start af for valgt opskrift<\/li>\n \t<li>Mulighed for 24 programmer<\/li>\n \t<li>Programmering kan foretages p\u00e5 betjeningspanel<\/li>\n \t<li>Programmering kan foretages p\u00e5 PC med efterf\u00f8lgende upload til maskine vha USB<\/li>\n \t<li>Udl\u00e6sning af driftdata p\u00e5 panel eller til download via USB<\/li>\n \t<li>USB stik p\u00e5 maskine til up-download af opskrifter<\/li>\n \t<li>USB stik p\u00e5 maskine til up-download af maskinlog<\/li>\n \t<li>Valgfri PIN kode beskyttelse af opskrifter<\/li>\n \t<li>Adgang til betjeningsvejledning og videoinstruktion via QR koder<\/li>\n \t<li>Sprogvalg af betjeningspanel<\/li>\n<\/ul>\t\t\t\t\t\t\t\t<\/div>\n\t\t\t\t<\/div>\n\t\t\t\t\t<\/div>\n\t\t<\/div>\n\t\t\t\t<div class=\"elementor-column elementor-col-50 elementor-top-column elementor-element elementor-element-eaa6990\" data-id=\"eaa6990\" data-element_type=\"column\" data-e-type=\"column\">\n\t\t\t<div class=\"elementor-widget-wrap elementor-element-populated\">\n\t\t\t\t\t\t<div class=\"elementor-element elementor-element-d72ffcc elementor-widget elementor-widget-image\" data-id=\"d72ffcc\" data-element_type=\"widget\" data-e-type=\"widget\" data-widget_type=\"image.default\">\n\t\t\t\t<div class=\"elementor-widget-container\">\n\t\t\t\t\t\t\t\t\t\t\t\t\t\t\t<img fetchpriority=\"high\" decoding=\"async\" width=\"800\" height=\"619\" src=\"https:\/\/dev.varimixer.com\/wp-content\/uploads\/2023\/02\/varimixer_ergo_control-panel_VL-5.jpg\" class=\"attachment-large size-large wp-image-30353\" alt=\"\" srcset=\"https:\/\/dev.varimixer.com\/wp-content\/uploads\/2023\/02\/varimixer_ergo_control-panel_VL-5.jpg 1000w, https:\/\/dev.varimixer.com\/wp-content\/uploads\/2023\/02\/varimixer_ergo_control-panel_VL-5-600x464.jpg 600w, https:\/\/dev.varimixer.com\/wp-content\/uploads\/2023\/02\/varimixer_ergo_control-panel_VL-5-300x232.jpg 300w, https:\/\/dev.varimixer.com\/wp-content\/uploads\/2023\/02\/varimixer_ergo_control-panel_VL-5-768x594.jpg 768w\" sizes=\"(max-width: 800px) 100vw, 800px\" \/>\t\t\t\t\t\t\t\t\t\t\t\t\t\t\t<\/div>\n\t\t\t\t<\/div>\n\t\t\t\t\t<\/div>\n\t\t<\/div>\n\t\t\t\t\t<\/div>\n\t\t<\/section>\n\t\t\t\t<section class=\"elementor-section elementor-top-section elementor-element elementor-element-0dc61ee elementor-section-boxed elementor-section-height-default elementor-section-height-default\" data-id=\"0dc61ee\" data-element_type=\"section\" data-e-type=\"section\" data-settings=\"{&quot;background_background&quot;:&quot;classic&quot;}\">\n\t\t\t\t\t\t<div class=\"elementor-container elementor-column-gap-default\">\n\t\t\t\t\t<div class=\"elementor-column elementor-col-100 elementor-top-column elementor-element elementor-element-a427253\" data-id=\"a427253\" data-element_type=\"column\" data-e-type=\"column\">\n\t\t\t<div class=\"elementor-widget-wrap elementor-element-populated\">\n\t\t\t\t\t\t<div class=\"elementor-element elementor-element-bea4d9c elementor-widget elementor-widget-text-editor\" data-id=\"bea4d9c\" data-element_type=\"widget\" data-e-type=\"widget\" data-widget_type=\"text-editor.default\">\n\t\t\t\t<div class=\"elementor-widget-container\">\n\t\t\t\t\t\t\t\t\t<h3>Varimixer &#8211; ERGO-serien &#8211; Opdatering af VL5-kontrolpanelets software via USB<br \/>Med IP65 &#8211; d\u00e6kselbeskyttelse<\/h3>\t\t\t\t\t\t\t\t<\/div>\n\t\t\t\t<\/div>\n\t\t\t\t\t<\/div>\n\t\t<\/div>\n\t\t\t\t\t<\/div>\n\t\t<\/section>\n\t\t\t\t<section class=\"elementor-section elementor-top-section elementor-element elementor-element-7aec903 elementor-section-boxed elementor-section-height-default elementor-section-height-default\" data-id=\"7aec903\" data-element_type=\"section\" data-e-type=\"section\" data-settings=\"{&quot;background_background&quot;:&quot;classic&quot;}\">\n\t\t\t\t\t\t<div class=\"elementor-container elementor-column-gap-default\">\n\t\t\t\t\t<div class=\"elementor-column elementor-col-50 elementor-top-column elementor-element elementor-element-b401f08\" data-id=\"b401f08\" data-element_type=\"column\" data-e-type=\"column\">\n\t\t\t<div class=\"elementor-widget-wrap elementor-element-populated\">\n\t\t\t\t\t\t<div class=\"elementor-element elementor-element-da454f4 elementor-widget elementor-widget-image\" data-id=\"da454f4\" data-element_type=\"widget\" data-e-type=\"widget\" data-widget_type=\"image.default\">\n\t\t\t\t<div class=\"elementor-widget-container\">\n\t\t\t\t\t\t\t\t\t\t\t\t\t\t\t<img decoding=\"async\" width=\"800\" height=\"534\" src=\"https:\/\/dev.varimixer.com\/wp-content\/uploads\/2023\/02\/USB-input-with-IP65-cover-1024x683.jpg\" class=\"attachment-large size-large wp-image-30351\" alt=\"\" srcset=\"https:\/\/dev.varimixer.com\/wp-content\/uploads\/2023\/02\/USB-input-with-IP65-cover-1024x683.jpg 1024w, https:\/\/dev.varimixer.com\/wp-content\/uploads\/2023\/02\/USB-input-with-IP65-cover-600x400.jpg 600w, https:\/\/dev.varimixer.com\/wp-content\/uploads\/2023\/02\/USB-input-with-IP65-cover-300x200.jpg 300w, https:\/\/dev.varimixer.com\/wp-content\/uploads\/2023\/02\/USB-input-with-IP65-cover-768x512.jpg 768w, https:\/\/dev.varimixer.com\/wp-content\/uploads\/2023\/02\/USB-input-with-IP65-cover.jpg 1500w\" sizes=\"(max-width: 800px) 100vw, 800px\" \/>\t\t\t\t\t\t\t\t\t\t\t\t\t\t\t<\/div>\n\t\t\t\t<\/div>\n\t\t\t\t<div class=\"elementor-element elementor-element-55bd2e0 elementor-widget elementor-widget-text-editor\" data-id=\"55bd2e0\" data-element_type=\"widget\" data-e-type=\"widget\" data-widget_type=\"text-editor.default\">\n\t\t\t\t<div class=\"elementor-widget-container\">\n\t\t\t\t\t\t\t\t\t<p>Bagpanelet p\u00e5<span class=\"Apple-converted-space\"> ERGO-serien<\/span><\/p>\n\t\t\t\t\t\t\t\t<\/div>\n\t\t\t\t<\/div>\n\t\t\t\t\t<\/div>\n\t\t<\/div>\n\t\t\t\t<div class=\"elementor-column elementor-col-50 elementor-top-column elementor-element elementor-element-dcf3ea2\" data-id=\"dcf3ea2\" data-element_type=\"column\" data-e-type=\"column\">\n\t\t\t<div class=\"elementor-widget-wrap elementor-element-populated\">\n\t\t\t\t\t\t<div class=\"elementor-element elementor-element-2d1b7c0 elementor-widget elementor-widget-image\" data-id=\"2d1b7c0\" data-element_type=\"widget\" data-e-type=\"widget\" data-widget_type=\"image.default\">\n\t\t\t\t<div class=\"elementor-widget-container\">\n\t\t\t\t\t\t\t\t\t\t\t\t\t\t\t<img decoding=\"async\" width=\"800\" height=\"534\" src=\"https:\/\/dev.varimixer.com\/wp-content\/uploads\/2023\/02\/USB-input-with-IP65-cover_close-up-1024x683.jpg\" class=\"attachment-large size-large wp-image-30349\" alt=\"\" srcset=\"https:\/\/dev.varimixer.com\/wp-content\/uploads\/2023\/02\/USB-input-with-IP65-cover_close-up-1024x683.jpg 1024w, https:\/\/dev.varimixer.com\/wp-content\/uploads\/2023\/02\/USB-input-with-IP65-cover_close-up-600x400.jpg 600w, https:\/\/dev.varimixer.com\/wp-content\/uploads\/2023\/02\/USB-input-with-IP65-cover_close-up-300x200.jpg 300w, https:\/\/dev.varimixer.com\/wp-content\/uploads\/2023\/02\/USB-input-with-IP65-cover_close-up-768x512.jpg 768w, https:\/\/dev.varimixer.com\/wp-content\/uploads\/2023\/02\/USB-input-with-IP65-cover_close-up.jpg 1500w\" sizes=\"(max-width: 800px) 100vw, 800px\" \/>\t\t\t\t\t\t\t\t\t\t\t\t\t\t\t<\/div>\n\t\t\t\t<\/div>\n\t\t\t\t<div class=\"elementor-element elementor-element-3d29782 elementor-widget elementor-widget-text-editor\" data-id=\"3d29782\" data-element_type=\"widget\" data-e-type=\"widget\" data-widget_type=\"text-editor.default\">\n\t\t\t\t<div class=\"elementor-widget-container\">\n\t\t\t\t\t\t\t\t\t<p>USB-indgangen har en IP65-beskyttelse for at f\u00e5 et vandt\u00e6t workflow.<\/p>\n\t\t\t\t\t\t\t\t<\/div>\n\t\t\t\t<\/div>\n\t\t\t\t\t<\/div>\n\t\t<\/div>\n\t\t\t\t\t<\/div>\n\t\t<\/section>\n\t\t\t\t<section class=\"elementor-section elementor-top-section elementor-element elementor-element-2bb6419 elementor-section-boxed elementor-section-height-default elementor-section-height-default\" data-id=\"2bb6419\" data-element_type=\"section\" data-e-type=\"section\">\n\t\t\t\t\t\t<div class=\"elementor-container elementor-column-gap-default\">\n\t\t\t\t\t<div class=\"elementor-column elementor-col-100 elementor-top-column elementor-element elementor-element-83b817e\" data-id=\"83b817e\" data-element_type=\"column\" data-e-type=\"column\">\n\t\t\t<div class=\"elementor-widget-wrap elementor-element-populated\">\n\t\t\t\t\t\t<div class=\"elementor-element elementor-element-857fb04 elementor-widget elementor-widget-heading\" data-id=\"857fb04\" data-element_type=\"widget\" data-e-type=\"widget\" data-widget_type=\"heading.default\">\n\t\t\t\t<div class=\"elementor-widget-container\">\n\t\t\t\t\t<h3 class=\"elementor-heading-title elementor-size-default\">Maskiner med funktionen VL-5 kontrolpanel:<div>ERGO serien - 60, 100 og 140 liter og AR200<\/div><\/h3>\t\t\t\t<\/div>\n\t\t\t\t<\/div>\n\t\t\t\t<div class=\"elementor-element elementor-element-198a01f elementor-widget elementor-widget-image-gallery\" data-id=\"198a01f\" data-element_type=\"widget\" data-e-type=\"widget\" data-widget_type=\"image-gallery.default\">\n\t\t\t\t<div class=\"elementor-widget-container\">\n\t\t\t\t\t\t\t<div class=\"elementor-image-gallery\">\n\t\t\t<div id='gallery-1' class='gallery galleryid-30337 gallery-columns-4 gallery-size-medium'><figure class='gallery-item'>\n\t\t\t<div class='gallery-icon landscape'>\n\t\t\t\t<a data-elementor-open-lightbox=\"yes\" data-elementor-lightbox-slideshow=\"198a01f\" data-elementor-lightbox-title=\"Varimixer - ERGO 60L - Planetblander -Rustfrit st\u00e5l\" data-elementor-lightbox-description=\"#image_title\" data-e-action-hash=\"#elementor-action%3Aaction%3Dlightbox%26settings%3DeyJpZCI6MzA4NjYsInVybCI6Imh0dHBzOlwvXC9kZXYudmFyaW1peGVyLmNvbVwvd3AtY29udGVudFwvdXBsb2Fkc1wvMjAyMlwvMDdcL01peGVyX0VSR08tQkVBUl82MExfU3RhaW5sZXNzLXN0ZWVsX25ld19zYWZldHktZ3VhcmQtc3RhaW5sZXNzLXN0ZWVsX00wNjAtMDA5Ni0xLmpwZyIsInNsaWRlc2hvdyI6IjE5OGEwMWYifQ%3D%3D\" href='https:\/\/dev.varimixer.com\/wp-content\/uploads\/2022\/07\/Mixer_ERGO-BEAR_60L_Stainless-steel_new_safety-guard-stainless-steel_M060-0096-1.jpg'><img loading=\"lazy\" decoding=\"async\" width=\"300\" height=\"300\" src=\"https:\/\/dev.varimixer.com\/wp-content\/uploads\/2022\/07\/Mixer_ERGO-BEAR_60L_Stainless-steel_new_safety-guard-stainless-steel_M060-0096-1-300x300.jpg\" class=\"attachment-medium size-medium\" alt=\"Varimixer - ERGO 60L - Planetblander -Rustfrit st\u00e5l\" aria-describedby=\"gallery-1-30866\" srcset=\"https:\/\/dev.varimixer.com\/wp-content\/uploads\/2022\/07\/Mixer_ERGO-BEAR_60L_Stainless-steel_new_safety-guard-stainless-steel_M060-0096-1-300x300.jpg 300w, https:\/\/dev.varimixer.com\/wp-content\/uploads\/2022\/07\/Mixer_ERGO-BEAR_60L_Stainless-steel_new_safety-guard-stainless-steel_M060-0096-1-100x100.jpg 100w, https:\/\/dev.varimixer.com\/wp-content\/uploads\/2022\/07\/Mixer_ERGO-BEAR_60L_Stainless-steel_new_safety-guard-stainless-steel_M060-0096-1-600x600.jpg 600w, https:\/\/dev.varimixer.com\/wp-content\/uploads\/2022\/07\/Mixer_ERGO-BEAR_60L_Stainless-steel_new_safety-guard-stainless-steel_M060-0096-1-1024x1024.jpg 1024w, https:\/\/dev.varimixer.com\/wp-content\/uploads\/2022\/07\/Mixer_ERGO-BEAR_60L_Stainless-steel_new_safety-guard-stainless-steel_M060-0096-1-150x150.jpg 150w, https:\/\/dev.varimixer.com\/wp-content\/uploads\/2022\/07\/Mixer_ERGO-BEAR_60L_Stainless-steel_new_safety-guard-stainless-steel_M060-0096-1-768x768.jpg 768w, https:\/\/dev.varimixer.com\/wp-content\/uploads\/2022\/07\/Mixer_ERGO-BEAR_60L_Stainless-steel_new_safety-guard-stainless-steel_M060-0096-1-96x96.jpg 96w, https:\/\/dev.varimixer.com\/wp-content\/uploads\/2022\/07\/Mixer_ERGO-BEAR_60L_Stainless-steel_new_safety-guard-stainless-steel_M060-0096-1.jpg 1500w\" sizes=\"(max-width: 300px) 100vw, 300px\" \/><\/a>\n\t\t\t<\/div>\n\t\t\t\t<figcaption class='wp-caption-text gallery-caption' id='gallery-1-30866'>\n\t\t\t\tERGO &#8211; 60L\n\t\t\t\t<\/figcaption><\/figure><figure class='gallery-item'>\n\t\t\t<div class='gallery-icon landscape'>\n\t\t\t\t<a data-elementor-open-lightbox=\"yes\" data-elementor-lightbox-slideshow=\"198a01f\" data-elementor-lightbox-title=\"Varimixer - ERGO 100L - Planetary Mixer - Powder Coated\" data-elementor-lightbox-description=\"#image_title\" data-e-action-hash=\"#elementor-action%3Aaction%3Dlightbox%26settings%3DeyJpZCI6MzA2OTgsInVybCI6Imh0dHBzOlwvXC9kZXYudmFyaW1peGVyLmNvbVwvd3AtY29udGVudFwvdXBsb2Fkc1wvMjAyMlwvMDdcL1ZhcmltaXhlcl9FUkdPX1BsYW5ldGFyeV9NaXhlcl9fMTAwTF9XaGl0ZV9uZXdfc2FmZXR5LWd1YXJkLXN0YWlubGVzcy1zdGVlbF9NMTAwLTAwNDQtVkw1LmpwZyIsInNsaWRlc2hvdyI6IjE5OGEwMWYifQ%3D%3D\" href='https:\/\/dev.varimixer.com\/wp-content\/uploads\/2022\/07\/Varimixer_ERGO_Planetary_Mixer__100L_White_new_safety-guard-stainless-steel_M100-0044-VL5.jpg'><img loading=\"lazy\" decoding=\"async\" width=\"300\" height=\"300\" src=\"https:\/\/dev.varimixer.com\/wp-content\/uploads\/2022\/07\/Varimixer_ERGO_Planetary_Mixer__100L_White_new_safety-guard-stainless-steel_M100-0044-VL5-300x300.jpg\" class=\"attachment-medium size-medium\" alt=\"\" aria-describedby=\"gallery-1-30698\" srcset=\"https:\/\/dev.varimixer.com\/wp-content\/uploads\/2022\/07\/Varimixer_ERGO_Planetary_Mixer__100L_White_new_safety-guard-stainless-steel_M100-0044-VL5-300x300.jpg 300w, https:\/\/dev.varimixer.com\/wp-content\/uploads\/2022\/07\/Varimixer_ERGO_Planetary_Mixer__100L_White_new_safety-guard-stainless-steel_M100-0044-VL5-100x100.jpg 100w, https:\/\/dev.varimixer.com\/wp-content\/uploads\/2022\/07\/Varimixer_ERGO_Planetary_Mixer__100L_White_new_safety-guard-stainless-steel_M100-0044-VL5-600x600.jpg 600w, https:\/\/dev.varimixer.com\/wp-content\/uploads\/2022\/07\/Varimixer_ERGO_Planetary_Mixer__100L_White_new_safety-guard-stainless-steel_M100-0044-VL5-1024x1024.jpg 1024w, https:\/\/dev.varimixer.com\/wp-content\/uploads\/2022\/07\/Varimixer_ERGO_Planetary_Mixer__100L_White_new_safety-guard-stainless-steel_M100-0044-VL5-150x150.jpg 150w, https:\/\/dev.varimixer.com\/wp-content\/uploads\/2022\/07\/Varimixer_ERGO_Planetary_Mixer__100L_White_new_safety-guard-stainless-steel_M100-0044-VL5-768x768.jpg 768w, https:\/\/dev.varimixer.com\/wp-content\/uploads\/2022\/07\/Varimixer_ERGO_Planetary_Mixer__100L_White_new_safety-guard-stainless-steel_M100-0044-VL5-96x96.jpg 96w, https:\/\/dev.varimixer.com\/wp-content\/uploads\/2022\/07\/Varimixer_ERGO_Planetary_Mixer__100L_White_new_safety-guard-stainless-steel_M100-0044-VL5.jpg 1500w\" sizes=\"(max-width: 300px) 100vw, 300px\" \/><\/a>\n\t\t\t<\/div>\n\t\t\t\t<figcaption class='wp-caption-text gallery-caption' id='gallery-1-30698'>\n\t\t\t\tERGO &#8211; 100L\n\t\t\t\t<\/figcaption><\/figure><figure class='gallery-item'>\n\t\t\t<div class='gallery-icon landscape'>\n\t\t\t\t<a data-elementor-open-lightbox=\"yes\" data-elementor-lightbox-slideshow=\"198a01f\" data-elementor-lightbox-title=\"Mixer_ERGO-BEAR_140L_VL-5_M140-0014\" data-elementor-lightbox-description=\"#image_title\" data-e-action-hash=\"#elementor-action%3Aaction%3Dlightbox%26settings%3DeyJpZCI6MzA3ODMsInVybCI6Imh0dHBzOlwvXC9kZXYudmFyaW1peGVyLmNvbVwvd3AtY29udGVudFwvdXBsb2Fkc1wvMjAyMlwvMDdcL01peGVyX0VSR08tQkVBUl8xNDBMX1ZMLTVfTTE0MC0wMDE0LmpwZyIsInNsaWRlc2hvdyI6IjE5OGEwMWYifQ%3D%3D\" href='https:\/\/dev.varimixer.com\/wp-content\/uploads\/2022\/07\/Mixer_ERGO-BEAR_140L_VL-5_M140-0014.jpg'><img loading=\"lazy\" decoding=\"async\" width=\"300\" height=\"300\" src=\"https:\/\/dev.varimixer.com\/wp-content\/uploads\/2022\/07\/Mixer_ERGO-BEAR_140L_VL-5_M140-0014-300x300.jpg\" class=\"attachment-medium size-medium\" alt=\"Mixer Ergo-Bear 140L VL-5 M140-0014\" aria-describedby=\"gallery-1-30783\" srcset=\"https:\/\/dev.varimixer.com\/wp-content\/uploads\/2022\/07\/Mixer_ERGO-BEAR_140L_VL-5_M140-0014-300x300.jpg 300w, https:\/\/dev.varimixer.com\/wp-content\/uploads\/2022\/07\/Mixer_ERGO-BEAR_140L_VL-5_M140-0014-100x100.jpg 100w, https:\/\/dev.varimixer.com\/wp-content\/uploads\/2022\/07\/Mixer_ERGO-BEAR_140L_VL-5_M140-0014-600x600.jpg 600w, https:\/\/dev.varimixer.com\/wp-content\/uploads\/2022\/07\/Mixer_ERGO-BEAR_140L_VL-5_M140-0014-1024x1024.jpg 1024w, https:\/\/dev.varimixer.com\/wp-content\/uploads\/2022\/07\/Mixer_ERGO-BEAR_140L_VL-5_M140-0014-150x150.jpg 150w, https:\/\/dev.varimixer.com\/wp-content\/uploads\/2022\/07\/Mixer_ERGO-BEAR_140L_VL-5_M140-0014-768x768.jpg 768w, https:\/\/dev.varimixer.com\/wp-content\/uploads\/2022\/07\/Mixer_ERGO-BEAR_140L_VL-5_M140-0014-1320x1320.jpg 1320w, https:\/\/dev.varimixer.com\/wp-content\/uploads\/2022\/07\/Mixer_ERGO-BEAR_140L_VL-5_M140-0014-96x96.jpg 96w, https:\/\/dev.varimixer.com\/wp-content\/uploads\/2022\/07\/Mixer_ERGO-BEAR_140L_VL-5_M140-0014.jpg 1500w\" sizes=\"(max-width: 300px) 100vw, 300px\" \/><\/a>\n\t\t\t<\/div>\n\t\t\t\t<figcaption class='wp-caption-text gallery-caption' id='gallery-1-30783'>\n\t\t\t\tERGO &#8211; 140L\n\t\t\t\t<\/figcaption><\/figure><figure class='gallery-item'>\n\t\t\t<div class='gallery-icon landscape'>\n\t\t\t\t<a data-elementor-open-lightbox=\"yes\" data-elementor-lightbox-slideshow=\"198a01f\" data-elementor-lightbox-title=\"Varimixer-AR200-VL-5-stainless_steel_M200-0019\" data-elementor-lightbox-description=\"#image_title\" data-e-action-hash=\"#elementor-action%3Aaction%3Dlightbox%26settings%3DeyJpZCI6MzA4OTcsInVybCI6Imh0dHBzOlwvXC9kZXYudmFyaW1peGVyLmNvbVwvd3AtY29udGVudFwvdXBsb2Fkc1wvMjAyMlwvMDdcL1ZhcmltaXhlci1BUjIwMC1WTC01LXN0YWlubGVzc19zdGVlbF9NMjAwLTAwMTkuanBnIiwic2xpZGVzaG93IjoiMTk4YTAxZiJ9\" href='https:\/\/dev.varimixer.com\/wp-content\/uploads\/2022\/07\/Varimixer-AR200-VL-5-stainless_steel_M200-0019.jpg'><img loading=\"lazy\" decoding=\"async\" width=\"300\" height=\"300\" src=\"https:\/\/dev.varimixer.com\/wp-content\/uploads\/2022\/07\/Varimixer-AR200-VL-5-stainless_steel_M200-0019-300x300.jpg\" class=\"attachment-medium size-medium\" alt=\"Varimixer AR200 Planetblander - VL-5 - Rustfrit st\u00e5l - M200-0019\" aria-describedby=\"gallery-1-30897\" srcset=\"https:\/\/dev.varimixer.com\/wp-content\/uploads\/2022\/07\/Varimixer-AR200-VL-5-stainless_steel_M200-0019-300x300.jpg 300w, https:\/\/dev.varimixer.com\/wp-content\/uploads\/2022\/07\/Varimixer-AR200-VL-5-stainless_steel_M200-0019-100x100.jpg 100w, https:\/\/dev.varimixer.com\/wp-content\/uploads\/2022\/07\/Varimixer-AR200-VL-5-stainless_steel_M200-0019-600x600.jpg 600w, https:\/\/dev.varimixer.com\/wp-content\/uploads\/2022\/07\/Varimixer-AR200-VL-5-stainless_steel_M200-0019-1024x1024.jpg 1024w, https:\/\/dev.varimixer.com\/wp-content\/uploads\/2022\/07\/Varimixer-AR200-VL-5-stainless_steel_M200-0019-150x150.jpg 150w, https:\/\/dev.varimixer.com\/wp-content\/uploads\/2022\/07\/Varimixer-AR200-VL-5-stainless_steel_M200-0019-768x768.jpg 768w, https:\/\/dev.varimixer.com\/wp-content\/uploads\/2022\/07\/Varimixer-AR200-VL-5-stainless_steel_M200-0019-96x96.jpg 96w, https:\/\/dev.varimixer.com\/wp-content\/uploads\/2022\/07\/Varimixer-AR200-VL-5-stainless_steel_M200-0019.jpg 1500w\" sizes=\"(max-width: 300px) 100vw, 300px\" \/><\/a>\n\t\t\t<\/div>\n\t\t\t\t<figcaption class='wp-caption-text gallery-caption' id='gallery-1-30897'>\n\t\t\t\tAR &#8211; 200\n\t\t\t\t<\/figcaption><\/figure>\n\t\t<\/div>\n\t\t<\/div>\n\t\t\t\t\t\t<\/div>\n\t\t\t\t<\/div>\n\t\t\t\t\t<\/div>\n\t\t<\/div>\n\t\t\t\t\t<\/div>\n\t\t<\/section>\n\t\t\t\t<\/div>\n\t\t","protected":false},"excerpt":{"rendered":"<p>VL-5 kontrolpanel Ber\u00f8ringspanel til betjening: ERGO60 &#8211; ERGO100 &#8211; ERGO140 &#8211; AR200 Egenskaber:\u200b Autoskift til stort tidst\u00e6ller Dobbeltklip p\u00e5 kedels\u00e6nk for no touch kedel s\u00e6nk Direkte indstilling af tid ved tryk p\u00e5 ur Favoritknapper for hurtig start af for valgt opskrift Mulighed for 24 programmer Programmering kan foretages p\u00e5 betjeningspanel Programmering kan foretages p\u00e5 PC [&hellip;]<\/p>\n","protected":false},"author":388,"featured_media":0,"parent":28984,"menu_order":0,"comment_status":"closed","ping_status":"closed","template":"","meta":{"_acf_changed":false,"footnotes":""},"class_list":["post-30337","page","type-page","status-publish","hentry"],"acf":[],"aioseo_notices":[],"_links":{"self":[{"href":"https:\/\/dev.varimixer.com\/da\/wp-json\/wp\/v2\/pages\/30337","targetHints":{"allow":["GET"]}}],"collection":[{"href":"https:\/\/dev.varimixer.com\/da\/wp-json\/wp\/v2\/pages"}],"about":[{"href":"https:\/\/dev.varimixer.com\/da\/wp-json\/wp\/v2\/types\/page"}],"author":[{"embeddable":true,"href":"https:\/\/dev.varimixer.com\/da\/wp-json\/wp\/v2\/users\/388"}],"replies":[{"embeddable":true,"href":"https:\/\/dev.varimixer.com\/da\/wp-json\/wp\/v2\/comments?post=30337"}],"version-history":[{"count":0,"href":"https:\/\/dev.varimixer.com\/da\/wp-json\/wp\/v2\/pages\/30337\/revisions"}],"up":[{"embeddable":true,"href":"https:\/\/dev.varimixer.com\/da\/wp-json\/wp\/v2\/pages\/28984"}],"wp:attachment":[{"href":"https:\/\/dev.varimixer.com\/da\/wp-json\/wp\/v2\/media?parent=30337"}],"curies":[{"name":"wp","href":"https:\/\/api.w.org\/{rel}","templated":true}]}}