{"id":30404,"date":"2024-05-03T11:32:19","date_gmt":"2024-05-03T09:32:19","guid":{"rendered":"https:\/\/dev.varimixer.com\/tak-anmodning\/"},"modified":"2025-01-09T13:15:17","modified_gmt":"2025-01-09T12:15:17","slug":"tak-anmodning","status":"publish","type":"page","link":"https:\/\/dev.varimixer.com\/da\/tak-anmodning\/","title":{"rendered":"Tak &#8211; Anmodning"},"content":{"rendered":"\t\t<div data-elementor-type=\"wp-page\" data-elementor-id=\"30404\" class=\"elementor elementor-30404 elementor-23603\" data-elementor-post-type=\"page\">\n\t\t\t\t\t\t<section class=\"elementor-section elementor-top-section elementor-element elementor-element-517e048 elementor-section-boxed elementor-section-height-default elementor-section-height-default\" data-id=\"517e048\" data-element_type=\"section\" data-e-type=\"section\" data-settings=\"{&quot;background_background&quot;:&quot;classic&quot;}\">\n\t\t\t\t\t\t<div class=\"elementor-container elementor-column-gap-default\">\n\t\t\t\t\t<div class=\"elementor-column elementor-col-100 elementor-top-column elementor-element elementor-element-0ac3822\" data-id=\"0ac3822\" data-element_type=\"column\" data-e-type=\"column\">\n\t\t\t<div class=\"elementor-widget-wrap elementor-element-populated\">\n\t\t\t\t\t\t<div class=\"elementor-element elementor-element-3b20914 elementor-widget elementor-widget-heading\" data-id=\"3b20914\" data-element_type=\"widget\" data-e-type=\"widget\" data-widget_type=\"heading.default\">\n\t\t\t\t<div class=\"elementor-widget-container\">\n\t\t\t\t\t<h1 class=\"elementor-heading-title elementor-size-default\">Tak til dig<\/h1>\t\t\t\t<\/div>\n\t\t\t\t<\/div>\n\t\t\t\t<div class=\"elementor-element elementor-element-78228a0 elementor-widget elementor-widget-text-editor\" data-id=\"78228a0\" data-element_type=\"widget\" data-e-type=\"widget\" data-widget_type=\"text-editor.default\">\n\t\t\t\t<div class=\"elementor-widget-container\">\n\t\t\t\t\t\t\t\t\t<h4 class=\"p1 color-white borderTop borderWhite\" style=\"outline: 0px; -webkit-font-smoothing: antialiased; font-kerning: normal; text-rendering: optimizeLegibility; width: 916.65625px; font-family: NewBaskervilleITCPro-Roman; font-size: 23px; line-height: 32px; margin: 0px 0px 20px; color: #ffffff !important;\"><span class=\"s1\" style=\"outline: 0px; -webkit-font-smoothing: antialiased; font-kerning: normal; text-rendering: optimizeLegibility;\">Vi har modtaget din anmodning. <\/span>Vi videresender anmodningen til en af vores relevante forhandlere i din region. De kontakter dig hurtigst mulig.<\/h4>\t\t\t\t\t\t\t\t<\/div>\n\t\t\t\t<\/div>\n\t\t\t\t\t<\/div>\n\t\t<\/div>\n\t\t\t\t\t<\/div>\n\t\t<\/section>\n\t\t\t\t<section class=\"elementor-section elementor-top-section elementor-element elementor-element-85cec66 elementor-section-height-min-height elementor-section-boxed elementor-section-height-default elementor-section-items-middle\" data-id=\"85cec66\" data-element_type=\"section\" data-e-type=\"section\" data-settings=\"{&quot;background_background&quot;:&quot;classic&quot;,&quot;background_motion_fx_motion_fx_scrolling&quot;:&quot;yes&quot;,&quot;background_motion_fx_devices&quot;:[&quot;widescreen&quot;,&quot;desktop&quot;,&quot;laptop&quot;,&quot;tablet_extra&quot;,&quot;tablet&quot;,&quot;mobile_extra&quot;,&quot;mobile&quot;]}\">\n\t\t\t\t\t\t<div class=\"elementor-container elementor-column-gap-default\">\n\t\t\t\t\t<div class=\"elementor-column elementor-col-100 elementor-top-column elementor-element elementor-element-27af4a5\" data-id=\"27af4a5\" data-element_type=\"column\" data-e-type=\"column\">\n\t\t\t<div class=\"elementor-widget-wrap elementor-element-populated\">\n\t\t\t\t\t\t<div class=\"elementor-element elementor-element-e96563e elementor-widget__width-auto elementor-widget elementor-widget-image\" data-id=\"e96563e\" data-element_type=\"widget\" data-e-type=\"widget\" data-widget_type=\"image.default\">\n\t\t\t\t<div class=\"elementor-widget-container\">\n\t\t\t\t\t\t\t\t\t\t\t\t\t\t\t<img fetchpriority=\"high\" decoding=\"async\" width=\"1000\" height=\"1000\" src=\"https:\/\/dev.varimixer.com\/wp-content\/uploads\/2023\/05\/bjorn_wodschow_varimixer_displayed_at_fair_professional_kitchen_equipment_in_the_1940s.jpg\" class=\"attachment-full size-full wp-image-30434\" alt=\"\" srcset=\"https:\/\/dev.varimixer.com\/wp-content\/uploads\/2023\/05\/bjorn_wodschow_varimixer_displayed_at_fair_professional_kitchen_equipment_in_the_1940s.jpg 1000w, https:\/\/dev.varimixer.com\/wp-content\/uploads\/2023\/05\/bjorn_wodschow_varimixer_displayed_at_fair_professional_kitchen_equipment_in_the_1940s-300x300.jpg 300w, https:\/\/dev.varimixer.com\/wp-content\/uploads\/2023\/05\/bjorn_wodschow_varimixer_displayed_at_fair_professional_kitchen_equipment_in_the_1940s-100x100.jpg 100w, https:\/\/dev.varimixer.com\/wp-content\/uploads\/2023\/05\/bjorn_wodschow_varimixer_displayed_at_fair_professional_kitchen_equipment_in_the_1940s-600x600.jpg 600w, https:\/\/dev.varimixer.com\/wp-content\/uploads\/2023\/05\/bjorn_wodschow_varimixer_displayed_at_fair_professional_kitchen_equipment_in_the_1940s-150x150.jpg 150w, https:\/\/dev.varimixer.com\/wp-content\/uploads\/2023\/05\/bjorn_wodschow_varimixer_displayed_at_fair_professional_kitchen_equipment_in_the_1940s-768x768.jpg 768w, https:\/\/dev.varimixer.com\/wp-content\/uploads\/2023\/05\/bjorn_wodschow_varimixer_displayed_at_fair_professional_kitchen_equipment_in_the_1940s-96x96.jpg 96w\" sizes=\"(max-width: 1000px) 100vw, 1000px\" title=\"bjorn_wodschow_varimixer_displayed_at_fair_professional_kitchen_equipment_in_the_1940s - Varimixer\" \/>\t\t\t\t\t\t\t\t\t\t\t\t\t\t\t<\/div>\n\t\t\t\t<\/div>\n\t\t\t\t<div class=\"elementor-element elementor-element-7effb3e elementor-widget__width-auto elementor-widget elementor-widget-image\" data-id=\"7effb3e\" data-element_type=\"widget\" data-e-type=\"widget\" data-widget_type=\"image.default\">\n\t\t\t\t<div class=\"elementor-widget-container\">\n\t\t\t\t\t\t\t\t\t\t\t\t\t\t\t<img decoding=\"async\" width=\"600\" height=\"600\" src=\"https:\/\/dev.varimixer.com\/wp-content\/uploads\/2023\/05\/bjorn_wodschow_varimixer_k_16_in_use_at_the_most_famous_confectioners_conditori_La_Glace_in_copenhagen_denmark_in_1920s_superb_confectionery.jpg\" class=\"attachment-full size-full wp-image-30446\" alt=\"\" srcset=\"https:\/\/dev.varimixer.com\/wp-content\/uploads\/2023\/05\/bjorn_wodschow_varimixer_k_16_in_use_at_the_most_famous_confectioners_conditori_La_Glace_in_copenhagen_denmark_in_1920s_superb_confectionery.jpg 600w, https:\/\/dev.varimixer.com\/wp-content\/uploads\/2023\/05\/bjorn_wodschow_varimixer_k_16_in_use_at_the_most_famous_confectioners_conditori_La_Glace_in_copenhagen_denmark_in_1920s_superb_confectionery-300x300.jpg 300w, https:\/\/dev.varimixer.com\/wp-content\/uploads\/2023\/05\/bjorn_wodschow_varimixer_k_16_in_use_at_the_most_famous_confectioners_conditori_La_Glace_in_copenhagen_denmark_in_1920s_superb_confectionery-100x100.jpg 100w, https:\/\/dev.varimixer.com\/wp-content\/uploads\/2023\/05\/bjorn_wodschow_varimixer_k_16_in_use_at_the_most_famous_confectioners_conditori_La_Glace_in_copenhagen_denmark_in_1920s_superb_confectionery-150x150.jpg 150w, https:\/\/dev.varimixer.com\/wp-content\/uploads\/2023\/05\/bjorn_wodschow_varimixer_k_16_in_use_at_the_most_famous_confectioners_conditori_La_Glace_in_copenhagen_denmark_in_1920s_superb_confectionery-96x96.jpg 96w\" sizes=\"(max-width: 600px) 100vw, 600px\" title=\"bjorn_wodschow_varimixer_k_16_in_use_at_the_most_famous_confectioners_conditori_La_Glace_in_copenhagen_denmark_in_1920s_superb_confectionery - Varimixer\" \/>\t\t\t\t\t\t\t\t\t\t\t\t\t\t\t<\/div>\n\t\t\t\t<\/div>\n\t\t\t\t<div class=\"elementor-element elementor-element-9dd7d9b elementor-widget__width-auto elementor-widget elementor-widget-image\" data-id=\"9dd7d9b\" data-element_type=\"widget\" data-e-type=\"widget\" data-widget_type=\"image.default\">\n\t\t\t\t<div class=\"elementor-widget-container\">\n\t\t\t\t\t\t\t\t\t\t\t\t\t\t\t<img decoding=\"async\" width=\"500\" height=\"500\" src=\"https:\/\/dev.varimixer.com\/wp-content\/uploads\/2023\/05\/wodschow_varimixer_new_technology_variable_speed_1950s_new_series.jpg\" class=\"attachment-full size-full wp-image-30457\" alt=\"\" srcset=\"https:\/\/dev.varimixer.com\/wp-content\/uploads\/2023\/05\/wodschow_varimixer_new_technology_variable_speed_1950s_new_series.jpg 500w, https:\/\/dev.varimixer.com\/wp-content\/uploads\/2023\/05\/wodschow_varimixer_new_technology_variable_speed_1950s_new_series-300x300.jpg 300w, https:\/\/dev.varimixer.com\/wp-content\/uploads\/2023\/05\/wodschow_varimixer_new_technology_variable_speed_1950s_new_series-100x100.jpg 100w, https:\/\/dev.varimixer.com\/wp-content\/uploads\/2023\/05\/wodschow_varimixer_new_technology_variable_speed_1950s_new_series-150x150.jpg 150w, https:\/\/dev.varimixer.com\/wp-content\/uploads\/2023\/05\/wodschow_varimixer_new_technology_variable_speed_1950s_new_series-96x96.jpg 96w\" sizes=\"(max-width: 500px) 100vw, 500px\" title=\"wodschow_varimixer_new_technology_variable_speed_1950s_new_series - Varimixer\" \/>\t\t\t\t\t\t\t\t\t\t\t\t\t\t\t<\/div>\n\t\t\t\t<\/div>\n\t\t\t\t<div class=\"elementor-element elementor-element-51b0ab7 elementor-widget elementor-widget-image\" data-id=\"51b0ab7\" data-element_type=\"widget\" data-e-type=\"widget\" data-widget_type=\"image.default\">\n\t\t\t\t<div class=\"elementor-widget-container\">\n\t\t\t\t\t\t\t\t\t\t\t\t\t\t\t\t<a href=\"https:\/\/dev.varimixer.com\/da\/om\/varimixer-en-100-aars-historie\/\">\n\t\t\t\t\t\t\t<img loading=\"lazy\" decoding=\"async\" width=\"450\" height=\"552\" src=\"https:\/\/dev.varimixer.com\/wp-content\/uploads\/2023\/02\/varimixer_100_years_manufacturing_planetary_mixers_red.png\" class=\"attachment-full size-full wp-image-32010\" alt=\"\" srcset=\"https:\/\/dev.varimixer.com\/wp-content\/uploads\/2023\/02\/varimixer_100_years_manufacturing_planetary_mixers_red.png 450w, https:\/\/dev.varimixer.com\/wp-content\/uploads\/2023\/02\/varimixer_100_years_manufacturing_planetary_mixers_red-245x300.png 245w\" sizes=\"(max-width: 450px) 100vw, 450px\" title=\"Varimixer 100 years manufacturing planetary mixers - Red - Varimixer\" \/>\t\t\t\t\t\t\t\t<\/a>\n\t\t\t\t\t\t\t\t\t\t\t\t\t\t\t<\/div>\n\t\t\t\t<\/div>\n\t\t\t\t<div class=\"elementor-element elementor-element-0fcb989 elementor-widget elementor-widget-heading\" data-id=\"0fcb989\" data-element_type=\"widget\" data-e-type=\"widget\" data-widget_type=\"heading.default\">\n\t\t\t\t<div class=\"elementor-widget-container\">\n\t\t\t\t\t<h2 class=\"elementor-heading-title elementor-size-default\">Varimixers historie og tidslinje<\/h2>\t\t\t\t<\/div>\n\t\t\t\t<\/div>\n\t\t\t\t<div class=\"elementor-element elementor-element-757a860 elementor-widget elementor-widget-heading\" data-id=\"757a860\" data-element_type=\"widget\" data-e-type=\"widget\" data-widget_type=\"heading.default\">\n\t\t\t\t<div class=\"elementor-widget-container\">\n\t\t\t\t\t<h3 class=\"elementor-heading-title elementor-size-default\">L\u00e6s den dybdeg\u00e5ende historie og se billeder af over 100 \u00e5rs produktion af professionelle r\u00f8remaskiner til f\u00f8devareindustrien.  <\/h3>\t\t\t\t<\/div>\n\t\t\t\t<\/div>\n\t\t\t\t<div class=\"elementor-element elementor-element-b4d957f elementor-align-left elementor-widget elementor-widget-button\" data-id=\"b4d957f\" data-element_type=\"widget\" data-e-type=\"widget\" data-widget_type=\"button.default\">\n\t\t\t\t<div class=\"elementor-widget-container\">\n\t\t\t\t\t\t\t\t\t<div class=\"elementor-button-wrapper\">\n\t\t\t\t\t<a class=\"elementor-button elementor-button-link elementor-size-xs\" href=\"https:\/\/dev.varimixer.com\/da\/om\/varimixer-en-100-aars-historie\/\">\n\t\t\t\t\t\t<span class=\"elementor-button-content-wrapper\">\n\t\t\t\t\t\t\t\t\t<span class=\"elementor-button-text\">L\u00e6s mere...<\/span>\n\t\t\t\t\t<\/span>\n\t\t\t\t\t<\/a>\n\t\t\t\t<\/div>\n\t\t\t\t\t\t\t\t<\/div>\n\t\t\t\t<\/div>\n\t\t\t\t\t<\/div>\n\t\t<\/div>\n\t\t\t\t\t<\/div>\n\t\t<\/section>\n\t\t\t\t<section class=\"elementor-section elementor-top-section elementor-element elementor-element-8bffbc7 elementor-section-full_width elementor-section-height-default elementor-section-height-default\" data-id=\"8bffbc7\" data-element_type=\"section\" data-e-type=\"section\" data-settings=\"{&quot;background_background&quot;:&quot;classic&quot;}\">\n\t\t\t\t\t\t<div class=\"elementor-container elementor-column-gap-default\">\n\t\t\t\t\t<div class=\"elementor-column elementor-col-100 elementor-top-column elementor-element elementor-element-2a3e217\" data-id=\"2a3e217\" data-element_type=\"column\" data-e-type=\"column\">\n\t\t\t<div class=\"elementor-widget-wrap elementor-element-populated\">\n\t\t\t\t\t\t<div class=\"elementor-element elementor-element-79d5ed4 elementor-widget elementor-widget-heading\" data-id=\"79d5ed4\" data-element_type=\"widget\" data-e-type=\"widget\" data-widget_type=\"heading.default\">\n\t\t\t\t<div class=\"elementor-widget-container\">\n\t\t\t\t\t<h5 class=\"elementor-heading-title elementor-size-default\">Pr\u00e6sentation - Alle Varimixer-serier:<\/h5>\t\t\t\t<\/div>\n\t\t\t\t<\/div>\n\t\t\t\t<section class=\"elementor-section elementor-inner-section elementor-element elementor-element-ae0a688 elementor-section-boxed elementor-section-height-default elementor-section-height-default\" data-id=\"ae0a688\" data-element_type=\"section\" data-e-type=\"section\">\n\t\t\t\t\t\t<div class=\"elementor-container elementor-column-gap-default\">\n\t\t\t\t\t<div class=\"elementor-column elementor-col-25 elementor-inner-column elementor-element elementor-element-dbf70f4\" data-id=\"dbf70f4\" data-element_type=\"column\" data-e-type=\"column\" data-settings=\"{&quot;background_background&quot;:&quot;classic&quot;}\">\n\t\t\t<div class=\"elementor-widget-wrap elementor-element-populated\">\n\t\t\t\t\t\t<div class=\"elementor-element elementor-element-68da8c0 elementor-cta--skin-cover elementor-widget elementor-widget-call-to-action\" data-id=\"68da8c0\" data-element_type=\"widget\" data-e-type=\"widget\" data-settings=\"{&quot;_animation&quot;:&quot;none&quot;}\" data-widget_type=\"call-to-action.default\">\n\t\t\t\t<div class=\"elementor-widget-container\">\n\t\t\t\t\t\t\t<a class=\"elementor-cta\" href=\"\/products\/ar\/\">\n\t\t\t\t\t<div class=\"elementor-cta__bg-wrapper\">\n\t\t\t\t<div class=\"elementor-cta__bg elementor-bg\" style=\"background-image: url(https:\/\/dev.varimixer.com\/wp-content\/uploads\/2022\/11\/varimixer_ar_serie_cta_main_page-1.jpg);\" role=\"img\" aria-label=\"Introduction to the Varimixer AR Serie. Available in 30,40,60,80,100 and 200 litre editions High quality planetary mixers to professional kitchen staff.\"><\/div>\n\t\t\t\t<div class=\"elementor-cta__bg-overlay\"><\/div>\n\t\t\t<\/div>\n\t\t\t\t\t\t\t<div class=\"elementor-cta__content\">\n\t\t\t\t\t\t\t\t\t<div class=\"elementor-content-item elementor-cta__content-item elementor-icon-wrapper elementor-cta__icon elementor-view-default\">\n\t\t\t\t\t\t<div class=\"elementor-icon\">\n\t\t\t\t\t\t\t<svg aria-hidden=\"true\" class=\"e-font-icon-svg e-fas-arrow-alt-circle-right\" viewBox=\"0 0 512 512\" xmlns=\"http:\/\/www.w3.org\/2000\/svg\"><path d=\"M256 8c137 0 248 111 248 248S393 504 256 504 8 393 8 256 119 8 256 8zM140 300h116v70.9c0 10.7 13 16.1 20.5 8.5l114.3-114.9c4.7-4.7 4.7-12.2 0-16.9l-114.3-115c-7.6-7.6-20.5-2.2-20.5 8.5V212H140c-6.6 0-12 5.4-12 12v64c0 6.6 5.4 12 12 12z\"><\/path><\/svg>\t\t\t\t\t\t<\/div>\n\t\t\t\t\t<\/div>\n\t\t\t\t\n\t\t\t\t\t\t\t\t\t<h2 class=\"elementor-cta__title elementor-cta__content-item elementor-content-item\">\n\t\t\t\t\t\tAR\t\t\t\t\t<\/h2>\n\t\t\t\t\n\t\t\t\t\t\t\t\t\t<div class=\"elementor-cta__description elementor-cta__content-item elementor-content-item\">\n\t\t\t\t\t\t<p>Serie<br \/>30-200 liter<\/p>\n\t\t\t\t\t<\/div>\n\t\t\t\t\n\t\t\t\t\t\t\t<\/div>\n\t\t\t\t\t\t<\/a>\n\t\t\t\t\t\t<\/div>\n\t\t\t\t<\/div>\n\t\t\t\t\t<\/div>\n\t\t<\/div>\n\t\t\t\t<div class=\"elementor-column elementor-col-25 elementor-inner-column elementor-element elementor-element-23262e0\" data-id=\"23262e0\" data-element_type=\"column\" data-e-type=\"column\" data-settings=\"{&quot;background_background&quot;:&quot;classic&quot;}\">\n\t\t\t<div class=\"elementor-widget-wrap elementor-element-populated\">\n\t\t\t\t\t\t<div class=\"elementor-element elementor-element-b722dc7 elementor-cta--skin-cover elementor-widget elementor-widget-call-to-action\" data-id=\"b722dc7\" data-element_type=\"widget\" data-e-type=\"widget\" data-settings=\"{&quot;_animation&quot;:&quot;none&quot;}\" data-widget_type=\"call-to-action.default\">\n\t\t\t\t<div class=\"elementor-widget-container\">\n\t\t\t\t\t\t\t<a class=\"elementor-cta\" href=\"\/products\/kodiak\/\">\n\t\t\t\t\t<div class=\"elementor-cta__bg-wrapper\">\n\t\t\t\t<div class=\"elementor-cta__bg elementor-bg\" style=\"background-image: url(https:\/\/dev.varimixer.com\/wp-content\/uploads\/2022\/11\/varimixer_kodiak_serie_cta_main_page.jpg);\" role=\"img\" aria-label=\"Introduction to the Varimixer KODIAK Serie. Available in 10,20,30 litre in floor and table editions High quality planetary mixers to professional kitchen staff.\"><\/div>\n\t\t\t\t<div class=\"elementor-cta__bg-overlay\"><\/div>\n\t\t\t<\/div>\n\t\t\t\t\t\t\t<div class=\"elementor-cta__content\">\n\t\t\t\t\t\t\t\t\t<div class=\"elementor-content-item elementor-cta__content-item elementor-icon-wrapper elementor-cta__icon elementor-view-default\">\n\t\t\t\t\t\t<div class=\"elementor-icon\">\n\t\t\t\t\t\t\t<svg aria-hidden=\"true\" class=\"e-font-icon-svg e-fas-arrow-alt-circle-right\" viewBox=\"0 0 512 512\" xmlns=\"http:\/\/www.w3.org\/2000\/svg\"><path d=\"M256 8c137 0 248 111 248 248S393 504 256 504 8 393 8 256 119 8 256 8zM140 300h116v70.9c0 10.7 13 16.1 20.5 8.5l114.3-114.9c4.7-4.7 4.7-12.2 0-16.9l-114.3-115c-7.6-7.6-20.5-2.2-20.5 8.5V212H140c-6.6 0-12 5.4-12 12v64c0 6.6 5.4 12 12 12z\"><\/path><\/svg>\t\t\t\t\t\t<\/div>\n\t\t\t\t\t<\/div>\n\t\t\t\t\n\t\t\t\t\t\t\t\t\t<h2 class=\"elementor-cta__title elementor-cta__content-item elementor-content-item\">\n\t\t\t\t\t\tKODIAK\t\t\t\t\t<\/h2>\n\t\t\t\t\n\t\t\t\t\t\t\t\t\t<div class=\"elementor-cta__description elementor-cta__content-item elementor-content-item\">\n\t\t\t\t\t\t<p>Serie<br \/>10-30 liter<\/p>\n\t\t\t\t\t<\/div>\n\t\t\t\t\n\t\t\t\t\t\t\t<\/div>\n\t\t\t\t\t\t<\/a>\n\t\t\t\t\t\t<\/div>\n\t\t\t\t<\/div>\n\t\t\t\t\t<\/div>\n\t\t<\/div>\n\t\t\t\t<div class=\"elementor-column elementor-col-25 elementor-inner-column elementor-element elementor-element-86cdd79\" data-id=\"86cdd79\" data-element_type=\"column\" data-e-type=\"column\" data-settings=\"{&quot;background_background&quot;:&quot;classic&quot;}\">\n\t\t\t<div class=\"elementor-widget-wrap elementor-element-populated\">\n\t\t\t\t\t\t<div class=\"elementor-element elementor-element-10d8842 elementor-cta--skin-cover elementor-widget elementor-widget-call-to-action\" data-id=\"10d8842\" data-element_type=\"widget\" data-e-type=\"widget\" data-settings=\"{&quot;_animation&quot;:&quot;none&quot;}\" data-widget_type=\"call-to-action.default\">\n\t\t\t\t<div class=\"elementor-widget-container\">\n\t\t\t\t\t\t\t<a class=\"elementor-cta\" href=\"\/products\/ergo\/\">\n\t\t\t\t\t<div class=\"elementor-cta__bg-wrapper\">\n\t\t\t\t<div class=\"elementor-cta__bg elementor-bg\" style=\"background-image: url(https:\/\/dev.varimixer.com\/wp-content\/uploads\/2023\/10\/varimixer_ergo_serie_cta_main_page.jpg);\" role=\"img\" aria-label=\"Introduction to the Varimixer ERGO Serie. Available in 60,100,140 litre editions High quality planetary mixers to professional kitchen staff.\"><\/div>\n\t\t\t\t<div class=\"elementor-cta__bg-overlay\"><\/div>\n\t\t\t<\/div>\n\t\t\t\t\t\t\t<div class=\"elementor-cta__content\">\n\t\t\t\t\t\t\t\t\t<div class=\"elementor-content-item elementor-cta__content-item elementor-icon-wrapper elementor-cta__icon elementor-view-default\">\n\t\t\t\t\t\t<div class=\"elementor-icon\">\n\t\t\t\t\t\t\t<svg aria-hidden=\"true\" class=\"e-font-icon-svg e-fas-arrow-alt-circle-right\" viewBox=\"0 0 512 512\" xmlns=\"http:\/\/www.w3.org\/2000\/svg\"><path d=\"M256 8c137 0 248 111 248 248S393 504 256 504 8 393 8 256 119 8 256 8zM140 300h116v70.9c0 10.7 13 16.1 20.5 8.5l114.3-114.9c4.7-4.7 4.7-12.2 0-16.9l-114.3-115c-7.6-7.6-20.5-2.2-20.5 8.5V212H140c-6.6 0-12 5.4-12 12v64c0 6.6 5.4 12 12 12z\"><\/path><\/svg>\t\t\t\t\t\t<\/div>\n\t\t\t\t\t<\/div>\n\t\t\t\t\n\t\t\t\t\t\t\t\t\t<h2 class=\"elementor-cta__title elementor-cta__content-item elementor-content-item\">\n\t\t\t\t\t\tERGO\t\t\t\t\t<\/h2>\n\t\t\t\t\n\t\t\t\t\t\t\t\t\t<div class=\"elementor-cta__description elementor-cta__content-item elementor-content-item\">\n\t\t\t\t\t\t<p>Serie<br \/>60-140 liter<\/p>\n\t\t\t\t\t<\/div>\n\t\t\t\t\n\t\t\t\t\t\t\t<\/div>\n\t\t\t\t\t\t<\/a>\n\t\t\t\t\t\t<\/div>\n\t\t\t\t<\/div>\n\t\t\t\t\t<\/div>\n\t\t<\/div>\n\t\t\t\t<div class=\"elementor-column elementor-col-25 elementor-inner-column elementor-element elementor-element-8bdaaf3\" data-id=\"8bdaaf3\" data-element_type=\"column\" data-e-type=\"column\" data-settings=\"{&quot;background_background&quot;:&quot;classic&quot;}\">\n\t\t\t<div class=\"elementor-widget-wrap elementor-element-populated\">\n\t\t\t\t\t\t<div class=\"elementor-element elementor-element-691a8a7 elementor-cta--skin-cover elementor-widget elementor-widget-call-to-action\" data-id=\"691a8a7\" data-element_type=\"widget\" data-e-type=\"widget\" data-settings=\"{&quot;_animation&quot;:&quot;none&quot;}\" data-widget_type=\"call-to-action.default\">\n\t\t\t\t<div class=\"elementor-widget-container\">\n\t\t\t\t\t\t\t<a class=\"elementor-cta\" href=\"\/products\/teddy\/\">\n\t\t\t\t\t<div class=\"elementor-cta__bg-wrapper\">\n\t\t\t\t<div class=\"elementor-cta__bg elementor-bg\" style=\"background-image: url(https:\/\/dev.varimixer.com\/wp-content\/uploads\/2022\/11\/varimixer_teddy_serie_cta_main_page.jpg);\" role=\"img\" aria-label=\"Introduction to the Varimixer Teddy Serie. A 5 litre mixer high quality mixer.\"><\/div>\n\t\t\t\t<div class=\"elementor-cta__bg-overlay\"><\/div>\n\t\t\t<\/div>\n\t\t\t\t\t\t\t<div class=\"elementor-cta__content\">\n\t\t\t\t\t\t\t\t\t<div class=\"elementor-content-item elementor-cta__content-item elementor-icon-wrapper elementor-cta__icon elementor-view-default\">\n\t\t\t\t\t\t<div class=\"elementor-icon\">\n\t\t\t\t\t\t\t<svg aria-hidden=\"true\" class=\"e-font-icon-svg e-fas-arrow-alt-circle-right\" viewBox=\"0 0 512 512\" xmlns=\"http:\/\/www.w3.org\/2000\/svg\"><path d=\"M256 8c137 0 248 111 248 248S393 504 256 504 8 393 8 256 119 8 256 8zM140 300h116v70.9c0 10.7 13 16.1 20.5 8.5l114.3-114.9c4.7-4.7 4.7-12.2 0-16.9l-114.3-115c-7.6-7.6-20.5-2.2-20.5 8.5V212H140c-6.6 0-12 5.4-12 12v64c0 6.6 5.4 12 12 12z\"><\/path><\/svg>\t\t\t\t\t\t<\/div>\n\t\t\t\t\t<\/div>\n\t\t\t\t\n\t\t\t\t\t\t\t\t\t<h2 class=\"elementor-cta__title elementor-cta__content-item elementor-content-item\">\n\t\t\t\t\t\tTEDDY\t\t\t\t\t<\/h2>\n\t\t\t\t\n\t\t\t\t\t\t\t\t\t<div class=\"elementor-cta__description elementor-cta__content-item elementor-content-item\">\n\t\t\t\t\t\t<p>Serie<br \/>5 liter<\/p>\n\t\t\t\t\t<\/div>\n\t\t\t\t\n\t\t\t\t\t\t\t<\/div>\n\t\t\t\t\t\t<\/a>\n\t\t\t\t\t\t<\/div>\n\t\t\t\t<\/div>\n\t\t\t\t\t<\/div>\n\t\t<\/div>\n\t\t\t\t\t<\/div>\n\t\t<\/section>\n\t\t\t\t\t<\/div>\n\t\t<\/div>\n\t\t\t\t\t<\/div>\n\t\t<\/section>\n\t\t\t\t<\/div>\n\t\t","protected":false},"excerpt":{"rendered":"<p>Tak til dig Vi har modtaget din anmodning. Vi videresender anmodningen til en af vores relevante forhandlere i din region. De kontakter dig hurtigst mulig. Varimixers historie og tidslinje L\u00e6s den dybdeg\u00e5ende historie og se billeder af over 100 \u00e5rs produktion af professionelle r\u00f8remaskiner til f\u00f8devareindustrien. L\u00e6s mere&#8230; Pr\u00e6sentation &#8211; Alle Varimixer-serier: AR Serie30-200 liter [&hellip;]<\/p>\n","protected":false},"author":388,"featured_media":0,"parent":0,"menu_order":132,"comment_status":"closed","ping_status":"closed","template":"","meta":{"_acf_changed":false,"footnotes":""},"class_list":["post-30404","page","type-page","status-publish","hentry"],"acf":[],"aioseo_notices":[],"_links":{"self":[{"href":"https:\/\/dev.varimixer.com\/da\/wp-json\/wp\/v2\/pages\/30404","targetHints":{"allow":["GET"]}}],"collection":[{"href":"https:\/\/dev.varimixer.com\/da\/wp-json\/wp\/v2\/pages"}],"about":[{"href":"https:\/\/dev.varimixer.com\/da\/wp-json\/wp\/v2\/types\/page"}],"author":[{"embeddable":true,"href":"https:\/\/dev.varimixer.com\/da\/wp-json\/wp\/v2\/users\/388"}],"replies":[{"embeddable":true,"href":"https:\/\/dev.varimixer.com\/da\/wp-json\/wp\/v2\/comments?post=30404"}],"version-history":[{"count":0,"href":"https:\/\/dev.varimixer.com\/da\/wp-json\/wp\/v2\/pages\/30404\/revisions"}],"wp:attachment":[{"href":"https:\/\/dev.varimixer.com\/da\/wp-json\/wp\/v2\/media?parent=30404"}],"curies":[{"name":"wp","href":"https:\/\/api.w.org\/{rel}","templated":true}]}}