{"id":35124,"date":"2024-06-12T12:50:05","date_gmt":"2024-06-12T10:50:05","guid":{"rendered":"https:\/\/dev.varimixer.com\/hvad-er-de-reelle-omkostninger-ved-koekkenredskaber\/"},"modified":"2024-06-12T12:50:07","modified_gmt":"2024-06-12T10:50:07","slug":"hvad-er-de-reelle-omkostninger-ved-koekkenredskaber","status":"publish","type":"page","link":"https:\/\/dev.varimixer.com\/da\/hvad-er-de-reelle-omkostninger-ved-koekkenredskaber\/","title":{"rendered":"Hvad er de reelle omkostninger ved k\u00f8kkenredskaber?"},"content":{"rendered":"\t\t<div data-elementor-type=\"wp-page\" data-elementor-id=\"35124\" class=\"elementor elementor-35124\" data-elementor-post-type=\"page\">\n\t\t\t\t\t\t<section class=\"elementor-section elementor-top-section elementor-element elementor-element-6339738 elementor-section-full_width elementor-section-height-min-height elementor-section-height-default elementor-section-items-middle\" data-id=\"6339738\" data-element_type=\"section\" data-e-type=\"section\" data-settings=\"{&quot;background_background&quot;:&quot;classic&quot;}\">\n\t\t\t\t\t\t<div class=\"elementor-container elementor-column-gap-default\">\n\t\t\t\t\t<div class=\"elementor-column elementor-col-100 elementor-top-column elementor-element elementor-element-d0fa083\" data-id=\"d0fa083\" data-element_type=\"column\" data-e-type=\"column\">\n\t\t\t<div class=\"elementor-widget-wrap\">\n\t\t\t\t\t\t\t<\/div>\n\t\t<\/div>\n\t\t\t\t\t<\/div>\n\t\t<\/section>\n\t\t\t\t<section class=\"elementor-section elementor-top-section elementor-element elementor-element-01cebf2 elementor-section-boxed elementor-section-height-default elementor-section-height-default\" data-id=\"01cebf2\" data-element_type=\"section\" data-e-type=\"section\">\n\t\t\t\t\t\t<div class=\"elementor-container elementor-column-gap-default\">\n\t\t\t\t\t<div class=\"elementor-column elementor-col-100 elementor-top-column elementor-element elementor-element-e3a3561\" data-id=\"e3a3561\" data-element_type=\"column\" data-e-type=\"column\">\n\t\t\t<div class=\"elementor-widget-wrap elementor-element-populated\">\n\t\t\t\t\t\t<div class=\"elementor-element elementor-element-5ed7308 elementor-widget elementor-widget-heading\" data-id=\"5ed7308\" data-element_type=\"widget\" data-e-type=\"widget\" data-widget_type=\"heading.default\">\n\t\t\t\t<div class=\"elementor-widget-container\">\n\t\t\t\t\t<h2 class=\"elementor-heading-title elementor-size-default\">Hvad er de reelle omkostninger ved k\u00f8kkenredskaber?<\/h2>\t\t\t\t<\/div>\n\t\t\t\t<\/div>\n\t\t\t\t<div class=\"elementor-element elementor-element-25f5af2 elementor-widget elementor-widget-text-editor\" data-id=\"25f5af2\" data-element_type=\"widget\" data-e-type=\"widget\" data-widget_type=\"text-editor.default\">\n\t\t\t\t<div class=\"elementor-widget-container\">\n\t\t\t\t\t\t\t\t\t<p><span style=\"color: var( --e-global-color-text ); font-family: var( --e-global-typography-text-font-family ), Sans-serif; font-size: 1rem;\">En ny unders\u00f8gelse* blandt forhandlere og slutkunder i k\u00f8kkenbranchen viser, at k\u00f8bsprisen er den afg\u00f8rende faktor, n\u00e5r der skal investeres i nyt udstyr til stork\u00f8kkenet. Men det er ikke altid rentabelt i det lange l\u00f8b.<\/span><\/p>\n<p><\/p>\n<h3>Det kan blive dyrt at k\u00f8be billigt<\/h3>\n<p>For det personale, der dagligt bruger produktionsudstyret i k\u00f8kkenet, er &#8220;brugervenlighed&#8221; og &#8220;hygiejne&#8221; det vigtigste. Mens detailhandlerne opfatter prisen som det vigtigste for k\u00f8berne.<\/p>\n<p>I nye bygninger med k\u00f8kkenfaciliteter (f.eks. kontorer og hospitaler) er det ofte bygherren i samarbejde med arkitekten, der indretter stork\u00f8kkenerne. Men i mange tilf\u00e6lde har de ikke den n\u00f8dvendige baggrundsviden til at vurdere, hvilket udstyr der er bedst at investere i.<\/p>\n<p>Det betyder, at vigtige egenskaber som ergonomi, brugervenlighed, hygiejne, st\u00f8jniveau og funktionalitet kan blive nedprioriteret. Derfor ender prisen ofte med at v\u00e6re den vigtigste faktor. Jo lavere tallet p\u00e5 bundlinjen er, desto bedre. Men det kan faktisk koste op til 60% mere i det lange l\u00f8b at v\u00e6lge det billigste alternativ.<\/p>\t\t\t\t\t\t\t\t<\/div>\n\t\t\t\t<\/div>\n\t\t\t\t<div class=\"elementor-element elementor-element-2d4eafb elementor-widget elementor-widget-image\" data-id=\"2d4eafb\" data-element_type=\"widget\" data-e-type=\"widget\" data-widget_type=\"image.default\">\n\t\t\t\t<div class=\"elementor-widget-container\">\n\t\t\t\t\t\t\t\t\t\t\t\t\t\t\t<img fetchpriority=\"high\" decoding=\"async\" width=\"800\" height=\"711\" src=\"https:\/\/dev.varimixer.com\/wp-content\/uploads\/2022\/12\/Varimixer-TCO-beregning-figur-EN.jpg\" class=\"attachment-large size-large wp-image-35126\" alt=\"\" srcset=\"https:\/\/dev.varimixer.com\/wp-content\/uploads\/2022\/12\/Varimixer-TCO-beregning-figur-EN.jpg 900w, https:\/\/dev.varimixer.com\/wp-content\/uploads\/2022\/12\/Varimixer-TCO-beregning-figur-EN-600x533.jpg 600w, https:\/\/dev.varimixer.com\/wp-content\/uploads\/2022\/12\/Varimixer-TCO-beregning-figur-EN-300x267.jpg 300w, https:\/\/dev.varimixer.com\/wp-content\/uploads\/2022\/12\/Varimixer-TCO-beregning-figur-EN-768x683.jpg 768w\" sizes=\"(max-width: 800px) 100vw, 800px\" \/>\t\t\t\t\t\t\t\t\t\t\t\t\t\t\t<\/div>\n\t\t\t\t<\/div>\n\t\t\t\t<div class=\"elementor-element elementor-element-98d45c9 elementor-widget elementor-widget-text-editor\" data-id=\"98d45c9\" data-element_type=\"widget\" data-e-type=\"widget\" data-widget_type=\"text-editor.default\">\n\t\t\t\t<div class=\"elementor-widget-container\">\n\t\t\t\t\t\t\t\t\t<p><span style=\"font-size: 1.75rem; color: var( --e-global-color-text ); font-family: var( --e-global-typography-text-font-family ), Sans-serif;\">Vurder omkostningerne i l\u00f8bet af maskinens levetid<\/span><\/p>\n<p>Pris og kvalitet h\u00e6nger ikke altid sammen. En billig maskine kan v\u00e6re god &#8211; og en dyr maskine kan v\u00e6re d\u00e5rlig. Derfor er det en god id\u00e9 at bruge Total Cost of Ownership (TCO)-metoden til at sammenligne forskellige investeringer i nyt produktionsudstyr. TCO betyder, at alle omkostninger skal ses i forhold til hele maskinens levetid.<\/p>\n<p>I figuren kan du se, hvilke faktorer der normalt spiller ind i beregningen:<\/p>\n<p><em><br \/>\n  <strong>K\u00f8bspris:<\/strong><br \/>\n<\/em> den pris, der betales til forhandleren<br \/><em><br \/>\n  <strong>Forventet levetid:<\/strong><br \/>\n<\/em> Hvor l\u00e6nge forventes udstyret at v\u00e6re funktionsdygtigt i produktionsk\u00f8kkenet?<br \/><em><br \/>\n  <strong>Energiforbrug:<\/strong><br \/>\n<\/em> prisen p\u00e5 det daglige forbrug af gas eller elektricitet i den forventede levetid<br \/><em><br \/>\n  <strong>Bortskaffelse:<\/strong><br \/>\n<\/em> omkostninger til bortskaffelse af brugt udstyr<br \/><em><br \/>\n  <strong>Vedligeholdelse:<\/strong><br \/>\n<\/em> omkostninger til serviceaftale, garantiperiode, reparationer og reservedele.<\/p>\n<p>Det er ogs\u00e5 vigtigt at tage h\u00f8jde for andre faktorer, som normalt ikke indg\u00e5r i TCO-beregningen:<\/p>\n<\/p>\n<h3>Milj\u00f8p\u00e5virkning og CO2-fodaftryk<\/h3>\n<p>Tjek, om producenten har indarbejdet klimavenlige procedurer og materialer i produktionen. Er det muligt at genbruge hele eller dele af udstyret? Er der mulighed for at reparere og skaffe reservedele, der kan betyde l\u00e6ngere levetid for det f\u00e6rdige produkt?<\/p>\n<\/p>\n<h3>Arbejdsmilj\u00f8<\/h3>\n<p>Godt produktionsudstyr er designet til at underst\u00f8tte et sundt arbejdsmilj\u00f8. Unders\u00f8g derfor altid f.eks. st\u00f8jniveau og ergonomi. Er brugergr\u00e6nsefladerne intuitive og brugervenlige? Er arbejdsstillingerne korrekte? Tunge l\u00f8ft og d\u00e5rlig ergonomi kan f\u00f8re til arbejdsskader og dyre omkostninger til behandling og sygefrav\u00e6r for brugerne af udstyret.<\/p>\n<\/p>\n<h3>F\u00f8devaresikkerhed<\/h3>\n<p>Hygiejnisk design er afg\u00f8rende for f\u00f8devaresikkerheden, da veldesignet udstyr forhindrer bakteriev\u00e6kst. Tjek, om produktionsudstyret lever op til de g\u00e6ldende hygiejnestandarder. Har producenten dokumentation for f\u00f8devarekontaktmaterialer? Tjek ogs\u00e5, hvor nemt udstyret er at reng\u00f8re. Det har indflydelse p\u00e5 den daglige k\u00f8kkenhygiejne og arbejdsproces.<\/p>\n<\/p>\n<h3>CE-m\u00e6rket<\/h3>\n<p>EU-lovgivningen foreskriver CE-m\u00e6rkning. Hvis produktionsudstyret ikke er CE-m\u00e6rket, vil det slet ikke blive taget i betragtning af indk\u00f8berne. If\u00f8lge lovgivningen er det op til producentens egen risikovurdering, om udstyret overholder maskindirektivet &#8211; og det giver mulighed for fortolkning af lovgivningen. Ved at indf\u00f8re et revisionsorgan kan man fjerne ansvaret fra producenten og sikre, at alle producenter konkurrerer p\u00e5 de samme parametre.<\/p>\n<p>Afslutningsvis kan man konkludere, at der er mange andre faktorer end blot prisen, der skal tages i betragtning, f\u00f8r man beslutter sig for at investere i nyt produktionsudstyr. Det koster m\u00e5ske lidt mere i starten, men det kan meget vel betale sig i det lange l\u00f8b.<\/p>\n<h3> <\/h3>\n<h3>F\u00e5 mere at vide om vores produkter<\/h3>\n<p>Varimixer fremstiller r\u00f8remaskiner baseret p\u00e5 et indg\u00e5ende kendskab til brugernes behov og daglige rutiner i professionelle k\u00f8kkener og bagerier.<\/p>\n<p> <a href=\"https:\/\/dev.varimixer.com\/da\/produkter\/\">Se vores produkter her<\/a><\/p>\n<p><em>*Kilde: Unders\u00f8gelse af Katrine Dalgaard og Nina Gringer, DTU F\u00f8devareinstituttet; Minka Hickman, Varimixer A\/S; Alan Friis, Force Technology 2021<\/em><\/p>\n\t\t\t\t\t\t\t\t<\/div>\n\t\t\t\t<\/div>\n\t\t\t\t\t<\/div>\n\t\t<\/div>\n\t\t\t\t\t<\/div>\n\t\t<\/section>\n\t\t\t\t<\/div>\n\t\t","protected":false},"excerpt":{"rendered":"<p>Hvad er de reelle omkostninger ved k\u00f8kkenredskaber? En ny unders\u00f8gelse* blandt forhandlere og slutkunder i k\u00f8kkenbranchen viser, at k\u00f8bsprisen er den afg\u00f8rende faktor, n\u00e5r der skal investeres i nyt udstyr til stork\u00f8kkenet. Men det er ikke altid rentabelt i det lange l\u00f8b. Det kan blive dyrt at k\u00f8be billigt For det personale, der dagligt bruger [&hellip;]<\/p>\n","protected":false},"author":388,"featured_media":0,"parent":0,"menu_order":83,"comment_status":"closed","ping_status":"closed","template":"","meta":{"_acf_changed":false,"footnotes":""},"class_list":["post-35124","page","type-page","status-publish","hentry"],"acf":[],"aioseo_notices":[],"_links":{"self":[{"href":"https:\/\/dev.varimixer.com\/da\/wp-json\/wp\/v2\/pages\/35124","targetHints":{"allow":["GET"]}}],"collection":[{"href":"https:\/\/dev.varimixer.com\/da\/wp-json\/wp\/v2\/pages"}],"about":[{"href":"https:\/\/dev.varimixer.com\/da\/wp-json\/wp\/v2\/types\/page"}],"author":[{"embeddable":true,"href":"https:\/\/dev.varimixer.com\/da\/wp-json\/wp\/v2\/users\/388"}],"replies":[{"embeddable":true,"href":"https:\/\/dev.varimixer.com\/da\/wp-json\/wp\/v2\/comments?post=35124"}],"version-history":[{"count":0,"href":"https:\/\/dev.varimixer.com\/da\/wp-json\/wp\/v2\/pages\/35124\/revisions"}],"wp:attachment":[{"href":"https:\/\/dev.varimixer.com\/da\/wp-json\/wp\/v2\/media?parent=35124"}],"curies":[{"name":"wp","href":"https:\/\/api.w.org\/{rel}","templated":true}]}}