{"id":12644,"date":"2022-07-13T15:10:10","date_gmt":"2022-07-13T13:10:10","guid":{"rendered":"https:\/\/dev.varimixer.com\/?post_type=product&#038;p=12644"},"modified":"2025-03-25T09:37:05","modified_gmt":"2025-03-25T08:37:05","slug":"lukket-staenkskaerm-i-rustfrit-staal-ce-certificeret","status":"publish","type":"product","link":"https:\/\/dev.varimixer.com\/da\/produkt\/lukket-staenkskaerm-i-rustfrit-staal-ce-certificeret\/","title":{"rendered":"Lukket st\u00e6nksk\u00e6rm i rustfrit st\u00e5l &#8211; CE certificeret"},"content":{"rendered":"","protected":false},"excerpt":{"rendered":"","protected":false},"featured_media":18576,"template":"","meta":{"_acf_changed":false},"product_brand":[],"product_cat":[3810,3738],"product_tag":[],"class_list":{"0":"post-12644","1":"product","2":"type-product","3":"status-publish","4":"has-post-thumbnail","6":"product_cat-ergo100-tilvalg","7":"product_cat-rabatter-tilbehor","9":"first","10":"instock","11":"product-type-simple"},"acf":[],"aioseo_notices":[],"_links":{"self":[{"href":"https:\/\/dev.varimixer.com\/da\/wp-json\/wp\/v2\/product\/12644","targetHints":{"allow":["GET"]}}],"collection":[{"href":"https:\/\/dev.varimixer.com\/da\/wp-json\/wp\/v2\/product"}],"about":[{"href":"https:\/\/dev.varimixer.com\/da\/wp-json\/wp\/v2\/types\/product"}],"version-history":[{"count":0,"href":"https:\/\/dev.varimixer.com\/da\/wp-json\/wp\/v2\/product\/12644\/revisions"}],"wp:featuredmedia":[{"embeddable":true,"href":"https:\/\/dev.varimixer.com\/da\/wp-json\/wp\/v2\/media\/18576"}],"wp:attachment":[{"href":"https:\/\/dev.varimixer.com\/da\/wp-json\/wp\/v2\/media?parent=12644"}],"wp:term":[{"taxonomy":"product_brand","embeddable":true,"href":"https:\/\/dev.varimixer.com\/da\/wp-json\/wp\/v2\/product_brand?post=12644"},{"taxonomy":"product_cat","embeddable":true,"href":"https:\/\/dev.varimixer.com\/da\/wp-json\/wp\/v2\/product_cat?post=12644"},{"taxonomy":"product_tag","embeddable":true,"href":"https:\/\/dev.varimixer.com\/da\/wp-json\/wp\/v2\/product_tag?post=12644"}],"curies":[{"name":"wp","href":"https:\/\/api.w.org\/{rel}","templated":true}]}}