{"id":12652,"date":"2022-07-13T15:12:36","date_gmt":"2022-07-13T13:12:36","guid":{"rendered":"https:\/\/dev.varimixer.com\/?post_type=product&#038;p=12652"},"modified":"2026-02-24T14:16:14","modified_gmt":"2026-02-24T13:16:14","slug":"100-l-ris-med-tyndere-traade","status":"publish","type":"product","link":"https:\/\/dev.varimixer.com\/da\/produkt\/100-l-ris-med-tyndere-traade\/","title":{"rendered":"100 L Ris  med tyndere tr\u00e5de"},"content":{"rendered":"<ul>\n<li>Ris i rustfrit st\u00e5l<\/li>\n<li>Heavy duty designet til at lave storproduktion af \u00e6ggehvider, fl\u00f8deskum, sm\u00f8rcremefrosting og mayonnaise<\/li>\n<li>Designet til professionel f\u00f8devareproduktion<\/li>\n<li>Lavet til Varimixer ERGO100 (100 liter) r\u00f8remaskine<\/li>\n<\/ul>\n","protected":false},"excerpt":{"rendered":"<p>Ris i rustfrit st\u00e5l Heavy duty designet til at lave storproduktion af \u00e6ggehvider, fl\u00f8deskum, sm\u00f8rcremefrosting og mayonnaise Designet til professionel f\u00f8devareproduktion Lavet til Varimixer ERGO100 (100 liter) r\u00f8remaskine<\/p>\n","protected":false},"featured_media":70759,"template":"","meta":{"_acf_changed":false},"product_brand":[],"product_cat":[3808],"product_tag":[3744],"class_list":{"0":"post-12652","1":"product","2":"type-product","3":"status-publish","4":"has-post-thumbnail","6":"product_cat-ergo100-tilbehor-100-l","7":"product_tag-tilbehoer","9":"first","10":"instock","11":"product-type-simple"},"acf":[],"aioseo_notices":[],"_links":{"self":[{"href":"https:\/\/dev.varimixer.com\/da\/wp-json\/wp\/v2\/product\/12652","targetHints":{"allow":["GET"]}}],"collection":[{"href":"https:\/\/dev.varimixer.com\/da\/wp-json\/wp\/v2\/product"}],"about":[{"href":"https:\/\/dev.varimixer.com\/da\/wp-json\/wp\/v2\/types\/product"}],"version-history":[{"count":0,"href":"https:\/\/dev.varimixer.com\/da\/wp-json\/wp\/v2\/product\/12652\/revisions"}],"wp:featuredmedia":[{"embeddable":true,"href":"https:\/\/dev.varimixer.com\/da\/wp-json\/wp\/v2\/media\/70759"}],"wp:attachment":[{"href":"https:\/\/dev.varimixer.com\/da\/wp-json\/wp\/v2\/media?parent=12652"}],"wp:term":[{"taxonomy":"product_brand","embeddable":true,"href":"https:\/\/dev.varimixer.com\/da\/wp-json\/wp\/v2\/product_brand?post=12652"},{"taxonomy":"product_cat","embeddable":true,"href":"https:\/\/dev.varimixer.com\/da\/wp-json\/wp\/v2\/product_cat?post=12652"},{"taxonomy":"product_tag","embeddable":true,"href":"https:\/\/dev.varimixer.com\/da\/wp-json\/wp\/v2\/product_tag?post=12652"}],"curies":[{"name":"wp","href":"https:\/\/api.w.org\/{rel}","templated":true}]}}