{"id":12787,"date":"2022-07-14T15:30:21","date_gmt":"2022-07-14T13:30:22","guid":{"rendered":"https:\/\/dev.varimixer.com\/?post_type=product&#038;p=12787"},"modified":"2026-02-06T11:33:04","modified_gmt":"2026-02-06T10:33:04","slug":"13-mm-skive-standard","status":"publish","type":"product","link":"https:\/\/dev.varimixer.com\/da\/produkt\/13-mm-skive-standard\/","title":{"rendered":"13 mm skive, standard"},"content":{"rendered":"","protected":false},"excerpt":{"rendered":"<p>Passer til 20 &#8211; 80 L til k\u00f8dhakkeren GRZ der tilsluttes via hj\u00e6lpetr\u00e6k udtaget (tilvalg)<\/p>\n","protected":false},"featured_media":33141,"template":"","meta":{"_acf_changed":false},"product_brand":[],"product_cat":[3796,3738],"product_tag":[3744],"class_list":{"0":"post-12787","1":"product","2":"type-product","3":"status-publish","4":"has-post-thumbnail","6":"product_cat-82-mm-kodhakkere","7":"product_cat-rabatter-tilbehor","8":"product_tag-tilbehoer","10":"first","11":"instock","12":"shipping-taxable","13":"product-type-simple"},"acf":[],"aioseo_notices":[],"_links":{"self":[{"href":"https:\/\/dev.varimixer.com\/da\/wp-json\/wp\/v2\/product\/12787","targetHints":{"allow":["GET"]}}],"collection":[{"href":"https:\/\/dev.varimixer.com\/da\/wp-json\/wp\/v2\/product"}],"about":[{"href":"https:\/\/dev.varimixer.com\/da\/wp-json\/wp\/v2\/types\/product"}],"version-history":[{"count":0,"href":"https:\/\/dev.varimixer.com\/da\/wp-json\/wp\/v2\/product\/12787\/revisions"}],"wp:featuredmedia":[{"embeddable":true,"href":"https:\/\/dev.varimixer.com\/da\/wp-json\/wp\/v2\/media\/33141"}],"wp:attachment":[{"href":"https:\/\/dev.varimixer.com\/da\/wp-json\/wp\/v2\/media?parent=12787"}],"wp:term":[{"taxonomy":"product_brand","embeddable":true,"href":"https:\/\/dev.varimixer.com\/da\/wp-json\/wp\/v2\/product_brand?post=12787"},{"taxonomy":"product_cat","embeddable":true,"href":"https:\/\/dev.varimixer.com\/da\/wp-json\/wp\/v2\/product_cat?post=12787"},{"taxonomy":"product_tag","embeddable":true,"href":"https:\/\/dev.varimixer.com\/da\/wp-json\/wp\/v2\/product_tag?post=12787"}],"curies":[{"name":"wp","href":"https:\/\/api.w.org\/{rel}","templated":true}]}}