{"id":30727,"date":"2022-07-11T13:02:29","date_gmt":"2022-07-11T11:02:29","guid":{"rendered":"https:\/\/dev.varimixer.com\/product\/pisk-rustfri-traad-25-mm\/"},"modified":"2026-04-22T10:48:31","modified_gmt":"2026-04-22T08:48:31","slug":"pisk-rustfri-traad-25-mm","status":"publish","type":"product","link":"https:\/\/dev.varimixer.com\/da\/produkt\/pisk-rustfri-traad-25-mm\/","title":{"rendered":"Ris, rustfri tr\u00e5d 2,5 mm"},"content":{"rendered":"<p>Udviklet til piskning og luftning af lette ingredienser som \u00e6ggehvider, fl\u00f8deskum, sm\u00f8rcreme og mayonnaise.\u2028Den tr\u00e5dformede konstruktion indarbejder luft i massen og skaber volumen samt en let og stabil struktur.<\/p>\n","protected":false},"excerpt":{"rendered":"<p>Udviklet til piskning og luftning af lette ingredienser som \u00e6ggehvider, fl\u00f8deskum, sm\u00f8rcreme og mayonnaise.\u2028Den tr\u00e5dformede konstruktion indarbejder luft i massen og skaber volumen samt en let og stabil struktur.<\/p>\n","protected":false},"featured_media":30742,"template":"","meta":{"_acf_changed":false},"product_brand":[],"product_cat":[3738,3733],"product_tag":[3744],"class_list":{"0":"post-30727","1":"product","2":"type-product","3":"status-publish","4":"has-post-thumbnail","6":"product_cat-rabatter-tilbehor","7":"product_cat-teddy-tilbehor","8":"product_tag-tilbehoer","10":"first","11":"instock","12":"shipping-taxable","13":"product-type-simple"},"acf":[],"aioseo_notices":[],"_links":{"self":[{"href":"https:\/\/dev.varimixer.com\/da\/wp-json\/wp\/v2\/product\/30727","targetHints":{"allow":["GET"]}}],"collection":[{"href":"https:\/\/dev.varimixer.com\/da\/wp-json\/wp\/v2\/product"}],"about":[{"href":"https:\/\/dev.varimixer.com\/da\/wp-json\/wp\/v2\/types\/product"}],"version-history":[{"count":1,"href":"https:\/\/dev.varimixer.com\/da\/wp-json\/wp\/v2\/product\/30727\/revisions"}],"predecessor-version":[{"id":73024,"href":"https:\/\/dev.varimixer.com\/da\/wp-json\/wp\/v2\/product\/30727\/revisions\/73024"}],"wp:featuredmedia":[{"embeddable":true,"href":"https:\/\/dev.varimixer.com\/da\/wp-json\/wp\/v2\/media\/30742"}],"wp:attachment":[{"href":"https:\/\/dev.varimixer.com\/da\/wp-json\/wp\/v2\/media?parent=30727"}],"wp:term":[{"taxonomy":"product_brand","embeddable":true,"href":"https:\/\/dev.varimixer.com\/da\/wp-json\/wp\/v2\/product_brand?post=30727"},{"taxonomy":"product_cat","embeddable":true,"href":"https:\/\/dev.varimixer.com\/da\/wp-json\/wp\/v2\/product_cat?post=30727"},{"taxonomy":"product_tag","embeddable":true,"href":"https:\/\/dev.varimixer.com\/da\/wp-json\/wp\/v2\/product_tag?post=30727"}],"curies":[{"name":"wp","href":"https:\/\/api.w.org\/{rel}","templated":true}]}}