{"id":30744,"date":"2022-07-11T13:02:29","date_gmt":"2022-07-11T11:02:29","guid":{"rendered":"https:\/\/dev.varimixer.com\/product\/krog-rustfrit-staal\/"},"modified":"2026-04-22T11:07:50","modified_gmt":"2026-04-22T09:07:50","slug":"krog-rustfrit-staal","status":"publish","type":"product","link":"https:\/\/dev.varimixer.com\/da\/produkt\/krog-rustfrit-staal\/","title":{"rendered":"Krog, rustfrit st\u00e5l"},"content":{"rendered":"<p>Anvendes til \u00e6ltning af tunge deje og opbygning af glutennetv\u00e6rk i br\u00f8d-, pizza- og pastadej.\u2028Dejkrogen arbejder med kontinuerlig foldning og str\u00e6kning, hvilket sikrer en st\u00e6rk og elastisk dej til professionel produktion.<\/p>\n","protected":false},"excerpt":{"rendered":"<p>Anvendes til \u00e6ltning af tunge deje og opbygning af glutennetv\u00e6rk i br\u00f8d-, pizza- og pastadej.\u2028Dejkrogen arbejder med kontinuerlig foldning og str\u00e6kning, hvilket sikrer en st\u00e6rk og elastisk dej til professionel produktion.<\/p>\n","protected":false},"featured_media":30770,"template":"","meta":{"_acf_changed":false},"product_brand":[],"product_cat":[3738,3733],"product_tag":[3744],"class_list":{"0":"post-30744","1":"product","2":"type-product","3":"status-publish","4":"has-post-thumbnail","6":"product_cat-rabatter-tilbehor","7":"product_cat-teddy-tilbehor","8":"product_tag-tilbehoer","10":"first","11":"instock","12":"shipping-taxable","13":"product-type-simple"},"acf":[],"aioseo_notices":[],"_links":{"self":[{"href":"https:\/\/dev.varimixer.com\/da\/wp-json\/wp\/v2\/product\/30744","targetHints":{"allow":["GET"]}}],"collection":[{"href":"https:\/\/dev.varimixer.com\/da\/wp-json\/wp\/v2\/product"}],"about":[{"href":"https:\/\/dev.varimixer.com\/da\/wp-json\/wp\/v2\/types\/product"}],"version-history":[{"count":1,"href":"https:\/\/dev.varimixer.com\/da\/wp-json\/wp\/v2\/product\/30744\/revisions"}],"predecessor-version":[{"id":73173,"href":"https:\/\/dev.varimixer.com\/da\/wp-json\/wp\/v2\/product\/30744\/revisions\/73173"}],"wp:featuredmedia":[{"embeddable":true,"href":"https:\/\/dev.varimixer.com\/da\/wp-json\/wp\/v2\/media\/30770"}],"wp:attachment":[{"href":"https:\/\/dev.varimixer.com\/da\/wp-json\/wp\/v2\/media?parent=30744"}],"wp:term":[{"taxonomy":"product_brand","embeddable":true,"href":"https:\/\/dev.varimixer.com\/da\/wp-json\/wp\/v2\/product_brand?post=30744"},{"taxonomy":"product_cat","embeddable":true,"href":"https:\/\/dev.varimixer.com\/da\/wp-json\/wp\/v2\/product_cat?post=30744"},{"taxonomy":"product_tag","embeddable":true,"href":"https:\/\/dev.varimixer.com\/da\/wp-json\/wp\/v2\/product_tag?post=30744"}],"curies":[{"name":"wp","href":"https:\/\/api.w.org\/{rel}","templated":true}]}}