{"id":30956,"date":"2022-07-12T13:53:20","date_gmt":"2022-07-12T11:53:20","guid":{"rendered":"https:\/\/dev.varimixer.com\/product\/30-15-l-piskeris-standard-rustfrit-staal\/"},"modified":"2026-04-22T10:57:41","modified_gmt":"2026-04-22T08:57:41","slug":"30-15-l-piskeris-standard-rustfrit-staal","status":"publish","type":"product","link":"https:\/\/dev.varimixer.com\/da\/produkt\/30-15-l-piskeris-standard-rustfrit-staal\/","title":{"rendered":"30\/15 L Spartel, standard, rustfrit st\u00e5l"},"content":{"rendered":"<p>Bedst egnet til blanding af t\u00e6tte og halvfaste ingredienser som kartoffelmos, kagedej, glasur, fondant, kryddersm\u00f8r samt fars til f.eks. frikadeller og plantebaserede alternativer.\u2028R\u00f8respaden sikrer en ensartet blanding uden at tilf\u00f8re un\u00f8dig luft, hvilket giver en stabil og konsistent tekstur i storskala f\u00f8devareproduktion.<\/p>\n","protected":false},"excerpt":{"rendered":"<p>Bedst egnet til blanding af t\u00e6tte og halvfaste ingredienser som kartoffelmos, kagedej, glasur, fondant, kryddersm\u00f8r samt fars til f.eks. frikadeller og plantebaserede alternativer.\u2028R\u00f8respaden sikrer en ensartet blanding uden at tilf\u00f8re un\u00f8dig luft, hvilket giver en stabil og konsistent tekstur i storskala f\u00f8devareproduktion.<\/p>\n","protected":false},"featured_media":72013,"template":"","meta":{"_acf_changed":false},"product_brand":[],"product_cat":[3770,4029,4020,3738],"product_tag":[3744],"class_list":{"0":"post-30956","1":"product","2":"type-product","3":"status-publish","4":"has-post-thumbnail","6":"product_cat-ar30-tilbehor-15-l","7":"product_cat-ar30-vl1-maskine-nr-30003700-30007629","8":"product_cat-ar30-vl1s-maskine-nr-30003700-30007629","9":"product_cat-rabatter-tilbehor","10":"product_tag-tilbehoer","12":"first","13":"instock","14":"shipping-taxable","15":"product-type-simple"},"acf":[],"aioseo_notices":[],"_links":{"self":[{"href":"https:\/\/dev.varimixer.com\/da\/wp-json\/wp\/v2\/product\/30956","targetHints":{"allow":["GET"]}}],"collection":[{"href":"https:\/\/dev.varimixer.com\/da\/wp-json\/wp\/v2\/product"}],"about":[{"href":"https:\/\/dev.varimixer.com\/da\/wp-json\/wp\/v2\/types\/product"}],"version-history":[{"count":1,"href":"https:\/\/dev.varimixer.com\/da\/wp-json\/wp\/v2\/product\/30956\/revisions"}],"predecessor-version":[{"id":73120,"href":"https:\/\/dev.varimixer.com\/da\/wp-json\/wp\/v2\/product\/30956\/revisions\/73120"}],"wp:featuredmedia":[{"embeddable":true,"href":"https:\/\/dev.varimixer.com\/da\/wp-json\/wp\/v2\/media\/72013"}],"wp:attachment":[{"href":"https:\/\/dev.varimixer.com\/da\/wp-json\/wp\/v2\/media?parent=30956"}],"wp:term":[{"taxonomy":"product_brand","embeddable":true,"href":"https:\/\/dev.varimixer.com\/da\/wp-json\/wp\/v2\/product_brand?post=30956"},{"taxonomy":"product_cat","embeddable":true,"href":"https:\/\/dev.varimixer.com\/da\/wp-json\/wp\/v2\/product_cat?post=30956"},{"taxonomy":"product_tag","embeddable":true,"href":"https:\/\/dev.varimixer.com\/da\/wp-json\/wp\/v2\/product_tag?post=30956"}],"curies":[{"name":"wp","href":"https:\/\/api.w.org\/{rel}","templated":true}]}}