{"id":30972,"date":"2022-07-12T13:53:20","date_gmt":"2022-07-12T11:53:20","guid":{"rendered":"https:\/\/dev.varimixer.com\/product\/30-15-l-krog-rustfrit-staal-2\/"},"modified":"2026-04-22T11:08:03","modified_gmt":"2026-04-22T09:08:03","slug":"30-15-l-krog-rustfrit-staal-2","status":"publish","type":"product","link":"https:\/\/dev.varimixer.com\/da\/produkt\/30-15-l-krog-rustfrit-staal-2\/","title":{"rendered":"30\/15 L Krog, rustfrit st\u00e5l"},"content":{"rendered":"<p>Anvendes til \u00e6ltning af tunge deje og opbygning af glutennetv\u00e6rk i br\u00f8d-, pizza- og pastadej.\u2028Dejkrogen arbejder med kontinuerlig foldning og str\u00e6kning, hvilket sikrer en st\u00e6rk og elastisk dej til professionel produktion.<\/p>\n","protected":false},"excerpt":{"rendered":"<p>Anvendes til \u00e6ltning af tunge deje og opbygning af glutennetv\u00e6rk i br\u00f8d-, pizza- og pastadej.\u2028Dejkrogen arbejder med kontinuerlig foldning og str\u00e6kning, hvilket sikrer en st\u00e6rk og elastisk dej til professionel produktion.<\/p>\n","protected":false},"featured_media":72005,"template":"","meta":{"_acf_changed":false},"product_brand":[],"product_cat":[3770,4029,4020,3738],"product_tag":[3744],"class_list":{"0":"post-30972","1":"product","2":"type-product","3":"status-publish","4":"has-post-thumbnail","6":"product_cat-ar30-tilbehor-15-l","7":"product_cat-ar30-vl1-maskine-nr-30003700-30007629","8":"product_cat-ar30-vl1s-maskine-nr-30003700-30007629","9":"product_cat-rabatter-tilbehor","10":"product_tag-tilbehoer","12":"first","13":"instock","14":"shipping-taxable","15":"product-type-simple"},"acf":[],"aioseo_notices":[],"_links":{"self":[{"href":"https:\/\/dev.varimixer.com\/da\/wp-json\/wp\/v2\/product\/30972","targetHints":{"allow":["GET"]}}],"collection":[{"href":"https:\/\/dev.varimixer.com\/da\/wp-json\/wp\/v2\/product"}],"about":[{"href":"https:\/\/dev.varimixer.com\/da\/wp-json\/wp\/v2\/types\/product"}],"version-history":[{"count":1,"href":"https:\/\/dev.varimixer.com\/da\/wp-json\/wp\/v2\/product\/30972\/revisions"}],"predecessor-version":[{"id":73178,"href":"https:\/\/dev.varimixer.com\/da\/wp-json\/wp\/v2\/product\/30972\/revisions\/73178"}],"wp:featuredmedia":[{"embeddable":true,"href":"https:\/\/dev.varimixer.com\/da\/wp-json\/wp\/v2\/media\/72005"}],"wp:attachment":[{"href":"https:\/\/dev.varimixer.com\/da\/wp-json\/wp\/v2\/media?parent=30972"}],"wp:term":[{"taxonomy":"product_brand","embeddable":true,"href":"https:\/\/dev.varimixer.com\/da\/wp-json\/wp\/v2\/product_brand?post=30972"},{"taxonomy":"product_cat","embeddable":true,"href":"https:\/\/dev.varimixer.com\/da\/wp-json\/wp\/v2\/product_cat?post=30972"},{"taxonomy":"product_tag","embeddable":true,"href":"https:\/\/dev.varimixer.com\/da\/wp-json\/wp\/v2\/product_tag?post=30972"}],"curies":[{"name":"wp","href":"https:\/\/api.w.org\/{rel}","templated":true}]}}