{"id":30973,"date":"2022-07-12T13:46:32","date_gmt":"2024-05-03T09:35:32","guid":{"rendered":"https:\/\/dev.varimixer.com\/product\/marine-version-usphs-2\/"},"modified":"2025-03-25T09:41:06","modified_gmt":"2025-03-25T08:41:06","slug":"marine-version-usphs-2","status":"publish","type":"product","link":"https:\/\/dev.varimixer.com\/da\/produkt\/marine-version-usphs-2\/","title":{"rendered":"Marine version USPHS"},"content":{"rendered":"","protected":false},"excerpt":{"rendered":"<p>Udf\u00f8relse i rustfrit st\u00e5l, vandd\u00e6ksel ved luftventilation, k\u00e6rvfrie skruer, fuldsvejset rustfrit st\u00e5l<br \/>\nkn\u00e6, pakning ved bagpladen, pakning ved frontpanelet og topd\u00e6kslet.<br \/>\nLeveringstid for marineversioner ca. 3 m\u00e5neder<\/p>\n","protected":false},"featured_media":30978,"template":"","meta":{"_acf_changed":false},"product_brand":[],"product_cat":[3765,3738],"product_tag":[3744],"class_list":{"0":"post-30973","1":"product","2":"type-product","3":"status-publish","4":"has-post-thumbnail","6":"product_cat-ar30-tilvalg","7":"product_cat-rabatter-tilbehor","8":"product_tag-tilbehoer","10":"first","11":"instock","12":"shipping-taxable","13":"product-type-simple"},"acf":[],"aioseo_notices":[],"_links":{"self":[{"href":"https:\/\/dev.varimixer.com\/da\/wp-json\/wp\/v2\/product\/30973","targetHints":{"allow":["GET"]}}],"collection":[{"href":"https:\/\/dev.varimixer.com\/da\/wp-json\/wp\/v2\/product"}],"about":[{"href":"https:\/\/dev.varimixer.com\/da\/wp-json\/wp\/v2\/types\/product"}],"version-history":[{"count":0,"href":"https:\/\/dev.varimixer.com\/da\/wp-json\/wp\/v2\/product\/30973\/revisions"}],"wp:featuredmedia":[{"embeddable":true,"href":"https:\/\/dev.varimixer.com\/da\/wp-json\/wp\/v2\/media\/30978"}],"wp:attachment":[{"href":"https:\/\/dev.varimixer.com\/da\/wp-json\/wp\/v2\/media?parent=30973"}],"wp:term":[{"taxonomy":"product_brand","embeddable":true,"href":"https:\/\/dev.varimixer.com\/da\/wp-json\/wp\/v2\/product_brand?post=30973"},{"taxonomy":"product_cat","embeddable":true,"href":"https:\/\/dev.varimixer.com\/da\/wp-json\/wp\/v2\/product_cat?post=30973"},{"taxonomy":"product_tag","embeddable":true,"href":"https:\/\/dev.varimixer.com\/da\/wp-json\/wp\/v2\/product_tag?post=30973"}],"curies":[{"name":"wp","href":"https:\/\/api.w.org\/{rel}","templated":true}]}}