{"id":31007,"date":"2022-07-12T15:05:39","date_gmt":"2024-05-03T09:36:08","guid":{"rendered":"https:\/\/dev.varimixer.com\/product\/pizzakoersel-til-tunge-formaal-med-en-hoejere-dejkapacitet\/"},"modified":"2025-03-25T09:42:09","modified_gmt":"2025-03-25T08:42:09","slug":"pizzakoersel-til-tunge-formaal-med-en-hoejere-dejkapacitet","status":"publish","type":"product","link":"https:\/\/dev.varimixer.com\/da\/produkt\/pizzakoersel-til-tunge-formaal-med-en-hoejere-dejkapacitet\/","title":{"rendered":"Pizzak\u00f8rsel, til tunge form\u00e5l med en h\u00f8jere dejkapacitet"},"content":{"rendered":"","protected":false},"excerpt":{"rendered":"","protected":false},"featured_media":0,"template":"","meta":{"_acf_changed":false},"product_brand":[],"product_cat":[3772,3738],"product_tag":[3744],"class_list":{"0":"post-31007","1":"product","2":"type-product","3":"status-publish","5":"product_cat-ar60-tilvalg","6":"product_cat-rabatter-tilbehor","7":"product_tag-tilbehoer","9":"first","10":"instock","11":"shipping-taxable","12":"product-type-simple"},"acf":[],"aioseo_notices":[],"_links":{"self":[{"href":"https:\/\/dev.varimixer.com\/da\/wp-json\/wp\/v2\/product\/31007","targetHints":{"allow":["GET"]}}],"collection":[{"href":"https:\/\/dev.varimixer.com\/da\/wp-json\/wp\/v2\/product"}],"about":[{"href":"https:\/\/dev.varimixer.com\/da\/wp-json\/wp\/v2\/types\/product"}],"version-history":[{"count":0,"href":"https:\/\/dev.varimixer.com\/da\/wp-json\/wp\/v2\/product\/31007\/revisions"}],"wp:attachment":[{"href":"https:\/\/dev.varimixer.com\/da\/wp-json\/wp\/v2\/media?parent=31007"}],"wp:term":[{"taxonomy":"product_brand","embeddable":true,"href":"https:\/\/dev.varimixer.com\/da\/wp-json\/wp\/v2\/product_brand?post=31007"},{"taxonomy":"product_cat","embeddable":true,"href":"https:\/\/dev.varimixer.com\/da\/wp-json\/wp\/v2\/product_cat?post=31007"},{"taxonomy":"product_tag","embeddable":true,"href":"https:\/\/dev.varimixer.com\/da\/wp-json\/wp\/v2\/product_tag?post=31007"}],"curies":[{"name":"wp","href":"https:\/\/api.w.org\/{rel}","templated":true}]}}