{"id":31014,"date":"2022-07-12T14:10:06","date_gmt":"2022-07-12T12:10:06","guid":{"rendered":"https:\/\/dev.varimixer.com\/product\/30-l-vingepisk-nr-14-rustfrit-staal\/"},"modified":"2026-04-22T10:49:12","modified_gmt":"2026-04-22T08:49:12","slug":"30-l-vingepisk-nr-14-rustfrit-staal","status":"publish","type":"product","link":"https:\/\/dev.varimixer.com\/da\/produkt\/30-l-vingepisk-nr-14-rustfrit-staal\/","title":{"rendered":"30 L R\u00f8reris nr. 14, rustfrit st\u00e5l"},"content":{"rendered":"<p>Udviklet til piskning og luftning af lette ingredienser som \u00e6ggehvider, fl\u00f8deskum, sm\u00f8rcreme og mayonnaise.\u2028Den tr\u00e5dformede konstruktion indarbejder luft i massen og skaber volumen samt en let og stabil struktur.<\/p>\n","protected":false},"excerpt":{"rendered":"<p>Udviklet til piskning og luftning af lette ingredienser som \u00e6ggehvider, fl\u00f8deskum, sm\u00f8rcreme og mayonnaise.\u2028Den tr\u00e5dformede konstruktion indarbejder luft i massen og skaber volumen samt en let og stabil struktur.<\/p>\n","protected":false},"featured_media":70769,"template":"","meta":{"_acf_changed":false},"product_brand":[],"product_cat":[3771,4029,4020,3738],"product_tag":[3744],"class_list":{"0":"post-31014","1":"product","2":"type-product","3":"status-publish","4":"has-post-thumbnail","6":"product_cat-ar30-tilbehor-30-l","7":"product_cat-ar30-vl1-maskine-nr-30003700-30007629","8":"product_cat-ar30-vl1s-maskine-nr-30003700-30007629","9":"product_cat-rabatter-tilbehor","10":"product_tag-tilbehoer","12":"first","13":"instock","14":"shipping-taxable","15":"product-type-simple"},"acf":[],"aioseo_notices":[],"_links":{"self":[{"href":"https:\/\/dev.varimixer.com\/da\/wp-json\/wp\/v2\/product\/31014","targetHints":{"allow":["GET"]}}],"collection":[{"href":"https:\/\/dev.varimixer.com\/da\/wp-json\/wp\/v2\/product"}],"about":[{"href":"https:\/\/dev.varimixer.com\/da\/wp-json\/wp\/v2\/types\/product"}],"version-history":[{"count":1,"href":"https:\/\/dev.varimixer.com\/da\/wp-json\/wp\/v2\/product\/31014\/revisions"}],"predecessor-version":[{"id":73034,"href":"https:\/\/dev.varimixer.com\/da\/wp-json\/wp\/v2\/product\/31014\/revisions\/73034"}],"wp:featuredmedia":[{"embeddable":true,"href":"https:\/\/dev.varimixer.com\/da\/wp-json\/wp\/v2\/media\/70769"}],"wp:attachment":[{"href":"https:\/\/dev.varimixer.com\/da\/wp-json\/wp\/v2\/media?parent=31014"}],"wp:term":[{"taxonomy":"product_brand","embeddable":true,"href":"https:\/\/dev.varimixer.com\/da\/wp-json\/wp\/v2\/product_brand?post=31014"},{"taxonomy":"product_cat","embeddable":true,"href":"https:\/\/dev.varimixer.com\/da\/wp-json\/wp\/v2\/product_cat?post=31014"},{"taxonomy":"product_tag","embeddable":true,"href":"https:\/\/dev.varimixer.com\/da\/wp-json\/wp\/v2\/product_tag?post=31014"}],"curies":[{"name":"wp","href":"https:\/\/api.w.org\/{rel}","templated":true}]}}