{"id":31037,"date":"2022-07-12T15:21:22","date_gmt":"2022-07-12T13:21:22","guid":{"rendered":"https:\/\/dev.varimixer.com\/product\/60-30-l-b-udstyr\/"},"modified":"2026-02-04T13:49:25","modified_gmt":"2026-02-04T12:49:25","slug":"60-30-l-b-udstyr","status":"publish","type":"product","link":"https:\/\/dev.varimixer.com\/da\/produkt\/60-30-l-b-udstyr\/","title":{"rendered":"60\/30 L B-udstyr"},"content":{"rendered":"","protected":false},"excerpt":{"rendered":"<p>1 s\u00e6t med kedel i rustfrit st\u00e5l med kedelregistrering, spartel i rustfrit st\u00e5l, ris med tr\u00e5d i rustfrit st\u00e5l og krog i rustfrit st\u00e5l<\/p>\n","protected":false},"featured_media":71969,"template":"","meta":{"_acf_changed":false},"product_brand":[],"product_cat":[3773,3777,3738],"product_tag":[3744],"class_list":{"0":"post-31037","1":"product","2":"type-product","3":"status-publish","4":"has-post-thumbnail","6":"product_cat-ar60-tilbehor-30-l","7":"product_cat-ergo60-tilbehor-30-l","8":"product_cat-rabatter-tilbehor","9":"product_tag-tilbehoer","11":"first","12":"instock","13":"shipping-taxable","14":"product-type-simple"},"acf":[],"aioseo_notices":[],"_links":{"self":[{"href":"https:\/\/dev.varimixer.com\/da\/wp-json\/wp\/v2\/product\/31037","targetHints":{"allow":["GET"]}}],"collection":[{"href":"https:\/\/dev.varimixer.com\/da\/wp-json\/wp\/v2\/product"}],"about":[{"href":"https:\/\/dev.varimixer.com\/da\/wp-json\/wp\/v2\/types\/product"}],"version-history":[{"count":0,"href":"https:\/\/dev.varimixer.com\/da\/wp-json\/wp\/v2\/product\/31037\/revisions"}],"wp:featuredmedia":[{"embeddable":true,"href":"https:\/\/dev.varimixer.com\/da\/wp-json\/wp\/v2\/media\/71969"}],"wp:attachment":[{"href":"https:\/\/dev.varimixer.com\/da\/wp-json\/wp\/v2\/media?parent=31037"}],"wp:term":[{"taxonomy":"product_brand","embeddable":true,"href":"https:\/\/dev.varimixer.com\/da\/wp-json\/wp\/v2\/product_brand?post=31037"},{"taxonomy":"product_cat","embeddable":true,"href":"https:\/\/dev.varimixer.com\/da\/wp-json\/wp\/v2\/product_cat?post=31037"},{"taxonomy":"product_tag","embeddable":true,"href":"https:\/\/dev.varimixer.com\/da\/wp-json\/wp\/v2\/product_tag?post=31037"}],"curies":[{"name":"wp","href":"https:\/\/api.w.org\/{rel}","templated":true}]}}