{"id":31039,"date":"2022-07-12T15:21:21","date_gmt":"2022-07-12T13:21:21","guid":{"rendered":"https:\/\/dev.varimixer.com\/product\/60-30-l-pisk-standard-rustfri-traad\/"},"modified":"2026-05-12T16:18:23","modified_gmt":"2026-05-12T14:18:23","slug":"60-30-l-pisk-standard-rustfri-traad","status":"publish","type":"product","link":"https:\/\/dev.varimixer.com\/da\/produkt\/60-30-l-pisk-standard-rustfri-traad\/","title":{"rendered":"60\/30 L Ris, standard, rustfri tr\u00e5d"},"content":{"rendered":"<p>Udviklet til piskning og luftning af lette ingredienser som \u00e6ggehvider, fl\u00f8deskum, sm\u00f8rcreme og mayonnaise.\u2028Den tr\u00e5dformede konstruktion indarbejder luft i massen og skaber volumen samt en let og stabil struktur.<\/p>\n","protected":false},"excerpt":{"rendered":"<p>Udviklet til piskning og luftning af lette ingredienser som \u00e6ggehvider, fl\u00f8deskum, sm\u00f8rcreme og mayonnaise.\u2028Den tr\u00e5dformede konstruktion indarbejder luft i massen og skaber volumen samt en let og stabil struktur.<\/p>\n","protected":false},"featured_media":70786,"template":"","meta":{"_acf_changed":false},"product_brand":[],"product_cat":[3773,3777,3738],"product_tag":[3744],"class_list":{"0":"post-31039","1":"product","2":"type-product","3":"status-publish","4":"has-post-thumbnail","6":"product_cat-ar60-tilbehor-30-l","7":"product_cat-ergo60-tilbehor-30-l","8":"product_cat-rabatter-tilbehor","9":"product_tag-tilbehoer","11":"first","12":"instock","13":"shipping-taxable","14":"product-type-simple"},"acf":[],"aioseo_notices":[],"_links":{"self":[{"href":"https:\/\/dev.varimixer.com\/da\/wp-json\/wp\/v2\/product\/31039","targetHints":{"allow":["GET"]}}],"collection":[{"href":"https:\/\/dev.varimixer.com\/da\/wp-json\/wp\/v2\/product"}],"about":[{"href":"https:\/\/dev.varimixer.com\/da\/wp-json\/wp\/v2\/types\/product"}],"version-history":[{"count":1,"href":"https:\/\/dev.varimixer.com\/da\/wp-json\/wp\/v2\/product\/31039\/revisions"}],"predecessor-version":[{"id":73037,"href":"https:\/\/dev.varimixer.com\/da\/wp-json\/wp\/v2\/product\/31039\/revisions\/73037"}],"wp:featuredmedia":[{"embeddable":true,"href":"https:\/\/dev.varimixer.com\/da\/wp-json\/wp\/v2\/media\/70786"}],"wp:attachment":[{"href":"https:\/\/dev.varimixer.com\/da\/wp-json\/wp\/v2\/media?parent=31039"}],"wp:term":[{"taxonomy":"product_brand","embeddable":true,"href":"https:\/\/dev.varimixer.com\/da\/wp-json\/wp\/v2\/product_brand?post=31039"},{"taxonomy":"product_cat","embeddable":true,"href":"https:\/\/dev.varimixer.com\/da\/wp-json\/wp\/v2\/product_cat?post=31039"},{"taxonomy":"product_tag","embeddable":true,"href":"https:\/\/dev.varimixer.com\/da\/wp-json\/wp\/v2\/product_tag?post=31039"}],"curies":[{"name":"wp","href":"https:\/\/api.w.org\/{rel}","templated":true}]}}