{"id":31238,"date":"2022-07-12T10:25:08","date_gmt":"2022-07-12T08:25:08","guid":{"rendered":"https:\/\/dev.varimixer.com\/product\/20-l-krog-rustfrit-staal\/"},"modified":"2026-04-22T11:08:17","modified_gmt":"2026-04-22T09:08:17","slug":"20-l-krog-rustfrit-staal","status":"publish","type":"product","link":"https:\/\/dev.varimixer.com\/da\/produkt\/20-l-krog-rustfrit-staal\/","title":{"rendered":"20 L Krog, rustfrit st\u00e5l"},"content":{"rendered":"<p>Anvendes til \u00e6ltning af tunge deje og opbygning af glutennetv\u00e6rk i br\u00f8d-, pizza- og pastadej.\u2028Dejkrogen arbejder med kontinuerlig foldning og str\u00e6kning, hvilket sikrer en st\u00e6rk og elastisk dej til professionel produktion.<\/p>\n","protected":false},"excerpt":{"rendered":"<p>Anvendes til \u00e6ltning af tunge deje og opbygning af glutennetv\u00e6rk i br\u00f8d-, pizza- og pastadej.\u2028Dejkrogen arbejder med kontinuerlig foldning og str\u00e6kning, hvilket sikrer en st\u00e6rk og elastisk dej til professionel produktion.<\/p>\n","protected":false},"featured_media":30965,"template":"","meta":{"_acf_changed":false},"product_brand":[],"product_cat":[4033,3762,3738],"product_tag":[3744],"class_list":{"0":"post-31238","1":"product","2":"type-product","3":"status-publish","4":"has-post-thumbnail","6":"product_cat-kodiak20-udgaaede","7":"product_cat-kodiak20-tilbehor-20-l","8":"product_cat-rabatter-tilbehor","9":"product_tag-tilbehoer","11":"first","12":"instock","13":"shipping-taxable","14":"product-type-simple"},"acf":[],"aioseo_notices":[],"_links":{"self":[{"href":"https:\/\/dev.varimixer.com\/da\/wp-json\/wp\/v2\/product\/31238","targetHints":{"allow":["GET"]}}],"collection":[{"href":"https:\/\/dev.varimixer.com\/da\/wp-json\/wp\/v2\/product"}],"about":[{"href":"https:\/\/dev.varimixer.com\/da\/wp-json\/wp\/v2\/types\/product"}],"version-history":[{"count":1,"href":"https:\/\/dev.varimixer.com\/da\/wp-json\/wp\/v2\/product\/31238\/revisions"}],"predecessor-version":[{"id":73183,"href":"https:\/\/dev.varimixer.com\/da\/wp-json\/wp\/v2\/product\/31238\/revisions\/73183"}],"wp:featuredmedia":[{"embeddable":true,"href":"https:\/\/dev.varimixer.com\/da\/wp-json\/wp\/v2\/media\/30965"}],"wp:attachment":[{"href":"https:\/\/dev.varimixer.com\/da\/wp-json\/wp\/v2\/media?parent=31238"}],"wp:term":[{"taxonomy":"product_brand","embeddable":true,"href":"https:\/\/dev.varimixer.com\/da\/wp-json\/wp\/v2\/product_brand?post=31238"},{"taxonomy":"product_cat","embeddable":true,"href":"https:\/\/dev.varimixer.com\/da\/wp-json\/wp\/v2\/product_cat?post=31238"},{"taxonomy":"product_tag","embeddable":true,"href":"https:\/\/dev.varimixer.com\/da\/wp-json\/wp\/v2\/product_tag?post=31238"}],"curies":[{"name":"wp","href":"https:\/\/api.w.org\/{rel}","templated":true}]}}