{"id":31258,"date":"2022-07-12T10:25:08","date_gmt":"2022-07-12T08:25:08","guid":{"rendered":"https:\/\/dev.varimixer.com\/product\/20-l-piskeris-rustfrit-staal-standard\/"},"modified":"2026-04-22T10:49:38","modified_gmt":"2026-04-22T08:49:38","slug":"20-l-ris-rustfrit-staal-standard","status":"publish","type":"product","link":"https:\/\/dev.varimixer.com\/da\/produkt\/20-l-ris-rustfrit-staal-standard\/","title":{"rendered":"20 L Ris, rustfrit st\u00e5l, standard"},"content":{"rendered":"<p>Udviklet til piskning og luftning af lette ingredienser som \u00e6ggehvider, fl\u00f8deskum, sm\u00f8rcreme og mayonnaise.\u2028Den tr\u00e5dformede konstruktion indarbejder luft i massen og skaber volumen samt en let og stabil struktur.<\/p>\n","protected":false},"excerpt":{"rendered":"<p>Udviklet til piskning og luftning af lette ingredienser som \u00e6ggehvider, fl\u00f8deskum, sm\u00f8rcreme og mayonnaise.\u2028Den tr\u00e5dformede konstruktion indarbejder luft i massen og skaber volumen samt en let og stabil struktur.<\/p>\n","protected":false},"featured_media":69513,"template":"","meta":{"_acf_changed":false},"product_brand":[],"product_cat":[3762,3738],"product_tag":[3744],"class_list":{"0":"post-31258","1":"product","2":"type-product","3":"status-publish","4":"has-post-thumbnail","6":"product_cat-kodiak20-tilbehor-20-l","7":"product_cat-rabatter-tilbehor","8":"product_tag-tilbehoer","10":"first","11":"instock","12":"shipping-taxable","13":"product-type-simple"},"acf":[],"aioseo_notices":[],"_links":{"self":[{"href":"https:\/\/dev.varimixer.com\/da\/wp-json\/wp\/v2\/product\/31258","targetHints":{"allow":["GET"]}}],"collection":[{"href":"https:\/\/dev.varimixer.com\/da\/wp-json\/wp\/v2\/product"}],"about":[{"href":"https:\/\/dev.varimixer.com\/da\/wp-json\/wp\/v2\/types\/product"}],"version-history":[{"count":1,"href":"https:\/\/dev.varimixer.com\/da\/wp-json\/wp\/v2\/product\/31258\/revisions"}],"predecessor-version":[{"id":73043,"href":"https:\/\/dev.varimixer.com\/da\/wp-json\/wp\/v2\/product\/31258\/revisions\/73043"}],"wp:featuredmedia":[{"embeddable":true,"href":"https:\/\/dev.varimixer.com\/da\/wp-json\/wp\/v2\/media\/69513"}],"wp:attachment":[{"href":"https:\/\/dev.varimixer.com\/da\/wp-json\/wp\/v2\/media?parent=31258"}],"wp:term":[{"taxonomy":"product_brand","embeddable":true,"href":"https:\/\/dev.varimixer.com\/da\/wp-json\/wp\/v2\/product_brand?post=31258"},{"taxonomy":"product_cat","embeddable":true,"href":"https:\/\/dev.varimixer.com\/da\/wp-json\/wp\/v2\/product_cat?post=31258"},{"taxonomy":"product_tag","embeddable":true,"href":"https:\/\/dev.varimixer.com\/da\/wp-json\/wp\/v2\/product_tag?post=31258"}],"curies":[{"name":"wp","href":"https:\/\/api.w.org\/{rel}","templated":true}]}}