{"id":31259,"date":"2022-07-12T09:18:01","date_gmt":"2022-07-12T07:18:01","guid":{"rendered":"https:\/\/dev.varimixer.com\/product\/marine-version-usphs-5\/"},"modified":"2026-02-06T11:35:28","modified_gmt":"2026-02-06T10:35:28","slug":"marine-version-usphs-5","status":"publish","type":"product","link":"https:\/\/dev.varimixer.com\/da\/produkt\/marine-version-usphs-5\/","title":{"rendered":"Marine version USPHS"},"content":{"rendered":"","protected":false},"excerpt":{"rendered":"<p>Fire h\u00f8jdejusterbare f\u00f8dder i rustfrit st\u00e5l til fastboltning eller svejsning p\u00e5 d\u00e6k eller bord. Gulvmodelvogn med fem hjul med bremsel\u00e5s.<br \/>\nTilf\u00f8j ekstra pris for marinesp\u00e6ndingstransformator.<\/p>\n","protected":false},"featured_media":30795,"template":"","meta":{"_acf_changed":false},"product_brand":[],"product_cat":[3784,3738],"product_tag":[3744],"class_list":{"0":"post-31259","1":"product","2":"type-product","3":"status-publish","4":"has-post-thumbnail","6":"product_cat-kodiak20-tilvalg","7":"product_cat-rabatter-tilbehor","8":"product_tag-tilbehoer","10":"first","11":"instock","12":"shipping-taxable","13":"product-type-simple"},"acf":[],"aioseo_notices":[],"_links":{"self":[{"href":"https:\/\/dev.varimixer.com\/da\/wp-json\/wp\/v2\/product\/31259","targetHints":{"allow":["GET"]}}],"collection":[{"href":"https:\/\/dev.varimixer.com\/da\/wp-json\/wp\/v2\/product"}],"about":[{"href":"https:\/\/dev.varimixer.com\/da\/wp-json\/wp\/v2\/types\/product"}],"version-history":[{"count":0,"href":"https:\/\/dev.varimixer.com\/da\/wp-json\/wp\/v2\/product\/31259\/revisions"}],"wp:featuredmedia":[{"embeddable":true,"href":"https:\/\/dev.varimixer.com\/da\/wp-json\/wp\/v2\/media\/30795"}],"wp:attachment":[{"href":"https:\/\/dev.varimixer.com\/da\/wp-json\/wp\/v2\/media?parent=31259"}],"wp:term":[{"taxonomy":"product_brand","embeddable":true,"href":"https:\/\/dev.varimixer.com\/da\/wp-json\/wp\/v2\/product_brand?post=31259"},{"taxonomy":"product_cat","embeddable":true,"href":"https:\/\/dev.varimixer.com\/da\/wp-json\/wp\/v2\/product_cat?post=31259"},{"taxonomy":"product_tag","embeddable":true,"href":"https:\/\/dev.varimixer.com\/da\/wp-json\/wp\/v2\/product_tag?post=31259"}],"curies":[{"name":"wp","href":"https:\/\/api.w.org\/{rel}","templated":true}]}}