{"id":31266,"date":"2022-07-13T11:28:36","date_gmt":"2022-07-13T09:28:36","guid":{"rendered":"https:\/\/dev.varimixer.com\/product\/drev-til-montering-af-koedhakker-eller-groentsagsskaerer-3\/"},"modified":"2025-03-25T09:45:20","modified_gmt":"2025-03-25T08:45:20","slug":"drev-til-montering-af-koedhakker-eller-groentsagsskaerer-3","status":"publish","type":"product","link":"https:\/\/dev.varimixer.com\/da\/produkt\/drev-til-montering-af-koedhakker-eller-groentsagsskaerer-3\/","title":{"rendered":"H\u00e6lpetr\u00e6k til montering af k\u00f8dhakker eller gr\u00f8ntsagssk\u00e6rer"},"content":{"rendered":"","protected":false},"excerpt":{"rendered":"","protected":false},"featured_media":30990,"template":"","meta":{"_acf_changed":false},"product_brand":[],"product_cat":[3787,3738],"product_tag":[3744],"class_list":{"0":"post-31266","1":"product","2":"type-product","3":"status-publish","4":"has-post-thumbnail","6":"product_cat-ar80-tilvalg","7":"product_cat-rabatter-tilbehor","8":"product_tag-tilbehoer","10":"first","11":"instock","12":"shipping-taxable","13":"product-type-simple"},"acf":[],"aioseo_notices":[],"_links":{"self":[{"href":"https:\/\/dev.varimixer.com\/da\/wp-json\/wp\/v2\/product\/31266","targetHints":{"allow":["GET"]}}],"collection":[{"href":"https:\/\/dev.varimixer.com\/da\/wp-json\/wp\/v2\/product"}],"about":[{"href":"https:\/\/dev.varimixer.com\/da\/wp-json\/wp\/v2\/types\/product"}],"version-history":[{"count":0,"href":"https:\/\/dev.varimixer.com\/da\/wp-json\/wp\/v2\/product\/31266\/revisions"}],"wp:featuredmedia":[{"embeddable":true,"href":"https:\/\/dev.varimixer.com\/da\/wp-json\/wp\/v2\/media\/30990"}],"wp:attachment":[{"href":"https:\/\/dev.varimixer.com\/da\/wp-json\/wp\/v2\/media?parent=31266"}],"wp:term":[{"taxonomy":"product_brand","embeddable":true,"href":"https:\/\/dev.varimixer.com\/da\/wp-json\/wp\/v2\/product_brand?post=31266"},{"taxonomy":"product_cat","embeddable":true,"href":"https:\/\/dev.varimixer.com\/da\/wp-json\/wp\/v2\/product_cat?post=31266"},{"taxonomy":"product_tag","embeddable":true,"href":"https:\/\/dev.varimixer.com\/da\/wp-json\/wp\/v2\/product_tag?post=31266"}],"curies":[{"name":"wp","href":"https:\/\/api.w.org\/{rel}","templated":true}]}}