{"id":31272,"date":"2022-07-12T14:14:58","date_gmt":"2022-07-12T12:14:58","guid":{"rendered":"https:\/\/dev.varimixer.com\/product\/poelseroer-til-82-mm-koedhakker\/"},"modified":"2025-03-25T09:45:44","modified_gmt":"2025-03-25T08:45:44","slug":"poelseroer-til-82-mm-koedhakker","status":"publish","type":"product","link":"https:\/\/dev.varimixer.com\/da\/produkt\/poelseroer-til-82-mm-koedhakker\/","title":{"rendered":"P\u00f8lser\u00f8r til 82 mm k\u00f8dhakker"},"content":{"rendered":"","protected":false},"excerpt":{"rendered":"<p>Passer til 20 &#8211; 80 L<\/p>\n","protected":false},"featured_media":30918,"template":"","meta":{"_acf_changed":false},"product_brand":[],"product_cat":[3796,3788,3790,3791,3792,3795,3793,3794,3738],"product_tag":[3744],"class_list":{"0":"post-31272","1":"product","2":"type-product","3":"status-publish","4":"has-post-thumbnail","6":"product_cat-82-mm-kodhakkere","7":"product_cat-ar30-udstyr","8":"product_cat-ar40-udstyr","9":"product_cat-ar60-udstyr","10":"product_cat-ar80-udstyr","11":"product_cat-ergo60-udstyr","12":"product_cat-kodiak20-udstyr","13":"product_cat-kodiak30-udstyr","14":"product_cat-rabatter-tilbehor","15":"product_tag-tilbehoer","17":"first","18":"instock","19":"shipping-taxable","20":"product-type-simple"},"acf":[],"aioseo_notices":[],"_links":{"self":[{"href":"https:\/\/dev.varimixer.com\/da\/wp-json\/wp\/v2\/product\/31272","targetHints":{"allow":["GET"]}}],"collection":[{"href":"https:\/\/dev.varimixer.com\/da\/wp-json\/wp\/v2\/product"}],"about":[{"href":"https:\/\/dev.varimixer.com\/da\/wp-json\/wp\/v2\/types\/product"}],"version-history":[{"count":0,"href":"https:\/\/dev.varimixer.com\/da\/wp-json\/wp\/v2\/product\/31272\/revisions"}],"wp:featuredmedia":[{"embeddable":true,"href":"https:\/\/dev.varimixer.com\/da\/wp-json\/wp\/v2\/media\/30918"}],"wp:attachment":[{"href":"https:\/\/dev.varimixer.com\/da\/wp-json\/wp\/v2\/media?parent=31272"}],"wp:term":[{"taxonomy":"product_brand","embeddable":true,"href":"https:\/\/dev.varimixer.com\/da\/wp-json\/wp\/v2\/product_brand?post=31272"},{"taxonomy":"product_cat","embeddable":true,"href":"https:\/\/dev.varimixer.com\/da\/wp-json\/wp\/v2\/product_cat?post=31272"},{"taxonomy":"product_tag","embeddable":true,"href":"https:\/\/dev.varimixer.com\/da\/wp-json\/wp\/v2\/product_tag?post=31272"}],"curies":[{"name":"wp","href":"https:\/\/api.w.org\/{rel}","templated":true}]}}