{"id":31276,"date":"2022-07-12T14:26:36","date_gmt":"2024-05-03T09:39:59","guid":{"rendered":"https:\/\/dev.varimixer.com\/product\/pizzakoersel-til-tunge-formaal-med-en-hoejere-dejkapacitet-2\/"},"modified":"2025-03-25T09:45:44","modified_gmt":"2025-03-25T08:45:44","slug":"pizzakoersel-til-tunge-formaal-med-en-hoejere-dejkapacitet-2","status":"publish","type":"product","link":"https:\/\/dev.varimixer.com\/da\/produkt\/pizzakoersel-til-tunge-formaal-med-en-hoejere-dejkapacitet-2\/","title":{"rendered":"Pizzak\u00f8rsel, til tunge form\u00e5l med en h\u00f8jere dejkapacitet"},"content":{"rendered":"","protected":false},"excerpt":{"rendered":"","protected":false},"featured_media":0,"template":"","meta":{"_acf_changed":false},"product_brand":[],"product_cat":[3786,3738],"product_tag":[3744],"class_list":{"0":"post-31276","1":"product","2":"type-product","3":"status-publish","5":"product_cat-ar40-tilvalg","6":"product_cat-rabatter-tilbehor","7":"product_tag-tilbehoer","9":"first","10":"instock","11":"shipping-taxable","12":"product-type-simple"},"acf":[],"aioseo_notices":[],"_links":{"self":[{"href":"https:\/\/dev.varimixer.com\/da\/wp-json\/wp\/v2\/product\/31276","targetHints":{"allow":["GET"]}}],"collection":[{"href":"https:\/\/dev.varimixer.com\/da\/wp-json\/wp\/v2\/product"}],"about":[{"href":"https:\/\/dev.varimixer.com\/da\/wp-json\/wp\/v2\/types\/product"}],"version-history":[{"count":0,"href":"https:\/\/dev.varimixer.com\/da\/wp-json\/wp\/v2\/product\/31276\/revisions"}],"wp:attachment":[{"href":"https:\/\/dev.varimixer.com\/da\/wp-json\/wp\/v2\/media?parent=31276"}],"wp:term":[{"taxonomy":"product_brand","embeddable":true,"href":"https:\/\/dev.varimixer.com\/da\/wp-json\/wp\/v2\/product_brand?post=31276"},{"taxonomy":"product_cat","embeddable":true,"href":"https:\/\/dev.varimixer.com\/da\/wp-json\/wp\/v2\/product_cat?post=31276"},{"taxonomy":"product_tag","embeddable":true,"href":"https:\/\/dev.varimixer.com\/da\/wp-json\/wp\/v2\/product_tag?post=31276"}],"curies":[{"name":"wp","href":"https:\/\/api.w.org\/{rel}","templated":true}]}}