{"id":31295,"date":"2022-07-12T14:29:24","date_gmt":"2022-07-12T12:29:24","guid":{"rendered":"https:\/\/dev.varimixer.com\/product\/40-l-vingepisk-nr-14-rustfrit-staal\/"},"modified":"2026-02-24T14:28:38","modified_gmt":"2026-02-24T13:28:38","slug":"40-l-vingepisk-nr-14-rustfrit-staal","status":"publish","type":"product","link":"https:\/\/dev.varimixer.com\/da\/produkt\/40-l-vingepisk-nr-14-rustfrit-staal\/","title":{"rendered":"40 L R\u00f8reris nr. 14, rustfrit st\u00e5l"},"content":{"rendered":"<ul>\n<li>Ris i rustfrit st\u00e5l<\/li>\n<li>Heavy duty designet til at lave storproduktion af \u00e6ggehvider, fl\u00f8deskum, sm\u00f8rcremefrosting og mayonnaise<\/li>\n<li>Designet til professionel f\u00f8devareproduktion<\/li>\n<li>Lavet til Varimixer AR40 (40 liter) r\u00f8remaskine<\/li>\n<\/ul>\n","protected":false},"excerpt":{"rendered":"<p>Ris i rustfrit st\u00e5l Heavy duty designet til at lave storproduktion af \u00e6ggehvider, fl\u00f8deskum, sm\u00f8rcremefrosting og mayonnaise Designet til professionel f\u00f8devareproduktion Lavet til Varimixer AR40 (40 liter) r\u00f8remaskine<\/p>\n","protected":false},"featured_media":70769,"template":"","meta":{"_acf_changed":false},"product_brand":[],"product_cat":[3780,4036,4027,3738],"product_tag":[3744],"class_list":{"0":"post-31295","1":"product","2":"type-product","3":"status-publish","4":"has-post-thumbnail","6":"product_cat-ar40-tilbehor-40-l","7":"product_cat-ar40-vl1-maskine-nr-40004400-40008429","8":"product_cat-ar40-vl1s-maskine-nr-40004400-40008429","9":"product_cat-rabatter-tilbehor","10":"product_tag-tilbehoer","12":"first","13":"instock","14":"shipping-taxable","15":"product-type-simple"},"acf":[],"aioseo_notices":[],"_links":{"self":[{"href":"https:\/\/dev.varimixer.com\/da\/wp-json\/wp\/v2\/product\/31295","targetHints":{"allow":["GET"]}}],"collection":[{"href":"https:\/\/dev.varimixer.com\/da\/wp-json\/wp\/v2\/product"}],"about":[{"href":"https:\/\/dev.varimixer.com\/da\/wp-json\/wp\/v2\/types\/product"}],"version-history":[{"count":0,"href":"https:\/\/dev.varimixer.com\/da\/wp-json\/wp\/v2\/product\/31295\/revisions"}],"wp:featuredmedia":[{"embeddable":true,"href":"https:\/\/dev.varimixer.com\/da\/wp-json\/wp\/v2\/media\/70769"}],"wp:attachment":[{"href":"https:\/\/dev.varimixer.com\/da\/wp-json\/wp\/v2\/media?parent=31295"}],"wp:term":[{"taxonomy":"product_brand","embeddable":true,"href":"https:\/\/dev.varimixer.com\/da\/wp-json\/wp\/v2\/product_brand?post=31295"},{"taxonomy":"product_cat","embeddable":true,"href":"https:\/\/dev.varimixer.com\/da\/wp-json\/wp\/v2\/product_cat?post=31295"},{"taxonomy":"product_tag","embeddable":true,"href":"https:\/\/dev.varimixer.com\/da\/wp-json\/wp\/v2\/product_tag?post=31295"}],"curies":[{"name":"wp","href":"https:\/\/api.w.org\/{rel}","templated":true}]}}