{"id":31296,"date":"2022-07-12T15:44:54","date_gmt":"2022-07-12T13:44:54","guid":{"rendered":"https:\/\/dev.varimixer.com\/product\/60-l-a-udstyr-2\/"},"modified":"2026-02-04T13:31:45","modified_gmt":"2026-02-04T12:31:45","slug":"60-l-a-udstyr-2","status":"publish","type":"product","link":"https:\/\/dev.varimixer.com\/da\/produkt\/60-l-a-udstyr-2\/","title":{"rendered":"60 L A-udstyr"},"content":{"rendered":"","protected":false},"excerpt":{"rendered":"<p>1 s\u00e6t med kedel i rustfrit st\u00e5l med kedelregistrering, spartel i rustfrit st\u00e5l med dobbelt stift, ris med tr\u00e5d i rustfrit st\u00e5l med dobbelt stift og krog i rustfrit st\u00e5l med dobbelt stift<\/p>\n","protected":false},"featured_media":71979,"template":"","meta":{"_acf_changed":false},"product_brand":[],"product_cat":[3776,3779,3738],"product_tag":[3744],"class_list":{"0":"post-31296","1":"product","2":"type-product","3":"status-publish","4":"has-post-thumbnail","6":"product_cat-ar60-tilbehor-60-l","7":"product_cat-ergo60-tilbehor-60-l","8":"product_cat-rabatter-tilbehor","9":"product_tag-tilbehoer","11":"first","12":"instock","13":"shipping-taxable","14":"product-type-simple"},"acf":[],"aioseo_notices":[],"_links":{"self":[{"href":"https:\/\/dev.varimixer.com\/da\/wp-json\/wp\/v2\/product\/31296","targetHints":{"allow":["GET"]}}],"collection":[{"href":"https:\/\/dev.varimixer.com\/da\/wp-json\/wp\/v2\/product"}],"about":[{"href":"https:\/\/dev.varimixer.com\/da\/wp-json\/wp\/v2\/types\/product"}],"version-history":[{"count":0,"href":"https:\/\/dev.varimixer.com\/da\/wp-json\/wp\/v2\/product\/31296\/revisions"}],"wp:featuredmedia":[{"embeddable":true,"href":"https:\/\/dev.varimixer.com\/da\/wp-json\/wp\/v2\/media\/71979"}],"wp:attachment":[{"href":"https:\/\/dev.varimixer.com\/da\/wp-json\/wp\/v2\/media?parent=31296"}],"wp:term":[{"taxonomy":"product_brand","embeddable":true,"href":"https:\/\/dev.varimixer.com\/da\/wp-json\/wp\/v2\/product_brand?post=31296"},{"taxonomy":"product_cat","embeddable":true,"href":"https:\/\/dev.varimixer.com\/da\/wp-json\/wp\/v2\/product_cat?post=31296"},{"taxonomy":"product_tag","embeddable":true,"href":"https:\/\/dev.varimixer.com\/da\/wp-json\/wp\/v2\/product_tag?post=31296"}],"curies":[{"name":"wp","href":"https:\/\/api.w.org\/{rel}","templated":true}]}}