{"id":31302,"date":"2022-07-12T14:14:59","date_gmt":"2022-07-12T12:14:59","guid":{"rendered":"https:\/\/dev.varimixer.com\/product\/saet-med-poelseroer-oe10-oe20-og-oe25-mm-til-70-mm-koedhakker\/"},"modified":"2025-03-25T09:46:28","modified_gmt":"2025-03-25T08:46:28","slug":"saet-med-poelseroer-oe10-oe20-og-oe25-mm-til-70-mm-koedhakker","status":"publish","type":"product","link":"https:\/\/dev.varimixer.com\/da\/produkt\/saet-med-poelseroer-oe10-oe20-og-oe25-mm-til-70-mm-koedhakker\/","title":{"rendered":"S\u00e6t med p\u00f8lser\u00f8r (\u00f810, \u00f820 og \u00f825 mm) til 70 mm k\u00f8dhakker"},"content":{"rendered":"","protected":false},"excerpt":{"rendered":"","protected":false},"featured_media":30918,"template":"","meta":{"_acf_changed":false},"product_brand":[],"product_cat":[3800,3788,3790,3791,3792,3783,3793,3738],"product_tag":[3744],"class_list":{"0":"post-31302","1":"product","2":"type-product","3":"status-publish","4":"has-post-thumbnail","6":"product_cat-70-mm-kodhakkere","7":"product_cat-ar30-udstyr","8":"product_cat-ar40-udstyr","9":"product_cat-ar60-udstyr","10":"product_cat-ar80-udstyr","11":"product_cat-kodiak10-udstyr","12":"product_cat-kodiak20-udstyr","13":"product_cat-rabatter-tilbehor","14":"product_tag-tilbehoer","16":"first","17":"instock","18":"shipping-taxable","19":"product-type-simple"},"acf":[],"aioseo_notices":[],"_links":{"self":[{"href":"https:\/\/dev.varimixer.com\/da\/wp-json\/wp\/v2\/product\/31302","targetHints":{"allow":["GET"]}}],"collection":[{"href":"https:\/\/dev.varimixer.com\/da\/wp-json\/wp\/v2\/product"}],"about":[{"href":"https:\/\/dev.varimixer.com\/da\/wp-json\/wp\/v2\/types\/product"}],"version-history":[{"count":0,"href":"https:\/\/dev.varimixer.com\/da\/wp-json\/wp\/v2\/product\/31302\/revisions"}],"wp:featuredmedia":[{"embeddable":true,"href":"https:\/\/dev.varimixer.com\/da\/wp-json\/wp\/v2\/media\/30918"}],"wp:attachment":[{"href":"https:\/\/dev.varimixer.com\/da\/wp-json\/wp\/v2\/media?parent=31302"}],"wp:term":[{"taxonomy":"product_brand","embeddable":true,"href":"https:\/\/dev.varimixer.com\/da\/wp-json\/wp\/v2\/product_brand?post=31302"},{"taxonomy":"product_cat","embeddable":true,"href":"https:\/\/dev.varimixer.com\/da\/wp-json\/wp\/v2\/product_cat?post=31302"},{"taxonomy":"product_tag","embeddable":true,"href":"https:\/\/dev.varimixer.com\/da\/wp-json\/wp\/v2\/product_tag?post=31302"}],"curies":[{"name":"wp","href":"https:\/\/api.w.org\/{rel}","templated":true}]}}