{"id":31309,"date":"2022-07-12T14:29:25","date_gmt":"2022-07-12T12:29:25","guid":{"rendered":"https:\/\/dev.varimixer.com\/product\/40-l-krog-rustfrit-staal\/"},"modified":"2026-04-22T11:08:30","modified_gmt":"2026-04-22T09:08:30","slug":"40-l-krog-rustfrit-staal","status":"publish","type":"product","link":"https:\/\/dev.varimixer.com\/da\/produkt\/40-l-krog-rustfrit-staal\/","title":{"rendered":"40 L Krog, rustfrit st\u00e5l"},"content":{"rendered":"<p>Anvendes til \u00e6ltning af tunge deje og opbygning af glutennetv\u00e6rk i br\u00f8d-, pizza- og pastadej.\u2028Dejkrogen arbejder med kontinuerlig foldning og str\u00e6kning, hvilket sikrer en st\u00e6rk og elastisk dej til professionel produktion.<\/p>\n","protected":false},"excerpt":{"rendered":"<p>Anvendes til \u00e6ltning af tunge deje og opbygning af glutennetv\u00e6rk i br\u00f8d-, pizza- og pastadej.\u2028Dejkrogen arbejder med kontinuerlig foldning og str\u00e6kning, hvilket sikrer en st\u00e6rk og elastisk dej til professionel produktion.<\/p>\n","protected":false},"featured_media":72079,"template":"","meta":{"_acf_changed":false},"product_brand":[],"product_cat":[3780,4036,4027,3738],"product_tag":[3744],"class_list":{"0":"post-31309","1":"product","2":"type-product","3":"status-publish","4":"has-post-thumbnail","6":"product_cat-ar40-tilbehor-40-l","7":"product_cat-ar40-vl1-maskine-nr-40004400-40008429","8":"product_cat-ar40-vl1s-maskine-nr-40004400-40008429","9":"product_cat-rabatter-tilbehor","10":"product_tag-tilbehoer","12":"first","13":"instock","14":"shipping-taxable","15":"product-type-simple"},"acf":[],"aioseo_notices":[],"_links":{"self":[{"href":"https:\/\/dev.varimixer.com\/da\/wp-json\/wp\/v2\/product\/31309","targetHints":{"allow":["GET"]}}],"collection":[{"href":"https:\/\/dev.varimixer.com\/da\/wp-json\/wp\/v2\/product"}],"about":[{"href":"https:\/\/dev.varimixer.com\/da\/wp-json\/wp\/v2\/types\/product"}],"version-history":[{"count":1,"href":"https:\/\/dev.varimixer.com\/da\/wp-json\/wp\/v2\/product\/31309\/revisions"}],"predecessor-version":[{"id":73185,"href":"https:\/\/dev.varimixer.com\/da\/wp-json\/wp\/v2\/product\/31309\/revisions\/73185"}],"wp:featuredmedia":[{"embeddable":true,"href":"https:\/\/dev.varimixer.com\/da\/wp-json\/wp\/v2\/media\/72079"}],"wp:attachment":[{"href":"https:\/\/dev.varimixer.com\/da\/wp-json\/wp\/v2\/media?parent=31309"}],"wp:term":[{"taxonomy":"product_brand","embeddable":true,"href":"https:\/\/dev.varimixer.com\/da\/wp-json\/wp\/v2\/product_brand?post=31309"},{"taxonomy":"product_cat","embeddable":true,"href":"https:\/\/dev.varimixer.com\/da\/wp-json\/wp\/v2\/product_cat?post=31309"},{"taxonomy":"product_tag","embeddable":true,"href":"https:\/\/dev.varimixer.com\/da\/wp-json\/wp\/v2\/product_tag?post=31309"}],"curies":[{"name":"wp","href":"https:\/\/api.w.org\/{rel}","templated":true}]}}