{"id":31318,"date":"2022-07-13T12:53:17","date_gmt":"2022-07-13T10:53:17","guid":{"rendered":"https:\/\/dev.varimixer.com\/product\/80-l-pisk-med-forstaerkning-nr-44b\/"},"modified":"2026-05-12T16:18:56","modified_gmt":"2026-05-12T14:18:56","slug":"80-l-pisk-med-forstaerkning-nr-44b","status":"publish","type":"product","link":"https:\/\/dev.varimixer.com\/da\/produkt\/80-l-pisk-med-forstaerkning-nr-44b\/","title":{"rendered":"80 L Ris med forst\u00e6rkning nr. 44b"},"content":{"rendered":"<p>Udviklet til piskning og luftning af lette ingredienser som \u00e6ggehvider, fl\u00f8deskum, sm\u00f8rcreme og mayonnaise.\u2028Den tr\u00e5dformede konstruktion indarbejder luft i massen og skaber volumen samt en let og stabil struktur.<\/p>\n","protected":false},"excerpt":{"rendered":"<p>Udviklet til piskning og luftning af lette ingredienser som \u00e6ggehvider, fl\u00f8deskum, sm\u00f8rcreme og mayonnaise.\u2028Den tr\u00e5dformede konstruktion indarbejder luft i massen og skaber volumen samt en let og stabil struktur.<\/p>\n","protected":false},"featured_media":72121,"template":"","meta":{"_acf_changed":false},"product_brand":[],"product_cat":[3785,3738],"product_tag":[3744],"class_list":{"0":"post-31318","1":"product","2":"type-product","3":"status-publish","4":"has-post-thumbnail","6":"product_cat-ar80-tilbehor-80-l","7":"product_cat-rabatter-tilbehor","8":"product_tag-tilbehoer","10":"first","11":"instock","12":"shipping-taxable","13":"product-type-simple"},"acf":[],"aioseo_notices":[],"_links":{"self":[{"href":"https:\/\/dev.varimixer.com\/da\/wp-json\/wp\/v2\/product\/31318","targetHints":{"allow":["GET"]}}],"collection":[{"href":"https:\/\/dev.varimixer.com\/da\/wp-json\/wp\/v2\/product"}],"about":[{"href":"https:\/\/dev.varimixer.com\/da\/wp-json\/wp\/v2\/types\/product"}],"version-history":[{"count":1,"href":"https:\/\/dev.varimixer.com\/da\/wp-json\/wp\/v2\/product\/31318\/revisions"}],"predecessor-version":[{"id":73051,"href":"https:\/\/dev.varimixer.com\/da\/wp-json\/wp\/v2\/product\/31318\/revisions\/73051"}],"wp:featuredmedia":[{"embeddable":true,"href":"https:\/\/dev.varimixer.com\/da\/wp-json\/wp\/v2\/media\/72121"}],"wp:attachment":[{"href":"https:\/\/dev.varimixer.com\/da\/wp-json\/wp\/v2\/media?parent=31318"}],"wp:term":[{"taxonomy":"product_brand","embeddable":true,"href":"https:\/\/dev.varimixer.com\/da\/wp-json\/wp\/v2\/product_brand?post=31318"},{"taxonomy":"product_cat","embeddable":true,"href":"https:\/\/dev.varimixer.com\/da\/wp-json\/wp\/v2\/product_cat?post=31318"},{"taxonomy":"product_tag","embeddable":true,"href":"https:\/\/dev.varimixer.com\/da\/wp-json\/wp\/v2\/product_tag?post=31318"}],"curies":[{"name":"wp","href":"https:\/\/api.w.org\/{rel}","templated":true}]}}