{"id":31360,"date":"2022-07-13T12:53:19","date_gmt":"2022-07-13T10:53:19","guid":{"rendered":"https:\/\/dev.varimixer.com\/product\/80-l-a-udstyr\/"},"modified":"2026-02-04T14:33:30","modified_gmt":"2026-02-04T13:33:30","slug":"80-l-a-udstyr","status":"publish","type":"product","link":"https:\/\/dev.varimixer.com\/da\/produkt\/80-l-a-udstyr\/","title":{"rendered":"80 L A-udstyr"},"content":{"rendered":"","protected":false},"excerpt":{"rendered":"<p>1 s\u00e6t med kedel i rustfrit st\u00e5l med kedeldetektering, spartel i alu, ris med tr\u00e5d i rustfrit st\u00e5l og krog i rustfrit st\u00e5l<\/p>\n","protected":false},"featured_media":71985,"template":"","meta":{"_acf_changed":false},"product_brand":[],"product_cat":[3785,3738],"product_tag":[3744],"class_list":{"0":"post-31360","1":"product","2":"type-product","3":"status-publish","4":"has-post-thumbnail","6":"product_cat-ar80-tilbehor-80-l","7":"product_cat-rabatter-tilbehor","8":"product_tag-tilbehoer","10":"first","11":"instock","12":"shipping-taxable","13":"product-type-simple"},"acf":[],"aioseo_notices":[],"_links":{"self":[{"href":"https:\/\/dev.varimixer.com\/da\/wp-json\/wp\/v2\/product\/31360","targetHints":{"allow":["GET"]}}],"collection":[{"href":"https:\/\/dev.varimixer.com\/da\/wp-json\/wp\/v2\/product"}],"about":[{"href":"https:\/\/dev.varimixer.com\/da\/wp-json\/wp\/v2\/types\/product"}],"version-history":[{"count":0,"href":"https:\/\/dev.varimixer.com\/da\/wp-json\/wp\/v2\/product\/31360\/revisions"}],"wp:featuredmedia":[{"embeddable":true,"href":"https:\/\/dev.varimixer.com\/da\/wp-json\/wp\/v2\/media\/71985"}],"wp:attachment":[{"href":"https:\/\/dev.varimixer.com\/da\/wp-json\/wp\/v2\/media?parent=31360"}],"wp:term":[{"taxonomy":"product_brand","embeddable":true,"href":"https:\/\/dev.varimixer.com\/da\/wp-json\/wp\/v2\/product_brand?post=31360"},{"taxonomy":"product_cat","embeddable":true,"href":"https:\/\/dev.varimixer.com\/da\/wp-json\/wp\/v2\/product_cat?post=31360"},{"taxonomy":"product_tag","embeddable":true,"href":"https:\/\/dev.varimixer.com\/da\/wp-json\/wp\/v2\/product_tag?post=31360"}],"curies":[{"name":"wp","href":"https:\/\/api.w.org\/{rel}","templated":true}]}}