{"id":31366,"date":"2022-07-13T14:15:47","date_gmt":"2022-07-13T12:15:47","guid":{"rendered":"https:\/\/dev.varimixer.com\/product\/80-40-l-b-udstyr\/"},"modified":"2026-02-04T14:37:55","modified_gmt":"2026-02-04T13:37:55","slug":"80-40-l-b-udstyr","status":"publish","type":"product","link":"https:\/\/dev.varimixer.com\/da\/produkt\/80-40-l-b-udstyr\/","title":{"rendered":"80\/40 L B-udstyr"},"content":{"rendered":"","protected":false},"excerpt":{"rendered":"<p>1 s\u00e6t med kedel i rustfrit st\u00e5l med kedelregistrering, spartel i alu, ris med tr\u00e5d i rustfrit st\u00e5l og krog i rustfrit st\u00e5l<\/p>\n","protected":false},"featured_media":71967,"template":"","meta":{"_acf_changed":false},"product_brand":[],"product_cat":[3803,3738],"product_tag":[3744],"class_list":{"0":"post-31366","1":"product","2":"type-product","3":"status-publish","4":"has-post-thumbnail","6":"product_cat-ar80-tilbehor-40-l","7":"product_cat-rabatter-tilbehor","8":"product_tag-tilbehoer","10":"first","11":"instock","12":"shipping-taxable","13":"product-type-simple"},"acf":[],"aioseo_notices":[],"_links":{"self":[{"href":"https:\/\/dev.varimixer.com\/da\/wp-json\/wp\/v2\/product\/31366","targetHints":{"allow":["GET"]}}],"collection":[{"href":"https:\/\/dev.varimixer.com\/da\/wp-json\/wp\/v2\/product"}],"about":[{"href":"https:\/\/dev.varimixer.com\/da\/wp-json\/wp\/v2\/types\/product"}],"version-history":[{"count":0,"href":"https:\/\/dev.varimixer.com\/da\/wp-json\/wp\/v2\/product\/31366\/revisions"}],"wp:featuredmedia":[{"embeddable":true,"href":"https:\/\/dev.varimixer.com\/da\/wp-json\/wp\/v2\/media\/71967"}],"wp:attachment":[{"href":"https:\/\/dev.varimixer.com\/da\/wp-json\/wp\/v2\/media?parent=31366"}],"wp:term":[{"taxonomy":"product_brand","embeddable":true,"href":"https:\/\/dev.varimixer.com\/da\/wp-json\/wp\/v2\/product_brand?post=31366"},{"taxonomy":"product_cat","embeddable":true,"href":"https:\/\/dev.varimixer.com\/da\/wp-json\/wp\/v2\/product_cat?post=31366"},{"taxonomy":"product_tag","embeddable":true,"href":"https:\/\/dev.varimixer.com\/da\/wp-json\/wp\/v2\/product_tag?post=31366"}],"curies":[{"name":"wp","href":"https:\/\/api.w.org\/{rel}","templated":true}]}}