{"id":31375,"date":"2022-07-13T15:10:10","date_gmt":"2024-05-03T09:41:23","guid":{"rendered":"https:\/\/dev.varimixer.com\/product\/ip54-opgraderingspakke-2\/"},"modified":"2025-03-25T09:48:45","modified_gmt":"2025-03-25T08:48:45","slug":"ip54-opgraderingspakke-2","status":"publish","type":"product","link":"https:\/\/dev.varimixer.com\/da\/produkt\/ip54-opgraderingspakke-2\/","title":{"rendered":"IP54-opgraderingspakke"},"content":{"rendered":"","protected":false},"excerpt":{"rendered":"<p>Vandt\u00e6t planethoved i rustfrit st\u00e5l, pakning ved bagpladen, pakning ved topd\u00e6kslet, vandd\u00e6ksel ved luftventilation<\/p>\n","protected":false},"featured_media":31059,"template":"","meta":{"_acf_changed":false},"product_brand":[],"product_cat":[3810,3738],"product_tag":[3744],"class_list":{"0":"post-31375","1":"product","2":"type-product","3":"status-publish","4":"has-post-thumbnail","6":"product_cat-ergo100-tilvalg","7":"product_cat-rabatter-tilbehor","8":"product_tag-tilbehoer","10":"first","11":"instock","12":"shipping-taxable","13":"product-type-simple"},"acf":[],"aioseo_notices":[],"_links":{"self":[{"href":"https:\/\/dev.varimixer.com\/da\/wp-json\/wp\/v2\/product\/31375","targetHints":{"allow":["GET"]}}],"collection":[{"href":"https:\/\/dev.varimixer.com\/da\/wp-json\/wp\/v2\/product"}],"about":[{"href":"https:\/\/dev.varimixer.com\/da\/wp-json\/wp\/v2\/types\/product"}],"version-history":[{"count":0,"href":"https:\/\/dev.varimixer.com\/da\/wp-json\/wp\/v2\/product\/31375\/revisions"}],"wp:featuredmedia":[{"embeddable":true,"href":"https:\/\/dev.varimixer.com\/da\/wp-json\/wp\/v2\/media\/31059"}],"wp:attachment":[{"href":"https:\/\/dev.varimixer.com\/da\/wp-json\/wp\/v2\/media?parent=31375"}],"wp:term":[{"taxonomy":"product_brand","embeddable":true,"href":"https:\/\/dev.varimixer.com\/da\/wp-json\/wp\/v2\/product_brand?post=31375"},{"taxonomy":"product_cat","embeddable":true,"href":"https:\/\/dev.varimixer.com\/da\/wp-json\/wp\/v2\/product_cat?post=31375"},{"taxonomy":"product_tag","embeddable":true,"href":"https:\/\/dev.varimixer.com\/da\/wp-json\/wp\/v2\/product_tag?post=31375"}],"curies":[{"name":"wp","href":"https:\/\/api.w.org\/{rel}","templated":true}]}}