{"id":31499,"date":"2022-07-12T09:18:01","date_gmt":"2024-05-03T09:46:09","guid":{"rendered":"https:\/\/dev.varimixer.com\/product\/fastgoerelsesdrev-6\/"},"modified":"2024-09-19T12:51:56","modified_gmt":"2024-09-19T10:51:56","slug":"fastgoerelsesdrev-6","status":"publish","type":"product","link":"https:\/\/dev.varimixer.com\/da\/produkt\/fastgoerelsesdrev-6\/","title":{"rendered":"Hj\u00e6lpetr\u00e6k til montering af k\u00f8dhakker eller gr\u00f8ntsagssk\u00e6rer"},"content":{"rendered":"","protected":false},"excerpt":{"rendered":"<p>Drev til montering af k\u00f8dhakker eller gr\u00f8ntsagssk\u00e6rer<\/p>\n","protected":false},"featured_media":30948,"template":"","meta":{"_acf_changed":false},"product_brand":[],"product_cat":[3784,3738],"product_tag":[3744],"class_list":{"0":"post-31499","1":"product","2":"type-product","3":"status-publish","4":"has-post-thumbnail","6":"product_cat-kodiak20-tilvalg","7":"product_cat-rabatter-tilbehor","8":"product_tag-tilbehoer","10":"first","11":"instock","12":"shipping-taxable","13":"product-type-simple"},"acf":[],"aioseo_notices":[],"_links":{"self":[{"href":"https:\/\/dev.varimixer.com\/da\/wp-json\/wp\/v2\/product\/31499","targetHints":{"allow":["GET"]}}],"collection":[{"href":"https:\/\/dev.varimixer.com\/da\/wp-json\/wp\/v2\/product"}],"about":[{"href":"https:\/\/dev.varimixer.com\/da\/wp-json\/wp\/v2\/types\/product"}],"version-history":[{"count":0,"href":"https:\/\/dev.varimixer.com\/da\/wp-json\/wp\/v2\/product\/31499\/revisions"}],"wp:featuredmedia":[{"embeddable":true,"href":"https:\/\/dev.varimixer.com\/da\/wp-json\/wp\/v2\/media\/30948"}],"wp:attachment":[{"href":"https:\/\/dev.varimixer.com\/da\/wp-json\/wp\/v2\/media?parent=31499"}],"wp:term":[{"taxonomy":"product_brand","embeddable":true,"href":"https:\/\/dev.varimixer.com\/da\/wp-json\/wp\/v2\/product_brand?post=31499"},{"taxonomy":"product_cat","embeddable":true,"href":"https:\/\/dev.varimixer.com\/da\/wp-json\/wp\/v2\/product_cat?post=31499"},{"taxonomy":"product_tag","embeddable":true,"href":"https:\/\/dev.varimixer.com\/da\/wp-json\/wp\/v2\/product_tag?post=31499"}],"curies":[{"name":"wp","href":"https:\/\/api.w.org\/{rel}","templated":true}]}}