{"id":31524,"date":"2022-07-13T15:12:37","date_gmt":"2022-07-13T13:12:37","guid":{"rendered":"https:\/\/dev.varimixer.com\/product\/100-l-krog-med-dobbelt-stift-rustfrit-staal\/"},"modified":"2026-04-22T11:09:02","modified_gmt":"2026-04-22T09:09:02","slug":"100-l-krog-med-dobbelt-stift-rustfrit-staal","status":"publish","type":"product","link":"https:\/\/dev.varimixer.com\/da\/produkt\/100-l-krog-med-dobbelt-stift-rustfrit-staal\/","title":{"rendered":"100 L Krog med dobbelt stift, rustfrit st\u00e5l"},"content":{"rendered":"<p>Anvendes til \u00e6ltning af tunge deje og opbygning af glutennetv\u00e6rk i br\u00f8d-, pizza- og pastadej.\u2028Dejkrogen arbejder med kontinuerlig foldning og str\u00e6kning, hvilket sikrer en st\u00e6rk og elastisk dej til professionel produktion.<\/p>\n","protected":false},"excerpt":{"rendered":"<p>Anvendes til \u00e6ltning af tunge deje og opbygning af glutennetv\u00e6rk i br\u00f8d-, pizza- og pastadej.\u2028Dejkrogen arbejder med kontinuerlig foldning og str\u00e6kning, hvilket sikrer en st\u00e6rk og elastisk dej til professionel produktion.<\/p>\n","protected":false},"featured_media":72089,"template":"","meta":{"_acf_changed":false},"product_brand":[],"product_cat":[3808,3738],"product_tag":[3744],"class_list":{"0":"post-31524","1":"product","2":"type-product","3":"status-publish","4":"has-post-thumbnail","6":"product_cat-ergo100-tilbehor-100-l","7":"product_cat-rabatter-tilbehor","8":"product_tag-tilbehoer","10":"first","11":"instock","12":"shipping-taxable","13":"product-type-simple"},"acf":[],"aioseo_notices":[],"_links":{"self":[{"href":"https:\/\/dev.varimixer.com\/da\/wp-json\/wp\/v2\/product\/31524","targetHints":{"allow":["GET"]}}],"collection":[{"href":"https:\/\/dev.varimixer.com\/da\/wp-json\/wp\/v2\/product"}],"about":[{"href":"https:\/\/dev.varimixer.com\/da\/wp-json\/wp\/v2\/types\/product"}],"version-history":[{"count":1,"href":"https:\/\/dev.varimixer.com\/da\/wp-json\/wp\/v2\/product\/31524\/revisions"}],"predecessor-version":[{"id":73192,"href":"https:\/\/dev.varimixer.com\/da\/wp-json\/wp\/v2\/product\/31524\/revisions\/73192"}],"wp:featuredmedia":[{"embeddable":true,"href":"https:\/\/dev.varimixer.com\/da\/wp-json\/wp\/v2\/media\/72089"}],"wp:attachment":[{"href":"https:\/\/dev.varimixer.com\/da\/wp-json\/wp\/v2\/media?parent=31524"}],"wp:term":[{"taxonomy":"product_brand","embeddable":true,"href":"https:\/\/dev.varimixer.com\/da\/wp-json\/wp\/v2\/product_brand?post=31524"},{"taxonomy":"product_cat","embeddable":true,"href":"https:\/\/dev.varimixer.com\/da\/wp-json\/wp\/v2\/product_cat?post=31524"},{"taxonomy":"product_tag","embeddable":true,"href":"https:\/\/dev.varimixer.com\/da\/wp-json\/wp\/v2\/product_tag?post=31524"}],"curies":[{"name":"wp","href":"https:\/\/api.w.org\/{rel}","templated":true}]}}