{"id":31552,"date":"2022-07-12T14:14:57","date_gmt":"2024-05-03T09:46:43","guid":{"rendered":"https:\/\/dev.varimixer.com\/product\/vaerktoejsholder-10-40l-blandere\/"},"modified":"2026-02-06T11:37:15","modified_gmt":"2026-02-06T10:37:15","slug":"ophaeng-til-roerevaerktoejer-10-40l-roeremaskiner","status":"publish","type":"product","link":"https:\/\/dev.varimixer.com\/da\/produkt\/ophaeng-til-roerevaerktoejer-10-40l-roeremaskiner\/","title":{"rendered":"Oph\u00e6ng til r\u00f8rev\u00e6rkt\u00f8jer, 10 &#8211; 40L r\u00f8remaskiner"},"content":{"rendered":"","protected":false},"excerpt":{"rendered":"","protected":false},"featured_media":31553,"template":"","meta":{"_acf_changed":false},"product_brand":[],"product_cat":[3788,4029,4020,3790,4036,4027,4018,4034,3783,3793,3794,3738,4038,4013],"product_tag":[3744],"class_list":{"0":"post-31552","1":"product","2":"type-product","3":"status-publish","4":"has-post-thumbnail","6":"product_cat-ar30-udstyr","7":"product_cat-ar30-vl1-maskine-nr-30003700-30007629","8":"product_cat-ar30-vl1s-maskine-nr-30003700-30007629","9":"product_cat-ar40-udstyr","10":"product_cat-ar40-vl1-maskine-nr-40004400-40008429","11":"product_cat-ar40-vl1s-maskine-nr-40004400-40008429","12":"product_cat-ar60-vl1-maskine-nr-60003800-60007091","13":"product_cat-ar60-vl1s-maskine-nr-60003800-60007091","14":"product_cat-kodiak10-udstyr","15":"product_cat-kodiak20-udstyr","16":"product_cat-kodiak30-udstyr","17":"product_cat-rabatter-tilbehor","18":"product_cat-rn10-vl-2-udgaaede","19":"product_cat-rn20-vl-2-udgaaede","20":"product_tag-tilbehoer","22":"first","23":"instock","24":"shipping-taxable","25":"product-type-simple"},"acf":[],"aioseo_notices":[],"_links":{"self":[{"href":"https:\/\/dev.varimixer.com\/da\/wp-json\/wp\/v2\/product\/31552","targetHints":{"allow":["GET"]}}],"collection":[{"href":"https:\/\/dev.varimixer.com\/da\/wp-json\/wp\/v2\/product"}],"about":[{"href":"https:\/\/dev.varimixer.com\/da\/wp-json\/wp\/v2\/types\/product"}],"version-history":[{"count":0,"href":"https:\/\/dev.varimixer.com\/da\/wp-json\/wp\/v2\/product\/31552\/revisions"}],"wp:featuredmedia":[{"embeddable":true,"href":"https:\/\/dev.varimixer.com\/da\/wp-json\/wp\/v2\/media\/31553"}],"wp:attachment":[{"href":"https:\/\/dev.varimixer.com\/da\/wp-json\/wp\/v2\/media?parent=31552"}],"wp:term":[{"taxonomy":"product_brand","embeddable":true,"href":"https:\/\/dev.varimixer.com\/da\/wp-json\/wp\/v2\/product_brand?post=31552"},{"taxonomy":"product_cat","embeddable":true,"href":"https:\/\/dev.varimixer.com\/da\/wp-json\/wp\/v2\/product_cat?post=31552"},{"taxonomy":"product_tag","embeddable":true,"href":"https:\/\/dev.varimixer.com\/da\/wp-json\/wp\/v2\/product_tag?post=31552"}],"curies":[{"name":"wp","href":"https:\/\/api.w.org\/{rel}","templated":true}]}}