{"id":41460,"date":"2024-08-26T14:04:13","date_gmt":"2024-08-26T12:04:13","guid":{"rendered":"https:\/\/dev.varimixer.com\/?post_type=product&#038;p=41460"},"modified":"2026-02-04T14:30:49","modified_gmt":"2026-02-04T13:30:49","slug":"ophaeng-til-roerevaerktoejer-60-200l-roeremaskiner","status":"publish","type":"product","link":"https:\/\/dev.varimixer.com\/da\/produkt\/ophaeng-til-roerevaerktoejer-60-200l-roeremaskiner\/","title":{"rendered":"Oph\u00e6ng til r\u00f8rev\u00e6rkt\u00f8jer, 60 &#8211; 200L r\u00f8remaskiner"},"content":{"rendered":"","protected":false},"excerpt":{"rendered":"","protected":false},"featured_media":31553,"template":"","meta":{"_acf_changed":false},"product_brand":[],"product_cat":[3811,3845,3791,3792,3880,3844,3795,3749],"product_tag":[3744],"class_list":{"0":"post-41460","1":"product","2":"type-product","3":"status-publish","4":"has-post-thumbnail","6":"product_cat-ar100-udstyr","7":"product_cat-ar200-udstyr","8":"product_cat-ar60-udstyr","9":"product_cat-ar80-udstyr","10":"product_cat-ergo100-udstyr","11":"product_cat-ergo140-udstyr","12":"product_cat-ergo60-udstyr","13":"product_cat-ikke-kategoriseret","14":"product_tag-tilbehoer","16":"first","17":"instock","18":"shipping-taxable","19":"product-type-simple"},"acf":[],"aioseo_notices":[],"_links":{"self":[{"href":"https:\/\/dev.varimixer.com\/da\/wp-json\/wp\/v2\/product\/41460","targetHints":{"allow":["GET"]}}],"collection":[{"href":"https:\/\/dev.varimixer.com\/da\/wp-json\/wp\/v2\/product"}],"about":[{"href":"https:\/\/dev.varimixer.com\/da\/wp-json\/wp\/v2\/types\/product"}],"version-history":[{"count":0,"href":"https:\/\/dev.varimixer.com\/da\/wp-json\/wp\/v2\/product\/41460\/revisions"}],"wp:featuredmedia":[{"embeddable":true,"href":"https:\/\/dev.varimixer.com\/da\/wp-json\/wp\/v2\/media\/31553"}],"wp:attachment":[{"href":"https:\/\/dev.varimixer.com\/da\/wp-json\/wp\/v2\/media?parent=41460"}],"wp:term":[{"taxonomy":"product_brand","embeddable":true,"href":"https:\/\/dev.varimixer.com\/da\/wp-json\/wp\/v2\/product_brand?post=41460"},{"taxonomy":"product_cat","embeddable":true,"href":"https:\/\/dev.varimixer.com\/da\/wp-json\/wp\/v2\/product_cat?post=41460"},{"taxonomy":"product_tag","embeddable":true,"href":"https:\/\/dev.varimixer.com\/da\/wp-json\/wp\/v2\/product_tag?post=41460"}],"curies":[{"name":"wp","href":"https:\/\/api.w.org\/{rel}","templated":true}]}}