{"id":47438,"date":"2024-10-11T14:19:59","date_gmt":"2024-11-04T11:41:19","guid":{"rendered":"https:\/\/dev.varimixer.com\/?post_type=product&#038;p=47438"},"modified":"2025-06-10T09:55:47","modified_gmt":"2025-06-10T07:55:47","slug":"40l-20-teflonblad-til-skraber","status":"publish","type":"product","link":"https:\/\/dev.varimixer.com\/da\/produkt\/40l-20-teflonblad-til-skraber\/","title":{"rendered":"40L\/20 Teflonblad til skraber"},"content":{"rendered":"","protected":false},"excerpt":{"rendered":"<p>Tilbeh\u00f8r til udg\u00e5ede AR40 VL-1S R\u00f8remaskiner<\/p>\n","protected":false},"featured_media":45065,"template":"","meta":{"_acf_changed":false},"product_brand":[],"product_cat":[4027,3738],"product_tag":[4043],"class_list":{"0":"post-47438","1":"product","2":"type-product","3":"status-publish","4":"has-post-thumbnail","6":"product_cat-ar40-vl1s-maskine-nr-40004400-40008429","7":"product_cat-rabatter-tilbehor","8":"product_tag-udgaaede-tilbehoer","10":"first","11":"instock","12":"shipping-taxable","13":"product-type-simple"},"acf":[],"aioseo_notices":[],"_links":{"self":[{"href":"https:\/\/dev.varimixer.com\/da\/wp-json\/wp\/v2\/product\/47438","targetHints":{"allow":["GET"]}}],"collection":[{"href":"https:\/\/dev.varimixer.com\/da\/wp-json\/wp\/v2\/product"}],"about":[{"href":"https:\/\/dev.varimixer.com\/da\/wp-json\/wp\/v2\/types\/product"}],"version-history":[{"count":0,"href":"https:\/\/dev.varimixer.com\/da\/wp-json\/wp\/v2\/product\/47438\/revisions"}],"wp:featuredmedia":[{"embeddable":true,"href":"https:\/\/dev.varimixer.com\/da\/wp-json\/wp\/v2\/media\/45065"}],"wp:attachment":[{"href":"https:\/\/dev.varimixer.com\/da\/wp-json\/wp\/v2\/media?parent=47438"}],"wp:term":[{"taxonomy":"product_brand","embeddable":true,"href":"https:\/\/dev.varimixer.com\/da\/wp-json\/wp\/v2\/product_brand?post=47438"},{"taxonomy":"product_cat","embeddable":true,"href":"https:\/\/dev.varimixer.com\/da\/wp-json\/wp\/v2\/product_cat?post=47438"},{"taxonomy":"product_tag","embeddable":true,"href":"https:\/\/dev.varimixer.com\/da\/wp-json\/wp\/v2\/product_tag?post=47438"}],"curies":[{"name":"wp","href":"https:\/\/api.w.org\/{rel}","templated":true}]}}