{"id":47517,"date":"2024-10-11T14:19:59","date_gmt":"2024-11-04T13:16:34","guid":{"rendered":"https:\/\/dev.varimixer.com\/?post_type=product&#038;p=47517"},"modified":"2025-06-10T09:55:56","modified_gmt":"2025-06-10T07:55:56","slug":"holder-for-skraber-3","status":"publish","type":"product","link":"https:\/\/dev.varimixer.com\/da\/produkt\/holder-for-skraber-3\/","title":{"rendered":"Holder for skraber"},"content":{"rendered":"","protected":false},"excerpt":{"rendered":"<p>Tilbeh\u00f8r til udg\u00e5ede AR60 VL-1 r\u00f8remaskiner, Tilbeh\u00f8r til udg\u00e5ede AR60 VL-1S r\u00f8remaskiner<\/p>\n","protected":false},"featured_media":45067,"template":"","meta":{"_acf_changed":false},"product_brand":[],"product_cat":[4018,4034,3738],"product_tag":[4043],"class_list":{"0":"post-47517","1":"product","2":"type-product","3":"status-publish","4":"has-post-thumbnail","6":"product_cat-ar60-vl1-maskine-nr-60003800-60007091","7":"product_cat-ar60-vl1s-maskine-nr-60003800-60007091","8":"product_cat-rabatter-tilbehor","9":"product_tag-udgaaede-tilbehoer","11":"first","12":"instock","13":"shipping-taxable","14":"product-type-simple"},"acf":[],"aioseo_notices":[],"_links":{"self":[{"href":"https:\/\/dev.varimixer.com\/da\/wp-json\/wp\/v2\/product\/47517","targetHints":{"allow":["GET"]}}],"collection":[{"href":"https:\/\/dev.varimixer.com\/da\/wp-json\/wp\/v2\/product"}],"about":[{"href":"https:\/\/dev.varimixer.com\/da\/wp-json\/wp\/v2\/types\/product"}],"version-history":[{"count":0,"href":"https:\/\/dev.varimixer.com\/da\/wp-json\/wp\/v2\/product\/47517\/revisions"}],"wp:featuredmedia":[{"embeddable":true,"href":"https:\/\/dev.varimixer.com\/da\/wp-json\/wp\/v2\/media\/45067"}],"wp:attachment":[{"href":"https:\/\/dev.varimixer.com\/da\/wp-json\/wp\/v2\/media?parent=47517"}],"wp:term":[{"taxonomy":"product_brand","embeddable":true,"href":"https:\/\/dev.varimixer.com\/da\/wp-json\/wp\/v2\/product_brand?post=47517"},{"taxonomy":"product_cat","embeddable":true,"href":"https:\/\/dev.varimixer.com\/da\/wp-json\/wp\/v2\/product_cat?post=47517"},{"taxonomy":"product_tag","embeddable":true,"href":"https:\/\/dev.varimixer.com\/da\/wp-json\/wp\/v2\/product_tag?post=47517"}],"curies":[{"name":"wp","href":"https:\/\/api.w.org\/{rel}","templated":true}]}}