{"id":47530,"date":"2024-10-11T14:19:50","date_gmt":"2024-11-04T13:15:09","guid":{"rendered":"https:\/\/dev.varimixer.com\/?post_type=product&#038;p=47530"},"modified":"2025-06-10T09:56:20","modified_gmt":"2025-06-10T07:56:20","slug":"30-15l-nylonblad-til-skraber","status":"publish","type":"product","link":"https:\/\/dev.varimixer.com\/da\/produkt\/30-15l-nylonblad-til-skraber\/","title":{"rendered":"30\/15L Nylonblad til skraber"},"content":{"rendered":"","protected":false},"excerpt":{"rendered":"<p>Tilbeh\u00f8r til udg\u00e5ede AR30 VL-1 r\u00f8remaskiner, Tilbeh\u00f8r til udg\u00e5ede AR30 VL-1S r\u00f8remaskiner, Tilbeh\u00f8r til udg\u00e5ede RN20 VL-2 r\u00f8remaskiner<\/p>\n","protected":false},"featured_media":45059,"template":"","meta":{"_acf_changed":false},"product_brand":[],"product_cat":[4029,4020,3738,4013],"product_tag":[4043],"class_list":{"0":"post-47530","1":"product","2":"type-product","3":"status-publish","4":"has-post-thumbnail","6":"product_cat-ar30-vl1-maskine-nr-30003700-30007629","7":"product_cat-ar30-vl1s-maskine-nr-30003700-30007629","8":"product_cat-rabatter-tilbehor","9":"product_cat-rn20-vl-2-udgaaede","10":"product_tag-udgaaede-tilbehoer","12":"first","13":"instock","14":"shipping-taxable","15":"product-type-simple"},"acf":[],"aioseo_notices":[],"_links":{"self":[{"href":"https:\/\/dev.varimixer.com\/da\/wp-json\/wp\/v2\/product\/47530","targetHints":{"allow":["GET"]}}],"collection":[{"href":"https:\/\/dev.varimixer.com\/da\/wp-json\/wp\/v2\/product"}],"about":[{"href":"https:\/\/dev.varimixer.com\/da\/wp-json\/wp\/v2\/types\/product"}],"version-history":[{"count":0,"href":"https:\/\/dev.varimixer.com\/da\/wp-json\/wp\/v2\/product\/47530\/revisions"}],"wp:featuredmedia":[{"embeddable":true,"href":"https:\/\/dev.varimixer.com\/da\/wp-json\/wp\/v2\/media\/45059"}],"wp:attachment":[{"href":"https:\/\/dev.varimixer.com\/da\/wp-json\/wp\/v2\/media?parent=47530"}],"wp:term":[{"taxonomy":"product_brand","embeddable":true,"href":"https:\/\/dev.varimixer.com\/da\/wp-json\/wp\/v2\/product_brand?post=47530"},{"taxonomy":"product_cat","embeddable":true,"href":"https:\/\/dev.varimixer.com\/da\/wp-json\/wp\/v2\/product_cat?post=47530"},{"taxonomy":"product_tag","embeddable":true,"href":"https:\/\/dev.varimixer.com\/da\/wp-json\/wp\/v2\/product_tag?post=47530"}],"curies":[{"name":"wp","href":"https:\/\/api.w.org\/{rel}","templated":true}]}}