{"id":47590,"date":"2024-10-11T14:19:45","date_gmt":"2024-10-11T12:19:45","guid":{"rendered":"https:\/\/dev.varimixer.com\/?post_type=product&#038;p=47590"},"modified":"2026-02-06T11:37:57","modified_gmt":"2026-02-06T10:37:57","slug":"30l-teflonblad-til-skraber","status":"publish","type":"product","link":"https:\/\/dev.varimixer.com\/da\/produkt\/30l-teflonblad-til-skraber\/","title":{"rendered":"30 L Skraberblad Speciel, f\u00f8devaregodkendt 200\u00b0C (PTFE)"},"content":{"rendered":"","protected":false},"excerpt":{"rendered":"<p>Tilbeh\u00f8r til udg\u00e5ede AR30 VL-1 r\u00f8remaskiner, Tilbeh\u00f8r til udg\u00e5ede AR30 VL-1S r\u00f8remaskiner<\/p>\n","protected":false},"featured_media":30953,"template":"","meta":{"_acf_changed":false},"product_brand":[],"product_cat":[3771,4029,4020,3738],"product_tag":[3744,4043],"class_list":{"0":"post-47590","1":"product","2":"type-product","3":"status-publish","4":"has-post-thumbnail","6":"product_cat-ar30-tilbehor-30-l","7":"product_cat-ar30-vl1-maskine-nr-30003700-30007629","8":"product_cat-ar30-vl1s-maskine-nr-30003700-30007629","9":"product_cat-rabatter-tilbehor","10":"product_tag-tilbehoer","11":"product_tag-udgaaede-tilbehoer","13":"first","14":"instock","15":"shipping-taxable","16":"product-type-simple"},"acf":[],"aioseo_notices":[],"_links":{"self":[{"href":"https:\/\/dev.varimixer.com\/da\/wp-json\/wp\/v2\/product\/47590","targetHints":{"allow":["GET"]}}],"collection":[{"href":"https:\/\/dev.varimixer.com\/da\/wp-json\/wp\/v2\/product"}],"about":[{"href":"https:\/\/dev.varimixer.com\/da\/wp-json\/wp\/v2\/types\/product"}],"version-history":[{"count":0,"href":"https:\/\/dev.varimixer.com\/da\/wp-json\/wp\/v2\/product\/47590\/revisions"}],"wp:featuredmedia":[{"embeddable":true,"href":"https:\/\/dev.varimixer.com\/da\/wp-json\/wp\/v2\/media\/30953"}],"wp:attachment":[{"href":"https:\/\/dev.varimixer.com\/da\/wp-json\/wp\/v2\/media?parent=47590"}],"wp:term":[{"taxonomy":"product_brand","embeddable":true,"href":"https:\/\/dev.varimixer.com\/da\/wp-json\/wp\/v2\/product_brand?post=47590"},{"taxonomy":"product_cat","embeddable":true,"href":"https:\/\/dev.varimixer.com\/da\/wp-json\/wp\/v2\/product_cat?post=47590"},{"taxonomy":"product_tag","embeddable":true,"href":"https:\/\/dev.varimixer.com\/da\/wp-json\/wp\/v2\/product_tag?post=47590"}],"curies":[{"name":"wp","href":"https:\/\/api.w.org\/{rel}","templated":true}]}}