{"id":47625,"date":"2024-10-11T14:19:28","date_gmt":"2024-11-05T08:23:44","guid":{"rendered":"https:\/\/dev.varimixer.com\/?post_type=product&#038;p=47625"},"modified":"2025-06-10T09:57:28","modified_gmt":"2025-06-10T07:57:28","slug":"kipleje-venstre-og-hoejre","status":"publish","type":"product","link":"https:\/\/dev.varimixer.com\/da\/produkt\/kipleje-venstre-og-hoejre\/","title":{"rendered":"Kipleje, venstre. og h\u00f8jre"},"content":{"rendered":"","protected":false},"excerpt":{"rendered":"<p>Tilbeh\u00f8r til udg\u00e5ede TEDDY 5 Litre r\u00f8remaskiner<\/p>\n","protected":false},"featured_media":45083,"template":"","meta":{"_acf_changed":false},"product_brand":[],"product_cat":[3738],"product_tag":[4043],"class_list":{"0":"post-47625","1":"product","2":"type-product","3":"status-publish","4":"has-post-thumbnail","6":"product_cat-rabatter-tilbehor","7":"product_tag-udgaaede-tilbehoer","9":"first","10":"instock","11":"shipping-taxable","12":"product-type-simple"},"acf":[],"aioseo_notices":[],"_links":{"self":[{"href":"https:\/\/dev.varimixer.com\/da\/wp-json\/wp\/v2\/product\/47625","targetHints":{"allow":["GET"]}}],"collection":[{"href":"https:\/\/dev.varimixer.com\/da\/wp-json\/wp\/v2\/product"}],"about":[{"href":"https:\/\/dev.varimixer.com\/da\/wp-json\/wp\/v2\/types\/product"}],"version-history":[{"count":0,"href":"https:\/\/dev.varimixer.com\/da\/wp-json\/wp\/v2\/product\/47625\/revisions"}],"wp:featuredmedia":[{"embeddable":true,"href":"https:\/\/dev.varimixer.com\/da\/wp-json\/wp\/v2\/media\/45083"}],"wp:attachment":[{"href":"https:\/\/dev.varimixer.com\/da\/wp-json\/wp\/v2\/media?parent=47625"}],"wp:term":[{"taxonomy":"product_brand","embeddable":true,"href":"https:\/\/dev.varimixer.com\/da\/wp-json\/wp\/v2\/product_brand?post=47625"},{"taxonomy":"product_cat","embeddable":true,"href":"https:\/\/dev.varimixer.com\/da\/wp-json\/wp\/v2\/product_cat?post=47625"},{"taxonomy":"product_tag","embeddable":true,"href":"https:\/\/dev.varimixer.com\/da\/wp-json\/wp\/v2\/product_tag?post=47625"}],"curies":[{"name":"wp","href":"https:\/\/api.w.org\/{rel}","templated":true}]}}