{"id":47640,"date":"2024-10-11T14:19:14","date_gmt":"2024-10-11T12:19:14","guid":{"rendered":"https:\/\/dev.varimixer.com\/?post_type=product&#038;p=47640"},"modified":"2026-04-22T10:51:51","modified_gmt":"2026-04-22T08:51:51","slug":"10l-ris-standard-rustfri","status":"publish","type":"product","link":"https:\/\/dev.varimixer.com\/da\/produkt\/10l-ris-standard-rustfri\/","title":{"rendered":"10L ris Standard rustfri"},"content":{"rendered":"<p>Udviklet til piskning og luftning af lette ingredienser som \u00e6ggehvider, fl\u00f8deskum, sm\u00f8rcreme og mayonnaise.\u2028Den tr\u00e5dformede konstruktion indarbejder luft i massen og skaber volumen samt en let og stabil struktur.<\/p>\n","protected":false},"excerpt":{"rendered":"<p>Tilbeh\u00f8r til udg\u00e5ede RN10 VL-2 r\u00f8remaskiner<\/p>\n","protected":false},"featured_media":45079,"template":"","meta":{"_acf_changed":false},"product_brand":[],"product_cat":[3738,4038],"product_tag":[4043],"class_list":{"0":"post-47640","1":"product","2":"type-product","3":"status-publish","4":"has-post-thumbnail","6":"product_cat-rabatter-tilbehor","7":"product_cat-rn10-vl-2-udgaaede","8":"product_tag-udgaaede-tilbehoer","10":"first","11":"instock","12":"shipping-taxable","13":"product-type-simple"},"acf":[],"aioseo_notices":[],"_links":{"self":[{"href":"https:\/\/dev.varimixer.com\/da\/wp-json\/wp\/v2\/product\/47640","targetHints":{"allow":["GET"]}}],"collection":[{"href":"https:\/\/dev.varimixer.com\/da\/wp-json\/wp\/v2\/product"}],"about":[{"href":"https:\/\/dev.varimixer.com\/da\/wp-json\/wp\/v2\/types\/product"}],"version-history":[{"count":1,"href":"https:\/\/dev.varimixer.com\/da\/wp-json\/wp\/v2\/product\/47640\/revisions"}],"predecessor-version":[{"id":73083,"href":"https:\/\/dev.varimixer.com\/da\/wp-json\/wp\/v2\/product\/47640\/revisions\/73083"}],"wp:featuredmedia":[{"embeddable":true,"href":"https:\/\/dev.varimixer.com\/da\/wp-json\/wp\/v2\/media\/45079"}],"wp:attachment":[{"href":"https:\/\/dev.varimixer.com\/da\/wp-json\/wp\/v2\/media?parent=47640"}],"wp:term":[{"taxonomy":"product_brand","embeddable":true,"href":"https:\/\/dev.varimixer.com\/da\/wp-json\/wp\/v2\/product_brand?post=47640"},{"taxonomy":"product_cat","embeddable":true,"href":"https:\/\/dev.varimixer.com\/da\/wp-json\/wp\/v2\/product_cat?post=47640"},{"taxonomy":"product_tag","embeddable":true,"href":"https:\/\/dev.varimixer.com\/da\/wp-json\/wp\/v2\/product_tag?post=47640"}],"curies":[{"name":"wp","href":"https:\/\/api.w.org\/{rel}","templated":true}]}}