{"id":47886,"date":"2024-10-11T14:18:29","date_gmt":"2024-11-05T14:40:47","guid":{"rendered":"https:\/\/dev.varimixer.com\/?post_type=product&#038;p=47886"},"modified":"2025-06-10T09:59:42","modified_gmt":"2025-06-10T07:59:42","slug":"20l-kedel-rustfri","status":"publish","type":"product","link":"https:\/\/dev.varimixer.com\/da\/produkt\/20l-kedel-rustfri\/","title":{"rendered":"20L kedel rustfri"},"content":{"rendered":"","protected":false},"excerpt":{"rendered":"<p>Tilbeh\u00f8r til udg\u00e5ede RN20 VL-2 r\u00f8remaskiner<\/p>\n","protected":false},"featured_media":45081,"template":"","meta":{"_acf_changed":false},"product_brand":[],"product_cat":[3738,4013],"product_tag":[4043],"class_list":{"0":"post-47886","1":"product","2":"type-product","3":"status-publish","4":"has-post-thumbnail","6":"product_cat-rabatter-tilbehor","7":"product_cat-rn20-vl-2-udgaaede","8":"product_tag-udgaaede-tilbehoer","10":"first","11":"instock","12":"shipping-taxable","13":"product-type-simple"},"acf":[],"aioseo_notices":[],"_links":{"self":[{"href":"https:\/\/dev.varimixer.com\/da\/wp-json\/wp\/v2\/product\/47886","targetHints":{"allow":["GET"]}}],"collection":[{"href":"https:\/\/dev.varimixer.com\/da\/wp-json\/wp\/v2\/product"}],"about":[{"href":"https:\/\/dev.varimixer.com\/da\/wp-json\/wp\/v2\/types\/product"}],"version-history":[{"count":0,"href":"https:\/\/dev.varimixer.com\/da\/wp-json\/wp\/v2\/product\/47886\/revisions"}],"wp:featuredmedia":[{"embeddable":true,"href":"https:\/\/dev.varimixer.com\/da\/wp-json\/wp\/v2\/media\/45081"}],"wp:attachment":[{"href":"https:\/\/dev.varimixer.com\/da\/wp-json\/wp\/v2\/media?parent=47886"}],"wp:term":[{"taxonomy":"product_brand","embeddable":true,"href":"https:\/\/dev.varimixer.com\/da\/wp-json\/wp\/v2\/product_brand?post=47886"},{"taxonomy":"product_cat","embeddable":true,"href":"https:\/\/dev.varimixer.com\/da\/wp-json\/wp\/v2\/product_cat?post=47886"},{"taxonomy":"product_tag","embeddable":true,"href":"https:\/\/dev.varimixer.com\/da\/wp-json\/wp\/v2\/product_tag?post=47886"}],"curies":[{"name":"wp","href":"https:\/\/api.w.org\/{rel}","templated":true}]}}