{"id":47901,"date":"2024-10-11T14:18:19","date_gmt":"2024-11-05T14:39:38","guid":{"rendered":"https:\/\/dev.varimixer.com\/?post_type=product&#038;p=47901"},"modified":"2025-06-10T10:00:05","modified_gmt":"2025-06-10T08:00:05","slug":"rf-skive-m10-din-125a","status":"publish","type":"product","link":"https:\/\/dev.varimixer.com\/da\/produkt\/rf-skive-m10-din-125a\/","title":{"rendered":"RF-skive M10 DIN 125A"},"content":{"rendered":"","protected":false},"excerpt":{"rendered":"<p>Tilbeh\u00f8r til udg\u00e5ede AR30 VL-1 r\u00f8remaskiner, Tilbeh\u00f8r til udg\u00e5ede AR30 VL-1S r\u00f8remaskiner, Tilbeh\u00f8r til udg\u00e5ede AR40 VL-1 r\u00f8remaskiner, Tilbeh\u00f8r til udg\u00e5ede AR40 VL-1S r\u00f8remaskiner, Tilbeh\u00f8r til udg\u00e5ede AR60 VL-1 r\u00f8remaskiner, Tilbeh\u00f8r til udg\u00e5ede AR60 VL-1S r\u00f8remaskiner<\/p>\n","protected":false},"featured_media":45059,"template":"","meta":{"_acf_changed":false},"product_brand":[],"product_cat":[4029,4020,4036,4027,4018,4034,3738],"product_tag":[4043],"class_list":{"0":"post-47901","1":"product","2":"type-product","3":"status-publish","4":"has-post-thumbnail","6":"product_cat-ar30-vl1-maskine-nr-30003700-30007629","7":"product_cat-ar30-vl1s-maskine-nr-30003700-30007629","8":"product_cat-ar40-vl1-maskine-nr-40004400-40008429","9":"product_cat-ar40-vl1s-maskine-nr-40004400-40008429","10":"product_cat-ar60-vl1-maskine-nr-60003800-60007091","11":"product_cat-ar60-vl1s-maskine-nr-60003800-60007091","12":"product_cat-rabatter-tilbehor","13":"product_tag-udgaaede-tilbehoer","15":"first","16":"instock","17":"shipping-taxable","18":"product-type-simple"},"acf":[],"aioseo_notices":[],"_links":{"self":[{"href":"https:\/\/dev.varimixer.com\/da\/wp-json\/wp\/v2\/product\/47901","targetHints":{"allow":["GET"]}}],"collection":[{"href":"https:\/\/dev.varimixer.com\/da\/wp-json\/wp\/v2\/product"}],"about":[{"href":"https:\/\/dev.varimixer.com\/da\/wp-json\/wp\/v2\/types\/product"}],"version-history":[{"count":0,"href":"https:\/\/dev.varimixer.com\/da\/wp-json\/wp\/v2\/product\/47901\/revisions"}],"wp:featuredmedia":[{"embeddable":true,"href":"https:\/\/dev.varimixer.com\/da\/wp-json\/wp\/v2\/media\/45059"}],"wp:attachment":[{"href":"https:\/\/dev.varimixer.com\/da\/wp-json\/wp\/v2\/media?parent=47901"}],"wp:term":[{"taxonomy":"product_brand","embeddable":true,"href":"https:\/\/dev.varimixer.com\/da\/wp-json\/wp\/v2\/product_brand?post=47901"},{"taxonomy":"product_cat","embeddable":true,"href":"https:\/\/dev.varimixer.com\/da\/wp-json\/wp\/v2\/product_cat?post=47901"},{"taxonomy":"product_tag","embeddable":true,"href":"https:\/\/dev.varimixer.com\/da\/wp-json\/wp\/v2\/product_tag?post=47901"}],"curies":[{"name":"wp","href":"https:\/\/api.w.org\/{rel}","templated":true}]}}