{"id":55946,"date":"2025-04-22T13:56:55","date_gmt":"2025-04-22T11:57:02","guid":{"rendered":"https:\/\/dev.varimixer.com\/?post_type=product&#038;p=55946"},"modified":"2025-06-06T12:18:44","modified_gmt":"2025-06-06T10:18:44","slug":"maxilift-inox-100-m-rustfrit-stal-hojde-195-m-loftevogn-ombytningsbatterier","status":"publish","type":"product","link":"https:\/\/dev.varimixer.com\/da\/produkt\/maxilift-inox-100-m-rustfrit-stal-hojde-195-m-loftevogn-ombytningsbatterier\/","title":{"rendered":"Maxilift Inox 100 M, rustfrit st\u00e5l, h\u00f8jde 1,95 m &#8211; L\u00f8ftevogn &#8211; Ombytningsbatterier"},"content":{"rendered":"\t\t<div data-elementor-type=\"product-post\" data-elementor-id=\"55946\" class=\"elementor elementor-55946 elementor-55945\" data-elementor-post-type=\"product\">\n\t\t\t\t\t\t<section class=\"elementor-section elementor-top-section elementor-element elementor-element-8dfa28f elementor-section-boxed elementor-section-height-default elementor-section-height-default\" data-id=\"8dfa28f\" data-element_type=\"section\" data-e-type=\"section\" data-settings=\"{&quot;background_background&quot;:&quot;classic&quot;}\">\n\t\t\t\t\t\t<div class=\"elementor-container elementor-column-gap-default\">\n\t\t\t\t\t<div class=\"elementor-column elementor-col-100 elementor-top-column elementor-element elementor-element-bfde863\" data-id=\"bfde863\" data-element_type=\"column\" data-e-type=\"column\">\n\t\t\t<div class=\"elementor-widget-wrap elementor-element-populated\">\n\t\t\t\t\t\t<div class=\"elementor-element elementor-element-aa841fc elementor-widget elementor-widget-video\" data-id=\"aa841fc\" data-element_type=\"widget\" data-e-type=\"widget\" data-settings=\"{&quot;video_type&quot;:&quot;hosted&quot;,&quot;loop&quot;:&quot;yes&quot;,&quot;show_image_overlay&quot;:&quot;yes&quot;,&quot;image_overlay&quot;:{&quot;url&quot;:&quot;https:\\\/\\\/dev.varimixer.com\\\/wp-content\\\/uploads\\\/2022\\\/08\\\/video_thumbnail_maxilift_inox.jpg&quot;,&quot;id&quot;:18221,&quot;size&quot;:&quot;&quot;,&quot;alt&quot;:&quot;&quot;,&quot;source&quot;:&quot;library&quot;},&quot;controls&quot;:&quot;yes&quot;}\" data-widget_type=\"video.default\">\n\t\t\t\t<div class=\"elementor-widget-container\">\n\t\t\t\t\t\t\t<div class=\"e-hosted-video elementor-wrapper elementor-open-inline\">\n\t\t\t\t\t<video class=\"elementor-video\" src=\"https:\/\/dev.varimixer.com\/wp-content\/uploads\/2022\/08\/Varimixer_Hovmand_MAXILIFT_INOX.mp4\" loop=\"\" controls=\"\" preload=\"metadata\" controlsList=\"nodownload\" poster=\"https:\/\/dev.varimixer.com\/wp-content\/uploads\/2022\/08\/video_thumbnail_maxilift_inox.jpg\"><\/video>\n\t\t\t\t\t\t<div class=\"elementor-custom-embed-image-overlay\" style=\"background-image: url();\">\n\t\t\t\t\t\t\t\t\t\t\t\t\t\t\t\t<div class=\"elementor-custom-embed-play\" role=\"button\" aria-label=\"Afspil video\" tabindex=\"0\">\n\t\t\t\t\t\t\t<svg aria-hidden=\"true\" class=\"e-font-icon-svg e-eicon-play\" viewBox=\"0 0 1000 1000\" xmlns=\"http:\/\/www.w3.org\/2000\/svg\"><path d=\"M838 162C746 71 633 25 500 25 371 25 258 71 163 162 71 254 25 367 25 500 25 633 71 746 163 837 254 929 367 979 500 979 633 979 746 933 838 837 929 746 975 633 975 500 975 367 929 254 838 162M808 192C892 279 933 379 933 500 933 621 892 725 808 808 725 892 621 938 500 938 379 938 279 896 196 808 113 725 67 621 67 500 67 379 108 279 196 192 279 108 383 62 500 62 621 62 721 108 808 192M438 392V642L642 517 438 392Z\"><\/path><\/svg>\t\t\t\t\t\t<\/div>\n\t\t\t\t\t\t\t\t\t<\/div>\n\t\t\t\t\t<\/div>\n\t\t\t\t\t\t<\/div>\n\t\t\t\t<\/div>\n\t\t\t\t\t<\/div>\n\t\t<\/div>\n\t\t\t\t\t<\/div>\n\t\t<\/section>\n\t\t\t\t<\/div>\n\t\t","protected":false},"excerpt":{"rendered":"<p>Ombytningsbatterier. To stk. 18AH batteripakker og en ladestation.<\/p>\n<p>At k\u00f8be en l\u00f8ftevogn er en investering. Besv\u00e6rlige og tunge l\u00f8ft kan resultere i muskelskader, \u00f8get sygefrav\u00e6r og ineffektive arbejdsgange. Med denne l\u00f8ftevogn undg\u00e5r du disse problemer. Ideel l\u00f8sning til l\u00f8ft af kedler. Let at k\u00f8re rundt. Passende arbejdsh\u00f8jde til at fylde kedlen. L\u00f8fter og s\u00e6nker kedlerne elektrisk med en enkelt trykknap.<\/p>\n","protected":false},"featured_media":31400,"template":"","meta":{"_acf_changed":false},"product_brand":[],"product_cat":[3811,3880,3818,3798],"product_tag":[3744],"class_list":{"0":"post-55946","1":"product","2":"type-product","3":"status-publish","4":"has-post-thumbnail","6":"product_cat-ar100-udstyr","7":"product_cat-ergo100-udstyr","8":"product_cat-maxilift-inox-loeftevogn-da","9":"product_cat-rabatter-pa-lifte","10":"product_tag-tilbehoer","12":"first","13":"instock","14":"shipping-taxable","15":"product-type-simple"},"acf":[],"aioseo_notices":[],"_links":{"self":[{"href":"https:\/\/dev.varimixer.com\/da\/wp-json\/wp\/v2\/product\/55946","targetHints":{"allow":["GET"]}}],"collection":[{"href":"https:\/\/dev.varimixer.com\/da\/wp-json\/wp\/v2\/product"}],"about":[{"href":"https:\/\/dev.varimixer.com\/da\/wp-json\/wp\/v2\/types\/product"}],"version-history":[{"count":0,"href":"https:\/\/dev.varimixer.com\/da\/wp-json\/wp\/v2\/product\/55946\/revisions"}],"wp:featuredmedia":[{"embeddable":true,"href":"https:\/\/dev.varimixer.com\/da\/wp-json\/wp\/v2\/media\/31400"}],"wp:attachment":[{"href":"https:\/\/dev.varimixer.com\/da\/wp-json\/wp\/v2\/media?parent=55946"}],"wp:term":[{"taxonomy":"product_brand","embeddable":true,"href":"https:\/\/dev.varimixer.com\/da\/wp-json\/wp\/v2\/product_brand?post=55946"},{"taxonomy":"product_cat","embeddable":true,"href":"https:\/\/dev.varimixer.com\/da\/wp-json\/wp\/v2\/product_cat?post=55946"},{"taxonomy":"product_tag","embeddable":true,"href":"https:\/\/dev.varimixer.com\/da\/wp-json\/wp\/v2\/product_tag?post=55946"}],"curies":[{"name":"wp","href":"https:\/\/api.w.org\/{rel}","templated":true}]}}