{"id":55987,"date":"2025-04-23T13:33:27","date_gmt":"2025-04-23T11:33:27","guid":{"rendered":"https:\/\/dev.varimixer.com\/product\/cookie-press-for-meat-mincer-o16\/"},"modified":"2025-06-10T10:00:15","modified_gmt":"2025-06-10T08:00:15","slug":"kagesproejte-til-koedhakker-oe16","status":"publish","type":"product","link":"https:\/\/dev.varimixer.com\/da\/produkt\/kagesproejte-til-koedhakker-oe16\/","title":{"rendered":"Kagespr\u00f8jte til k\u00f8dhakker (\u00d816)"},"content":{"rendered":"","protected":false},"excerpt":{"rendered":"","protected":false},"featured_media":31439,"template":"","meta":{"_acf_changed":false},"product_brand":[],"product_cat":[3796,3788,3790,3791,3783,3793,3794,3738],"product_tag":[3744],"class_list":{"0":"post-55987","1":"product","2":"type-product","3":"status-publish","4":"has-post-thumbnail","6":"product_cat-82-mm-kodhakkere","7":"product_cat-ar30-udstyr","8":"product_cat-ar40-udstyr","9":"product_cat-ar60-udstyr","10":"product_cat-kodiak10-udstyr","11":"product_cat-kodiak20-udstyr","12":"product_cat-kodiak30-udstyr","13":"product_cat-rabatter-tilbehor","14":"product_tag-tilbehoer","16":"first","17":"instock","18":"shipping-taxable","19":"product-type-simple"},"acf":[],"aioseo_notices":[],"_links":{"self":[{"href":"https:\/\/dev.varimixer.com\/da\/wp-json\/wp\/v2\/product\/55987","targetHints":{"allow":["GET"]}}],"collection":[{"href":"https:\/\/dev.varimixer.com\/da\/wp-json\/wp\/v2\/product"}],"about":[{"href":"https:\/\/dev.varimixer.com\/da\/wp-json\/wp\/v2\/types\/product"}],"version-history":[{"count":0,"href":"https:\/\/dev.varimixer.com\/da\/wp-json\/wp\/v2\/product\/55987\/revisions"}],"wp:featuredmedia":[{"embeddable":true,"href":"https:\/\/dev.varimixer.com\/da\/wp-json\/wp\/v2\/media\/31439"}],"wp:attachment":[{"href":"https:\/\/dev.varimixer.com\/da\/wp-json\/wp\/v2\/media?parent=55987"}],"wp:term":[{"taxonomy":"product_brand","embeddable":true,"href":"https:\/\/dev.varimixer.com\/da\/wp-json\/wp\/v2\/product_brand?post=55987"},{"taxonomy":"product_cat","embeddable":true,"href":"https:\/\/dev.varimixer.com\/da\/wp-json\/wp\/v2\/product_cat?post=55987"},{"taxonomy":"product_tag","embeddable":true,"href":"https:\/\/dev.varimixer.com\/da\/wp-json\/wp\/v2\/product_tag?post=55987"}],"curies":[{"name":"wp","href":"https:\/\/api.w.org\/{rel}","templated":true}]}}