{"id":70564,"date":"2026-02-06T14:07:29","date_gmt":"2026-02-06T13:07:29","guid":{"rendered":"https:\/\/dev.varimixer.com\/?post_type=product&#038;p=70564"},"modified":"2026-04-22T10:52:55","modified_gmt":"2026-04-22T08:52:55","slug":"100-40-l-roereris-nr-14-rustfrit-staal","status":"publish","type":"product","link":"https:\/\/dev.varimixer.com\/da\/produkt\/100-40-l-roereris-nr-14-rustfrit-staal\/","title":{"rendered":"100\/40 L R\u00f8reris nr. 14, rustfrit st\u00e5l"},"content":{"rendered":"<p>Udviklet til piskning og luftning af lette ingredienser som \u00e6ggehvider, fl\u00f8deskum, sm\u00f8rcreme og mayonnaise.\u2028Den tr\u00e5dformede konstruktion indarbejder luft i massen og skaber volumen samt en let og stabil struktur.<\/p>\n","protected":false},"excerpt":{"rendered":"<p>Udviklet til piskning og luftning af lette ingredienser som \u00e6ggehvider, fl\u00f8deskum, sm\u00f8rcreme og mayonnaise.\u2028Den tr\u00e5dformede konstruktion indarbejder luft i massen og skaber volumen samt en let og stabil struktur.<\/p>\n","protected":false},"featured_media":18400,"template":"","meta":{"_acf_changed":false},"product_brand":[],"product_cat":[3806,3738],"product_tag":[3744],"class_list":{"0":"post-70564","1":"product","2":"type-product","3":"status-publish","4":"has-post-thumbnail","6":"product_cat-ergo100-tilbehor-40-l","7":"product_cat-rabatter-tilbehor","8":"product_tag-tilbehoer","10":"first","11":"instock","12":"shipping-taxable","13":"product-type-simple"},"acf":[],"aioseo_notices":[],"_links":{"self":[{"href":"https:\/\/dev.varimixer.com\/da\/wp-json\/wp\/v2\/product\/70564","targetHints":{"allow":["GET"]}}],"collection":[{"href":"https:\/\/dev.varimixer.com\/da\/wp-json\/wp\/v2\/product"}],"about":[{"href":"https:\/\/dev.varimixer.com\/da\/wp-json\/wp\/v2\/types\/product"}],"version-history":[{"count":1,"href":"https:\/\/dev.varimixer.com\/da\/wp-json\/wp\/v2\/product\/70564\/revisions"}],"predecessor-version":[{"id":73103,"href":"https:\/\/dev.varimixer.com\/da\/wp-json\/wp\/v2\/product\/70564\/revisions\/73103"}],"wp:featuredmedia":[{"embeddable":true,"href":"https:\/\/dev.varimixer.com\/da\/wp-json\/wp\/v2\/media\/18400"}],"wp:attachment":[{"href":"https:\/\/dev.varimixer.com\/da\/wp-json\/wp\/v2\/media?parent=70564"}],"wp:term":[{"taxonomy":"product_brand","embeddable":true,"href":"https:\/\/dev.varimixer.com\/da\/wp-json\/wp\/v2\/product_brand?post=70564"},{"taxonomy":"product_cat","embeddable":true,"href":"https:\/\/dev.varimixer.com\/da\/wp-json\/wp\/v2\/product_cat?post=70564"},{"taxonomy":"product_tag","embeddable":true,"href":"https:\/\/dev.varimixer.com\/da\/wp-json\/wp\/v2\/product_tag?post=70564"}],"curies":[{"name":"wp","href":"https:\/\/api.w.org\/{rel}","templated":true}]}}