{"id":76199,"date":"2026-05-06T11:54:02","date_gmt":"2026-05-06T09:54:02","guid":{"rendered":"https:\/\/dev.varimixer.com\/?post_type=product&#038;p=76199"},"modified":"2026-05-11T16:55:10","modified_gmt":"2026-05-11T14:55:10","slug":"cr20-30-roerehovedskaerm-oeverst","status":"publish","type":"product","link":"https:\/\/dev.varimixer.com\/da\/produkt\/cr20-30-roerehovedskaerm-oeverst\/","title":{"rendered":"CR20\/30 R\u00f8rehovedsk\u00e6rm \u00f8verst"},"content":{"rendered":"","protected":false},"excerpt":{"rendered":"","protected":false},"featured_media":73245,"template":"","meta":{"_acf_changed":false},"product_brand":[],"product_cat":[4688,3490],"product_tag":[3501],"class_list":{"0":"post-76199","1":"product","2":"type-product","3":"status-publish","4":"has-post-thumbnail","6":"product_cat-kodiak20-roerehoved","7":"product_cat-rabatter-pa-reservedele-da","8":"product_tag-reservedele","10":"first","11":"instock","12":"shipping-taxable","13":"product-type-simple"},"acf":[],"aioseo_notices":[],"_links":{"self":[{"href":"https:\/\/dev.varimixer.com\/da\/wp-json\/wp\/v2\/product\/76199","targetHints":{"allow":["GET"]}}],"collection":[{"href":"https:\/\/dev.varimixer.com\/da\/wp-json\/wp\/v2\/product"}],"about":[{"href":"https:\/\/dev.varimixer.com\/da\/wp-json\/wp\/v2\/types\/product"}],"version-history":[{"count":1,"href":"https:\/\/dev.varimixer.com\/da\/wp-json\/wp\/v2\/product\/76199\/revisions"}],"predecessor-version":[{"id":76203,"href":"https:\/\/dev.varimixer.com\/da\/wp-json\/wp\/v2\/product\/76199\/revisions\/76203"}],"wp:featuredmedia":[{"embeddable":true,"href":"https:\/\/dev.varimixer.com\/da\/wp-json\/wp\/v2\/media\/73245"}],"wp:attachment":[{"href":"https:\/\/dev.varimixer.com\/da\/wp-json\/wp\/v2\/media?parent=76199"}],"wp:term":[{"taxonomy":"product_brand","embeddable":true,"href":"https:\/\/dev.varimixer.com\/da\/wp-json\/wp\/v2\/product_brand?post=76199"},{"taxonomy":"product_cat","embeddable":true,"href":"https:\/\/dev.varimixer.com\/da\/wp-json\/wp\/v2\/product_cat?post=76199"},{"taxonomy":"product_tag","embeddable":true,"href":"https:\/\/dev.varimixer.com\/da\/wp-json\/wp\/v2\/product_tag?post=76199"}],"curies":[{"name":"wp","href":"https:\/\/api.w.org\/{rel}","templated":true}]}}